{"id":9796,"date":"2019-03-25T19:46:50","date_gmt":"2019-03-25T17:46:50","guid":{"rendered":"https:\/\/www.iwsgroup.ee\/allalaadimised\/"},"modified":"2025-08-08T14:42:34","modified_gmt":"2025-08-08T11:42:34","slug":"lejupielades","status":"publish","type":"page","link":"https:\/\/www.iwsgroup.ee\/lv\/lejupielades\/","title":{"rendered":"Lejupiel\u0101des"},"content":{"rendered":"<h2 class=\"title text-uppercase\">DOKUMENT\u0100CIJA<\/h2>\n<p style=\"text-align: center;\">Projekt\u0113\u0161an\u0101 izmantojam licenc\u0113tus programmat\u016bras. Darba ras\u0113jumu izveidei lietojam pasaul\u0113 visvair\u0101k izmantoto CAD-sist\u0113mu \u2013\u00a0<strong>SolidWorks 3D CAD<\/strong>. Iztur\u012bbas apr\u0113\u0137inu veik\u0161anai izmantojam <strong>SolidWorks Simulation<\/strong>\u00a0programmu. S\u016bk\u0146u staciju vad\u012bbas autom\u0101tikas sh\u0113mu veido\u0161anai izmantojam <strong>AutoCAD Electrical<\/strong>\u00a0programmu.<\/p>\n","protected":false},"excerpt":{"rendered":"<p>DOKUMENT\u0100CIJA Projekt\u0113\u0161an\u0101 izmantojam licenc\u0113tus programmat\u016bras. Darba ras\u0113jumu izveidei lietojam pasaul\u0113 visvair\u0101k izmantoto CAD-sist\u0113mu \u2013\u00a0SolidWorks 3D CAD. Iztur\u012bbas apr\u0113\u0137inu veik\u0161anai izmantojam SolidWorks Simulation\u00a0programmu. S\u016bk\u0146u staciju vad\u012bbas autom\u0101tikas sh\u0113mu veido\u0161anai izmantojam AutoCAD Electrical\u00a0programmu.<\/p>\n","protected":false},"author":3,"featured_media":0,"parent":0,"menu_order":0,"comment_status":"closed","ping_status":"closed","template":"template-downloads.php","meta":{"_acf_changed":false,"footnotes":"","_links_to":"","_links_to_target":""},"tags":[802,803,804,1366,805,1365,651,680,1344,1355,1356,806,807,808,809,1354,810,1350,1352,1353,811,812,1347,1348,813,814,815,1349,660,1351,1364,1345,1346,816],"acf":[],"yoast_head":"<!-- This site is optimized with the Yoast SEO plugin v22.8 - https:\/\/yoast.com\/wordpress\/plugins\/seo\/ -->\n<title>Lejupiel\u0101des &#8211; S\u016bk\u0146u stacijas, tvertnes, septi\u0137is, akas, caurules<\/title>\n<meta name=\"robots\" content=\"index, follow, max-snippet:-1, max-image-preview:large, max-video-preview:-1\" \/>\n<link rel=\"canonical\" href=\"https:\/\/www.iwsgroup.ee\/lv\/lejupielades\/\" \/>\n<meta property=\"og:locale\" content=\"lv_LV\" \/>\n<meta property=\"og:type\" content=\"article\" \/>\n<meta property=\"og:title\" content=\"Lejupiel\u0101des &#8211; S\u016bk\u0146u stacijas, tvertnes, septi\u0137is, akas, caurules\" \/>\n<meta property=\"og:description\" content=\"DOKUMENT\u0100CIJA Projekt\u0113\u0161an\u0101 izmantojam licenc\u0113tus programmat\u016bras. Darba ras\u0113jumu izveidei lietojam pasaul\u0113 visvair\u0101k izmantoto CAD-sist\u0113mu \u2013\u00a0SolidWorks 3D CAD. Iztur\u012bbas apr\u0113\u0137inu veik\u0161anai izmantojam SolidWorks Simulation\u00a0programmu. S\u016bk\u0146u staciju vad\u012bbas autom\u0101tikas sh\u0113mu veido\u0161anai izmantojam AutoCAD Electrical\u00a0programmu.\" \/>\n<meta property=\"og:url\" content=\"https:\/\/www.iwsgroup.ee\/lv\/lejupielades\/\" \/>\n<meta property=\"og:site_name\" content=\"S\u016bk\u0146u stacijas, tvertnes, septi\u0137is, akas, caurules\" \/>\n<meta property=\"article:modified_time\" content=\"2025-08-08T11:42:34+00:00\" \/>\n<meta name=\"twitter:card\" content=\"summary_large_image\" \/>\n<meta name=\"twitter:label1\" content=\"Est. reading time\" \/>\n\t<meta name=\"twitter:data1\" content=\"1 minute\" \/>\n<script type=\"application\/ld+json\" class=\"yoast-schema-graph\">{\"@context\":\"https:\/\/schema.org\",\"@graph\":[{\"@type\":\"WebPage\",\"@id\":\"https:\/\/www.iwsgroup.ee\/lv\/lejupielades\/\",\"url\":\"https:\/\/www.iwsgroup.ee\/lv\/lejupielades\/\",\"name\":\"Lejupiel\u0101des &#8211; S\u016bk\u0146u stacijas, tvertnes, septi\u0137is, akas, caurules\",\"isPartOf\":{\"@id\":\"https:\/\/www.iwsgroup.ee\/#website\"},\"datePublished\":\"2019-03-25T17:46:50+00:00\",\"dateModified\":\"2025-08-08T11:42:34+00:00\",\"breadcrumb\":{\"@id\":\"https:\/\/www.iwsgroup.ee\/lv\/lejupielades\/#breadcrumb\"},\"inLanguage\":\"lv-LV\",\"potentialAction\":[{\"@type\":\"ReadAction\",\"target\":[\"https:\/\/www.iwsgroup.ee\/lv\/lejupielades\/\"]}]},{\"@type\":\"BreadcrumbList\",\"@id\":\"https:\/\/www.iwsgroup.ee\/lv\/lejupielades\/#breadcrumb\",\"itemListElement\":[{\"@type\":\"ListItem\",\"position\":1,\"name\":\"Home\",\"item\":\"https:\/\/www.iwsgroup.ee\/lv\/\"},{\"@type\":\"ListItem\",\"position\":2,\"name\":\"Lejupiel\u0101des\"}]},{\"@type\":\"WebSite\",\"@id\":\"https:\/\/www.iwsgroup.ee\/#website\",\"url\":\"https:\/\/www.iwsgroup.ee\/\",\"name\":\"S\u016bk\u0146u stacijas, tvertnes, septi\u0137is, akas, caurules\",\"description\":\"Innovative Water Systems\",\"publisher\":{\"@id\":\"https:\/\/www.iwsgroup.ee\/#organization\"},\"potentialAction\":[{\"@type\":\"SearchAction\",\"target\":{\"@type\":\"EntryPoint\",\"urlTemplate\":\"https:\/\/www.iwsgroup.ee\/?s={search_term_string}\"},\"query-input\":\"required name=search_term_string\"}],\"inLanguage\":\"lv-LV\"},{\"@type\":\"Organization\",\"@id\":\"https:\/\/www.iwsgroup.ee\/#organization\",\"name\":\"Innovative Water Systems\",\"url\":\"https:\/\/www.iwsgroup.ee\/\",\"logo\":{\"@type\":\"ImageObject\",\"inLanguage\":\"lv-LV\",\"@id\":\"https:\/\/www.iwsgroup.ee\/#\/schema\/logo\/image\/\",\"url\":\"https:\/\/www.iwsgroup.ee\/wp-content\/uploads\/2019\/03\/Innovative-Water-Systems.png\",\"contentUrl\":\"https:\/\/www.iwsgroup.ee\/wp-content\/uploads\/2019\/03\/Innovative-Water-Systems.png\",\"width\":1200,\"height\":628,\"caption\":\"Innovative Water Systems\"},\"image\":{\"@id\":\"https:\/\/www.iwsgroup.ee\/#\/schema\/logo\/image\/\"}}]}<\/script>\n<!-- \/ Yoast SEO plugin. -->","yoast_head_json":{"title":"Lejupiel\u0101des &#8211; S\u016bk\u0146u stacijas, tvertnes, septi\u0137is, akas, caurules","robots":{"index":"index","follow":"follow","max-snippet":"max-snippet:-1","max-image-preview":"max-image-preview:large","max-video-preview":"max-video-preview:-1"},"canonical":"https:\/\/www.iwsgroup.ee\/lv\/lejupielades\/","og_locale":"lv_LV","og_type":"article","og_title":"Lejupiel\u0101des &#8211; S\u016bk\u0146u stacijas, tvertnes, septi\u0137is, akas, caurules","og_description":"DOKUMENT\u0100CIJA Projekt\u0113\u0161an\u0101 izmantojam licenc\u0113tus programmat\u016bras. Darba ras\u0113jumu izveidei lietojam pasaul\u0113 visvair\u0101k izmantoto CAD-sist\u0113mu \u2013\u00a0SolidWorks 3D CAD. Iztur\u012bbas apr\u0113\u0137inu veik\u0161anai izmantojam SolidWorks Simulation\u00a0programmu. S\u016bk\u0146u staciju vad\u012bbas autom\u0101tikas sh\u0113mu veido\u0161anai izmantojam AutoCAD Electrical\u00a0programmu.","og_url":"https:\/\/www.iwsgroup.ee\/lv\/lejupielades\/","og_site_name":"S\u016bk\u0146u stacijas, tvertnes, septi\u0137is, akas, caurules","article_modified_time":"2025-08-08T11:42:34+00:00","twitter_card":"summary_large_image","twitter_misc":{"Est. reading time":"1 minute"},"schema":{"@context":"https:\/\/schema.org","@graph":[{"@type":"WebPage","@id":"https:\/\/www.iwsgroup.ee\/lv\/lejupielades\/","url":"https:\/\/www.iwsgroup.ee\/lv\/lejupielades\/","name":"Lejupiel\u0101des &#8211; S\u016bk\u0146u stacijas, tvertnes, septi\u0137is, akas, caurules","isPartOf":{"@id":"https:\/\/www.iwsgroup.ee\/#website"},"datePublished":"2019-03-25T17:46:50+00:00","dateModified":"2025-08-08T11:42:34+00:00","breadcrumb":{"@id":"https:\/\/www.iwsgroup.ee\/lv\/lejupielades\/#breadcrumb"},"inLanguage":"lv-LV","potentialAction":[{"@type":"ReadAction","target":["https:\/\/www.iwsgroup.ee\/lv\/lejupielades\/"]}]},{"@type":"BreadcrumbList","@id":"https:\/\/www.iwsgroup.ee\/lv\/lejupielades\/#breadcrumb","itemListElement":[{"@type":"ListItem","position":1,"name":"Home","item":"https:\/\/www.iwsgroup.ee\/lv\/"},{"@type":"ListItem","position":2,"name":"Lejupiel\u0101des"}]},{"@type":"WebSite","@id":"https:\/\/www.iwsgroup.ee\/#website","url":"https:\/\/www.iwsgroup.ee\/","name":"S\u016bk\u0146u stacijas, tvertnes, septi\u0137is, akas, caurules","description":"Innovative Water Systems","publisher":{"@id":"https:\/\/www.iwsgroup.ee\/#organization"},"potentialAction":[{"@type":"SearchAction","target":{"@type":"EntryPoint","urlTemplate":"https:\/\/www.iwsgroup.ee\/?s={search_term_string}"},"query-input":"required name=search_term_string"}],"inLanguage":"lv-LV"},{"@type":"Organization","@id":"https:\/\/www.iwsgroup.ee\/#organization","name":"Innovative Water Systems","url":"https:\/\/www.iwsgroup.ee\/","logo":{"@type":"ImageObject","inLanguage":"lv-LV","@id":"https:\/\/www.iwsgroup.ee\/#\/schema\/logo\/image\/","url":"https:\/\/www.iwsgroup.ee\/wp-content\/uploads\/2019\/03\/Innovative-Water-Systems.png","contentUrl":"https:\/\/www.iwsgroup.ee\/wp-content\/uploads\/2019\/03\/Innovative-Water-Systems.png","width":1200,"height":628,"caption":"Innovative Water Systems"},"image":{"@id":"https:\/\/www.iwsgroup.ee\/#\/schema\/logo\/image\/"}}]}},"_links":{"self":[{"href":"https:\/\/www.iwsgroup.ee\/lv\/wp-json\/wp\/v2\/pages\/9796"}],"collection":[{"href":"https:\/\/www.iwsgroup.ee\/lv\/wp-json\/wp\/v2\/pages"}],"about":[{"href":"https:\/\/www.iwsgroup.ee\/lv\/wp-json\/wp\/v2\/types\/page"}],"author":[{"embeddable":true,"href":"https:\/\/www.iwsgroup.ee\/lv\/wp-json\/wp\/v2\/users\/3"}],"replies":[{"embeddable":true,"href":"https:\/\/www.iwsgroup.ee\/lv\/wp-json\/wp\/v2\/comments?post=9796"}],"version-history":[{"count":48,"href":"https:\/\/www.iwsgroup.ee\/lv\/wp-json\/wp\/v2\/pages\/9796\/revisions"}],"predecessor-version":[{"id":24787,"href":"https:\/\/www.iwsgroup.ee\/lv\/wp-json\/wp\/v2\/pages\/9796\/revisions\/24787"}],"wp:attachment":[{"href":"https:\/\/www.iwsgroup.ee\/lv\/wp-json\/wp\/v2\/media?parent=9796"}],"wp:term":[{"taxonomy":"post_tag","embeddable":true,"href":"https:\/\/www.iwsgroup.ee\/lv\/wp-json\/wp\/v2\/tags?post=9796"}],"curies":[{"name":"wp","href":"https:\/\/api.w.org\/{rel}","templated":true}]}}