{"id":9786,"date":"2019-03-25T19:47:26","date_gmt":"2019-03-25T17:47:26","guid":{"rendered":"https:\/\/www.iwsgroup.ee\/kontakt\/"},"modified":"2026-02-03T18:13:32","modified_gmt":"2026-02-03T16:13:32","slug":"kontakti","status":"publish","type":"page","link":"https:\/\/www.iwsgroup.ee\/lv\/kontakti\/","title":{"rendered":"Kontakti"},"content":{"rendered":"<p>Aruk\u00fcla iela 65<br \/>\nJ\u00fcri ciems 75301<br \/>\nRae novads, Harjumaa, Igaunija<\/p>\n","protected":false},"excerpt":{"rendered":"<p>Aruk\u00fcla iela 65 J\u00fcri ciems 75301 Rae novads, Harjumaa, Igaunija<\/p>\n","protected":false},"author":1,"featured_media":0,"parent":0,"menu_order":0,"comment_status":"closed","ping_status":"closed","template":"template-contact.php","meta":{"_acf_changed":false,"footnotes":"","_links_to":"","_links_to_target":""},"tags":[732,1361,1360,651,680,1344,1355,1356,733,734,735,736,1354,737,1350,653,654,1352,1353,1357,1358,738,1347,739,740,1348,658,723,659,741,1362,1349,660,1351,1359,1345,662,1363,1346],"acf":[],"yoast_head":"<!-- This site is optimized with the Yoast SEO plugin v22.8 - https:\/\/yoast.com\/wordpress\/plugins\/seo\/ -->\n<title>Kontakti &#8211; S\u016bk\u0146u stacijas, tvertnes, septi\u0137is, akas, caurules<\/title>\n<meta name=\"robots\" content=\"index, follow, max-snippet:-1, max-image-preview:large, max-video-preview:-1\" \/>\n<link rel=\"canonical\" href=\"https:\/\/www.iwsgroup.ee\/lv\/kontakti\/\" \/>\n<meta property=\"og:locale\" content=\"lv_LV\" \/>\n<meta property=\"og:type\" content=\"article\" \/>\n<meta property=\"og:title\" content=\"Kontakti &#8211; S\u016bk\u0146u stacijas, tvertnes, septi\u0137is, akas, caurules\" \/>\n<meta property=\"og:description\" content=\"Aruk\u00fcla iela 65 J\u00fcri ciems 75301 Rae novads, Harjumaa, Igaunija\" \/>\n<meta property=\"og:url\" content=\"https:\/\/www.iwsgroup.ee\/lv\/kontakti\/\" \/>\n<meta property=\"og:site_name\" content=\"S\u016bk\u0146u stacijas, tvertnes, septi\u0137is, akas, caurules\" \/>\n<meta property=\"article:modified_time\" content=\"2026-02-03T16:13:32+00:00\" \/>\n<meta name=\"twitter:card\" content=\"summary_large_image\" \/>\n<meta name=\"twitter:label1\" content=\"Est. reading time\" \/>\n\t<meta name=\"twitter:data1\" content=\"1 minute\" \/>\n<script type=\"application\/ld+json\" class=\"yoast-schema-graph\">{\"@context\":\"https:\/\/schema.org\",\"@graph\":[{\"@type\":\"WebPage\",\"@id\":\"https:\/\/www.iwsgroup.ee\/lv\/kontakti\/\",\"url\":\"https:\/\/www.iwsgroup.ee\/lv\/kontakti\/\",\"name\":\"Kontakti &#8211; S\u016bk\u0146u stacijas, tvertnes, septi\u0137is, akas, caurules\",\"isPartOf\":{\"@id\":\"https:\/\/www.iwsgroup.ee\/#website\"},\"datePublished\":\"2019-03-25T17:47:26+00:00\",\"dateModified\":\"2026-02-03T16:13:32+00:00\",\"breadcrumb\":{\"@id\":\"https:\/\/www.iwsgroup.ee\/lv\/kontakti\/#breadcrumb\"},\"inLanguage\":\"lv-LV\",\"potentialAction\":[{\"@type\":\"ReadAction\",\"target\":[\"https:\/\/www.iwsgroup.ee\/lv\/kontakti\/\"]}]},{\"@type\":\"BreadcrumbList\",\"@id\":\"https:\/\/www.iwsgroup.ee\/lv\/kontakti\/#breadcrumb\",\"itemListElement\":[{\"@type\":\"ListItem\",\"position\":1,\"name\":\"Home\",\"item\":\"https:\/\/www.iwsgroup.ee\/lv\/\"},{\"@type\":\"ListItem\",\"position\":2,\"name\":\"Kontakti\"}]},{\"@type\":\"WebSite\",\"@id\":\"https:\/\/www.iwsgroup.ee\/#website\",\"url\":\"https:\/\/www.iwsgroup.ee\/\",\"name\":\"S\u016bk\u0146u stacijas, tvertnes, septi\u0137is, akas, caurules\",\"description\":\"Innovative Water Systems\",\"publisher\":{\"@id\":\"https:\/\/www.iwsgroup.ee\/#organization\"},\"potentialAction\":[{\"@type\":\"SearchAction\",\"target\":{\"@type\":\"EntryPoint\",\"urlTemplate\":\"https:\/\/www.iwsgroup.ee\/?s={search_term_string}\"},\"query-input\":\"required name=search_term_string\"}],\"inLanguage\":\"lv-LV\"},{\"@type\":\"Organization\",\"@id\":\"https:\/\/www.iwsgroup.ee\/#organization\",\"name\":\"Innovative Water Systems\",\"url\":\"https:\/\/www.iwsgroup.ee\/\",\"logo\":{\"@type\":\"ImageObject\",\"inLanguage\":\"lv-LV\",\"@id\":\"https:\/\/www.iwsgroup.ee\/#\/schema\/logo\/image\/\",\"url\":\"https:\/\/www.iwsgroup.ee\/wp-content\/uploads\/2019\/03\/Innovative-Water-Systems.png\",\"contentUrl\":\"https:\/\/www.iwsgroup.ee\/wp-content\/uploads\/2019\/03\/Innovative-Water-Systems.png\",\"width\":1200,\"height\":628,\"caption\":\"Innovative Water Systems\"},\"image\":{\"@id\":\"https:\/\/www.iwsgroup.ee\/#\/schema\/logo\/image\/\"}}]}<\/script>\n<!-- \/ Yoast SEO plugin. -->","yoast_head_json":{"title":"Kontakti &#8211; S\u016bk\u0146u stacijas, tvertnes, septi\u0137is, akas, caurules","robots":{"index":"index","follow":"follow","max-snippet":"max-snippet:-1","max-image-preview":"max-image-preview:large","max-video-preview":"max-video-preview:-1"},"canonical":"https:\/\/www.iwsgroup.ee\/lv\/kontakti\/","og_locale":"lv_LV","og_type":"article","og_title":"Kontakti &#8211; S\u016bk\u0146u stacijas, tvertnes, septi\u0137is, akas, caurules","og_description":"Aruk\u00fcla iela 65 J\u00fcri ciems 75301 Rae novads, Harjumaa, Igaunija","og_url":"https:\/\/www.iwsgroup.ee\/lv\/kontakti\/","og_site_name":"S\u016bk\u0146u stacijas, tvertnes, septi\u0137is, akas, caurules","article_modified_time":"2026-02-03T16:13:32+00:00","twitter_card":"summary_large_image","twitter_misc":{"Est. reading time":"1 minute"},"schema":{"@context":"https:\/\/schema.org","@graph":[{"@type":"WebPage","@id":"https:\/\/www.iwsgroup.ee\/lv\/kontakti\/","url":"https:\/\/www.iwsgroup.ee\/lv\/kontakti\/","name":"Kontakti &#8211; S\u016bk\u0146u stacijas, tvertnes, septi\u0137is, akas, caurules","isPartOf":{"@id":"https:\/\/www.iwsgroup.ee\/#website"},"datePublished":"2019-03-25T17:47:26+00:00","dateModified":"2026-02-03T16:13:32+00:00","breadcrumb":{"@id":"https:\/\/www.iwsgroup.ee\/lv\/kontakti\/#breadcrumb"},"inLanguage":"lv-LV","potentialAction":[{"@type":"ReadAction","target":["https:\/\/www.iwsgroup.ee\/lv\/kontakti\/"]}]},{"@type":"BreadcrumbList","@id":"https:\/\/www.iwsgroup.ee\/lv\/kontakti\/#breadcrumb","itemListElement":[{"@type":"ListItem","position":1,"name":"Home","item":"https:\/\/www.iwsgroup.ee\/lv\/"},{"@type":"ListItem","position":2,"name":"Kontakti"}]},{"@type":"WebSite","@id":"https:\/\/www.iwsgroup.ee\/#website","url":"https:\/\/www.iwsgroup.ee\/","name":"S\u016bk\u0146u stacijas, tvertnes, septi\u0137is, akas, caurules","description":"Innovative Water Systems","publisher":{"@id":"https:\/\/www.iwsgroup.ee\/#organization"},"potentialAction":[{"@type":"SearchAction","target":{"@type":"EntryPoint","urlTemplate":"https:\/\/www.iwsgroup.ee\/?s={search_term_string}"},"query-input":"required name=search_term_string"}],"inLanguage":"lv-LV"},{"@type":"Organization","@id":"https:\/\/www.iwsgroup.ee\/#organization","name":"Innovative Water Systems","url":"https:\/\/www.iwsgroup.ee\/","logo":{"@type":"ImageObject","inLanguage":"lv-LV","@id":"https:\/\/www.iwsgroup.ee\/#\/schema\/logo\/image\/","url":"https:\/\/www.iwsgroup.ee\/wp-content\/uploads\/2019\/03\/Innovative-Water-Systems.png","contentUrl":"https:\/\/www.iwsgroup.ee\/wp-content\/uploads\/2019\/03\/Innovative-Water-Systems.png","width":1200,"height":628,"caption":"Innovative Water Systems"},"image":{"@id":"https:\/\/www.iwsgroup.ee\/#\/schema\/logo\/image\/"}}]}},"_links":{"self":[{"href":"https:\/\/www.iwsgroup.ee\/lv\/wp-json\/wp\/v2\/pages\/9786"}],"collection":[{"href":"https:\/\/www.iwsgroup.ee\/lv\/wp-json\/wp\/v2\/pages"}],"about":[{"href":"https:\/\/www.iwsgroup.ee\/lv\/wp-json\/wp\/v2\/types\/page"}],"author":[{"embeddable":true,"href":"https:\/\/www.iwsgroup.ee\/lv\/wp-json\/wp\/v2\/users\/1"}],"replies":[{"embeddable":true,"href":"https:\/\/www.iwsgroup.ee\/lv\/wp-json\/wp\/v2\/comments?post=9786"}],"version-history":[{"count":34,"href":"https:\/\/www.iwsgroup.ee\/lv\/wp-json\/wp\/v2\/pages\/9786\/revisions"}],"predecessor-version":[{"id":24880,"href":"https:\/\/www.iwsgroup.ee\/lv\/wp-json\/wp\/v2\/pages\/9786\/revisions\/24880"}],"wp:attachment":[{"href":"https:\/\/www.iwsgroup.ee\/lv\/wp-json\/wp\/v2\/media?parent=9786"}],"wp:term":[{"taxonomy":"post_tag","embeddable":true,"href":"https:\/\/www.iwsgroup.ee\/lv\/wp-json\/wp\/v2\/tags?post=9786"}],"curies":[{"name":"wp","href":"https:\/\/api.w.org\/{rel}","templated":true}]}}