{"id":9784,"date":"2019-04-17T12:27:39","date_gmt":"2019-04-17T09:27:39","guid":{"rendered":"https:\/\/www.iwsgroup.ee\/hoolime-keskkonnast\/"},"modified":"2021-03-26T15:37:23","modified_gmt":"2021-03-26T13:37:23","slug":"mums-rup-apkarteja-vide","status":"publish","type":"page","link":"https:\/\/www.iwsgroup.ee\/lv\/mums-rup-apkarteja-vide\/","title":{"rendered":"Mums r\u016bp apk\u0101rt\u0113j\u0101 vide"},"content":{"rendered":"<p style=\"text-align: center;\">Cilv\u0113ka rad\u012btais pies\u0101r\u0146ojums vis\u0101 pasaul\u0113 ir sasniedzis kritisku robe\u017eu. Lai to risin\u0101tu ir j\u0101pielieto inovat\u012bvi un ilgtsp\u0113j\u012bgi tehnolo\u0123iskie risin\u0101jumi. M\u0113s sniedzam savu ieguld\u012bjumu notek\u016bde\u0146u novad\u012b\u0161anas un att\u012br\u012b\u0161anas jom\u0101 ar m\u0113r\u0137i b\u016bt par vado\u0161o s\u016bk\u0146u staciju ra\u017eot\u0101ju un izstr\u0101d\u0101jam un ra\u017eojam vismodern\u0101kos un visilg\u0101k kalpojo\u0161os risin\u0101jumus no p\u0101rstr\u0101d\u0101jamiem materi\u0101liem.<\/p>\n<p style=\"text-align: center;\">M\u016bsu ra\u017eo\u0161anas plastmasas p\u0101rpalikumi tiek sasmalcin\u0101ti un p\u0101rstr\u0101d\u0101ti atk\u0101rtoti izmantojam\u0101s granul\u0101s. Tas \u013cauj mums ietaup\u012bt l\u012bdz 88% ener\u0123ijas, kas b\u016btu nepiecie\u0161ama ra\u017eo\u0161anai no jaunas plastmasas.<\/p>\n<p style=\"text-align: center;\">M\u016bsu m\u0113r\u0137is ir b\u016bt par savu klientu pirmo izv\u0113li, un m\u0113s apzin\u0101mies atbild\u012bbu par n\u0101kotni un n\u0101kamaj\u0101m paaudz\u0113m vis\u0101s sav\u0101s ikdienas darb\u012bb\u0101s.<\/p>\n","protected":false},"excerpt":{"rendered":"<p>Cilv\u0113ka rad\u012btais pies\u0101r\u0146ojums vis\u0101 pasaul\u0113 ir sasniedzis kritisku robe\u017eu. Lai to risin\u0101tu ir j\u0101pielieto inovat\u012bvi un ilgtsp\u0113j\u012bgi tehnolo\u0123iskie risin\u0101jumi. M\u0113s sniedzam savu ieguld\u012bjumu notek\u016bde\u0146u novad\u012b\u0161anas un att\u012br\u012b\u0161anas jom\u0101 ar m\u0113r\u0137i b\u016bt par vado\u0161o s\u016bk\u0146u staciju ra\u017eot\u0101ju un izstr\u0101d\u0101jam un ra\u017eojam vismodern\u0101kos un visilg\u0101k kalpojo\u0161os risin\u0101jumus no p\u0101rstr\u0101d\u0101jamiem materi\u0101liem. M\u016bsu ra\u017eo\u0161anas plastmasas p\u0101rpalikumi tiek sasmalcin\u0101ti un [&hellip;]<\/p>\n","protected":false},"author":1,"featured_media":0,"parent":0,"menu_order":0,"comment_status":"closed","ping_status":"closed","template":"","meta":{"_acf_changed":false,"footnotes":"","_links_to":"","_links_to_target":""},"tags":[718,1344,1355,1354,1350,1352,1353,1347,722,1348,1349,1351,1345,1346],"acf":[],"yoast_head":"<!-- This site is optimized with the Yoast SEO plugin v22.8 - https:\/\/yoast.com\/wordpress\/plugins\/seo\/ -->\n<title>Mums r\u016bp apk\u0101rt\u0113j\u0101 vide &#8211; S\u016bk\u0146u stacijas, tvertnes, septi\u0137is, akas, caurules<\/title>\n<meta name=\"robots\" content=\"index, follow, max-snippet:-1, max-image-preview:large, max-video-preview:-1\" \/>\n<link rel=\"canonical\" href=\"https:\/\/www.iwsgroup.ee\/lv\/mums-rup-apkarteja-vide\/\" \/>\n<meta property=\"og:locale\" content=\"lv_LV\" \/>\n<meta property=\"og:type\" content=\"article\" \/>\n<meta property=\"og:title\" content=\"Mums r\u016bp apk\u0101rt\u0113j\u0101 vide &#8211; S\u016bk\u0146u stacijas, tvertnes, septi\u0137is, akas, caurules\" \/>\n<meta property=\"og:description\" content=\"Cilv\u0113ka rad\u012btais pies\u0101r\u0146ojums vis\u0101 pasaul\u0113 ir sasniedzis kritisku robe\u017eu. Lai to risin\u0101tu ir j\u0101pielieto inovat\u012bvi un ilgtsp\u0113j\u012bgi tehnolo\u0123iskie risin\u0101jumi. M\u0113s sniedzam savu ieguld\u012bjumu notek\u016bde\u0146u novad\u012b\u0161anas un att\u012br\u012b\u0161anas jom\u0101 ar m\u0113r\u0137i b\u016bt par vado\u0161o s\u016bk\u0146u staciju ra\u017eot\u0101ju un izstr\u0101d\u0101jam un ra\u017eojam vismodern\u0101kos un visilg\u0101k kalpojo\u0161os risin\u0101jumus no p\u0101rstr\u0101d\u0101jamiem materi\u0101liem. M\u016bsu ra\u017eo\u0161anas plastmasas p\u0101rpalikumi tiek sasmalcin\u0101ti un [&hellip;]\" \/>\n<meta property=\"og:url\" content=\"https:\/\/www.iwsgroup.ee\/lv\/mums-rup-apkarteja-vide\/\" \/>\n<meta property=\"og:site_name\" content=\"S\u016bk\u0146u stacijas, tvertnes, septi\u0137is, akas, caurules\" \/>\n<meta property=\"article:modified_time\" content=\"2021-03-26T13:37:23+00:00\" \/>\n<meta name=\"twitter:card\" content=\"summary_large_image\" \/>\n<meta name=\"twitter:label1\" content=\"Est. reading time\" \/>\n\t<meta name=\"twitter:data1\" content=\"1 minute\" \/>\n<script type=\"application\/ld+json\" class=\"yoast-schema-graph\">{\"@context\":\"https:\/\/schema.org\",\"@graph\":[{\"@type\":\"WebPage\",\"@id\":\"https:\/\/www.iwsgroup.ee\/lv\/mums-rup-apkarteja-vide\/\",\"url\":\"https:\/\/www.iwsgroup.ee\/lv\/mums-rup-apkarteja-vide\/\",\"name\":\"Mums r\u016bp apk\u0101rt\u0113j\u0101 vide &#8211; S\u016bk\u0146u stacijas, tvertnes, septi\u0137is, akas, caurules\",\"isPartOf\":{\"@id\":\"https:\/\/www.iwsgroup.ee\/#website\"},\"datePublished\":\"2019-04-17T09:27:39+00:00\",\"dateModified\":\"2021-03-26T13:37:23+00:00\",\"breadcrumb\":{\"@id\":\"https:\/\/www.iwsgroup.ee\/lv\/mums-rup-apkarteja-vide\/#breadcrumb\"},\"inLanguage\":\"lv-LV\",\"potentialAction\":[{\"@type\":\"ReadAction\",\"target\":[\"https:\/\/www.iwsgroup.ee\/lv\/mums-rup-apkarteja-vide\/\"]}]},{\"@type\":\"BreadcrumbList\",\"@id\":\"https:\/\/www.iwsgroup.ee\/lv\/mums-rup-apkarteja-vide\/#breadcrumb\",\"itemListElement\":[{\"@type\":\"ListItem\",\"position\":1,\"name\":\"Home\",\"item\":\"https:\/\/www.iwsgroup.ee\/lv\/\"},{\"@type\":\"ListItem\",\"position\":2,\"name\":\"Mums r\u016bp apk\u0101rt\u0113j\u0101 vide\"}]},{\"@type\":\"WebSite\",\"@id\":\"https:\/\/www.iwsgroup.ee\/#website\",\"url\":\"https:\/\/www.iwsgroup.ee\/\",\"name\":\"S\u016bk\u0146u stacijas, tvertnes, septi\u0137is, akas, caurules\",\"description\":\"Innovative Water Systems\",\"publisher\":{\"@id\":\"https:\/\/www.iwsgroup.ee\/#organization\"},\"potentialAction\":[{\"@type\":\"SearchAction\",\"target\":{\"@type\":\"EntryPoint\",\"urlTemplate\":\"https:\/\/www.iwsgroup.ee\/?s={search_term_string}\"},\"query-input\":\"required name=search_term_string\"}],\"inLanguage\":\"lv-LV\"},{\"@type\":\"Organization\",\"@id\":\"https:\/\/www.iwsgroup.ee\/#organization\",\"name\":\"Innovative Water Systems\",\"url\":\"https:\/\/www.iwsgroup.ee\/\",\"logo\":{\"@type\":\"ImageObject\",\"inLanguage\":\"lv-LV\",\"@id\":\"https:\/\/www.iwsgroup.ee\/#\/schema\/logo\/image\/\",\"url\":\"https:\/\/www.iwsgroup.ee\/wp-content\/uploads\/2019\/03\/Innovative-Water-Systems.png\",\"contentUrl\":\"https:\/\/www.iwsgroup.ee\/wp-content\/uploads\/2019\/03\/Innovative-Water-Systems.png\",\"width\":1200,\"height\":628,\"caption\":\"Innovative Water Systems\"},\"image\":{\"@id\":\"https:\/\/www.iwsgroup.ee\/#\/schema\/logo\/image\/\"}}]}<\/script>\n<!-- \/ Yoast SEO plugin. -->","yoast_head_json":{"title":"Mums r\u016bp apk\u0101rt\u0113j\u0101 vide &#8211; S\u016bk\u0146u stacijas, tvertnes, septi\u0137is, akas, caurules","robots":{"index":"index","follow":"follow","max-snippet":"max-snippet:-1","max-image-preview":"max-image-preview:large","max-video-preview":"max-video-preview:-1"},"canonical":"https:\/\/www.iwsgroup.ee\/lv\/mums-rup-apkarteja-vide\/","og_locale":"lv_LV","og_type":"article","og_title":"Mums r\u016bp apk\u0101rt\u0113j\u0101 vide &#8211; S\u016bk\u0146u stacijas, tvertnes, septi\u0137is, akas, caurules","og_description":"Cilv\u0113ka rad\u012btais pies\u0101r\u0146ojums vis\u0101 pasaul\u0113 ir sasniedzis kritisku robe\u017eu. Lai to risin\u0101tu ir j\u0101pielieto inovat\u012bvi un ilgtsp\u0113j\u012bgi tehnolo\u0123iskie risin\u0101jumi. M\u0113s sniedzam savu ieguld\u012bjumu notek\u016bde\u0146u novad\u012b\u0161anas un att\u012br\u012b\u0161anas jom\u0101 ar m\u0113r\u0137i b\u016bt par vado\u0161o s\u016bk\u0146u staciju ra\u017eot\u0101ju un izstr\u0101d\u0101jam un ra\u017eojam vismodern\u0101kos un visilg\u0101k kalpojo\u0161os risin\u0101jumus no p\u0101rstr\u0101d\u0101jamiem materi\u0101liem. M\u016bsu ra\u017eo\u0161anas plastmasas p\u0101rpalikumi tiek sasmalcin\u0101ti un [&hellip;]","og_url":"https:\/\/www.iwsgroup.ee\/lv\/mums-rup-apkarteja-vide\/","og_site_name":"S\u016bk\u0146u stacijas, tvertnes, septi\u0137is, akas, caurules","article_modified_time":"2021-03-26T13:37:23+00:00","twitter_card":"summary_large_image","twitter_misc":{"Est. reading time":"1 minute"},"schema":{"@context":"https:\/\/schema.org","@graph":[{"@type":"WebPage","@id":"https:\/\/www.iwsgroup.ee\/lv\/mums-rup-apkarteja-vide\/","url":"https:\/\/www.iwsgroup.ee\/lv\/mums-rup-apkarteja-vide\/","name":"Mums r\u016bp apk\u0101rt\u0113j\u0101 vide &#8211; S\u016bk\u0146u stacijas, tvertnes, septi\u0137is, akas, caurules","isPartOf":{"@id":"https:\/\/www.iwsgroup.ee\/#website"},"datePublished":"2019-04-17T09:27:39+00:00","dateModified":"2021-03-26T13:37:23+00:00","breadcrumb":{"@id":"https:\/\/www.iwsgroup.ee\/lv\/mums-rup-apkarteja-vide\/#breadcrumb"},"inLanguage":"lv-LV","potentialAction":[{"@type":"ReadAction","target":["https:\/\/www.iwsgroup.ee\/lv\/mums-rup-apkarteja-vide\/"]}]},{"@type":"BreadcrumbList","@id":"https:\/\/www.iwsgroup.ee\/lv\/mums-rup-apkarteja-vide\/#breadcrumb","itemListElement":[{"@type":"ListItem","position":1,"name":"Home","item":"https:\/\/www.iwsgroup.ee\/lv\/"},{"@type":"ListItem","position":2,"name":"Mums r\u016bp apk\u0101rt\u0113j\u0101 vide"}]},{"@type":"WebSite","@id":"https:\/\/www.iwsgroup.ee\/#website","url":"https:\/\/www.iwsgroup.ee\/","name":"S\u016bk\u0146u stacijas, tvertnes, septi\u0137is, akas, caurules","description":"Innovative Water Systems","publisher":{"@id":"https:\/\/www.iwsgroup.ee\/#organization"},"potentialAction":[{"@type":"SearchAction","target":{"@type":"EntryPoint","urlTemplate":"https:\/\/www.iwsgroup.ee\/?s={search_term_string}"},"query-input":"required name=search_term_string"}],"inLanguage":"lv-LV"},{"@type":"Organization","@id":"https:\/\/www.iwsgroup.ee\/#organization","name":"Innovative Water Systems","url":"https:\/\/www.iwsgroup.ee\/","logo":{"@type":"ImageObject","inLanguage":"lv-LV","@id":"https:\/\/www.iwsgroup.ee\/#\/schema\/logo\/image\/","url":"https:\/\/www.iwsgroup.ee\/wp-content\/uploads\/2019\/03\/Innovative-Water-Systems.png","contentUrl":"https:\/\/www.iwsgroup.ee\/wp-content\/uploads\/2019\/03\/Innovative-Water-Systems.png","width":1200,"height":628,"caption":"Innovative Water Systems"},"image":{"@id":"https:\/\/www.iwsgroup.ee\/#\/schema\/logo\/image\/"}}]}},"_links":{"self":[{"href":"https:\/\/www.iwsgroup.ee\/lv\/wp-json\/wp\/v2\/pages\/9784"}],"collection":[{"href":"https:\/\/www.iwsgroup.ee\/lv\/wp-json\/wp\/v2\/pages"}],"about":[{"href":"https:\/\/www.iwsgroup.ee\/lv\/wp-json\/wp\/v2\/types\/page"}],"author":[{"embeddable":true,"href":"https:\/\/www.iwsgroup.ee\/lv\/wp-json\/wp\/v2\/users\/1"}],"replies":[{"embeddable":true,"href":"https:\/\/www.iwsgroup.ee\/lv\/wp-json\/wp\/v2\/comments?post=9784"}],"version-history":[{"count":3,"href":"https:\/\/www.iwsgroup.ee\/lv\/wp-json\/wp\/v2\/pages\/9784\/revisions"}],"predecessor-version":[{"id":11265,"href":"https:\/\/www.iwsgroup.ee\/lv\/wp-json\/wp\/v2\/pages\/9784\/revisions\/11265"}],"wp:attachment":[{"href":"https:\/\/www.iwsgroup.ee\/lv\/wp-json\/wp\/v2\/media?parent=9784"}],"wp:term":[{"taxonomy":"post_tag","embeddable":true,"href":"https:\/\/www.iwsgroup.ee\/lv\/wp-json\/wp\/v2\/tags?post=9784"}],"curies":[{"name":"wp","href":"https:\/\/api.w.org\/{rel}","templated":true}]}}