{"id":7364,"date":"2019-03-25T19:45:46","date_gmt":"2019-03-25T17:45:46","guid":{"rendered":"https:\/\/www.iwsgroup.ee\/avaleht\/"},"modified":"2026-02-23T18:28:01","modified_gmt":"2026-02-23T16:28:01","slug":"avaleht","status":"publish","type":"page","link":"https:\/\/www.iwsgroup.ee\/lv\/","title":{"rendered":"S\u0101kumlapa"},"content":{"rendered":"","protected":false},"excerpt":{"rendered":"","protected":false},"author":3,"featured_media":0,"parent":0,"menu_order":0,"comment_status":"closed","ping_status":"closed","template":"template-home.php","meta":{"_acf_changed":false,"footnotes":"","_links_to":"","_links_to_target":""},"tags":[648,649,650,651,652,653,654,655,656,657,658,659,660,661,662,663],"acf":[],"yoast_head":"<!-- This site is optimized with the Yoast SEO plugin v22.8 - https:\/\/yoast.com\/wordpress\/plugins\/seo\/ -->\n<title>IWS Group | Pumplad, mahutid, septikud, kaevud, torustikud<\/title>\n<meta name=\"description\" content=\"Pumplad, mahutid, septikud, kaevud, torustikud. Terviklahendused \u2013 pumpla, pumbad ja juhtautomaatika | IWS Group | Loe lisa!\" \/>\n<meta name=\"robots\" content=\"index, follow, max-snippet:-1, max-image-preview:large, max-video-preview:-1\" \/>\n<link rel=\"canonical\" href=\"https:\/\/www.iwsgroup.ee\/lv\/\" \/>\n<meta property=\"og:locale\" content=\"lv_LV\" \/>\n<meta property=\"og:type\" content=\"article\" \/>\n<meta property=\"og:title\" content=\"IWS Group | Pumplad, mahutid, septikud, kaevud, torustikud\" \/>\n<meta property=\"og:description\" content=\"Pumplad, mahutid, septikud, kaevud, torustikud. Terviklahendused \u2013 pumpla, pumbad ja juhtautomaatika | IWS Group | Loe lisa!\" \/>\n<meta property=\"og:url\" content=\"https:\/\/www.iwsgroup.ee\/lv\/\" \/>\n<meta property=\"og:site_name\" content=\"S\u016bk\u0146u stacijas, tvertnes, septi\u0137is, akas, caurules\" \/>\n<meta property=\"article:modified_time\" content=\"2026-02-23T16:28:01+00:00\" \/>\n<meta property=\"og:image\" content=\"https:\/\/www.iwsgroup.ee\/wp-content\/uploads\/2019\/03\/Innovative-Water-Systems.png\" \/>\n\t<meta property=\"og:image:width\" content=\"1200\" \/>\n\t<meta property=\"og:image:height\" content=\"628\" \/>\n\t<meta property=\"og:image:type\" content=\"image\/png\" \/>\n<meta name=\"twitter:card\" content=\"summary_large_image\" \/>\n<meta name=\"twitter:image\" content=\"https:\/\/www.iwsgroup.ee\/wp-content\/uploads\/2019\/03\/Innovative-Water-Systems.png\" \/>\n<script type=\"application\/ld+json\" class=\"yoast-schema-graph\">{\"@context\":\"https:\/\/schema.org\",\"@graph\":[{\"@type\":\"WebPage\",\"@id\":\"https:\/\/www.iwsgroup.ee\/lv\/\",\"url\":\"https:\/\/www.iwsgroup.ee\/lv\/\",\"name\":\"IWS Group | Pumplad, mahutid, septikud, kaevud, torustikud\",\"isPartOf\":{\"@id\":\"https:\/\/www.iwsgroup.ee\/#website\"},\"datePublished\":\"2019-03-25T17:45:46+00:00\",\"dateModified\":\"2026-02-23T16:28:01+00:00\",\"description\":\"Pumplad, mahutid, septikud, kaevud, torustikud. Terviklahendused \u2013 pumpla, pumbad ja juhtautomaatika | IWS Group | Loe lisa!\",\"breadcrumb\":{\"@id\":\"https:\/\/www.iwsgroup.ee\/lv\/#breadcrumb\"},\"inLanguage\":\"lv-LV\",\"potentialAction\":[{\"@type\":\"ReadAction\",\"target\":[\"https:\/\/www.iwsgroup.ee\/lv\/\"]}]},{\"@type\":\"BreadcrumbList\",\"@id\":\"https:\/\/www.iwsgroup.ee\/lv\/#breadcrumb\",\"itemListElement\":[{\"@type\":\"ListItem\",\"position\":1,\"name\":\"Home\",\"item\":\"https:\/\/www.iwsgroup.ee\/lv\/\"},{\"@type\":\"ListItem\",\"position\":2,\"name\":\"S\u0101kumlapa\"}]},{\"@type\":\"WebSite\",\"@id\":\"https:\/\/www.iwsgroup.ee\/#website\",\"url\":\"https:\/\/www.iwsgroup.ee\/\",\"name\":\"S\u016bk\u0146u stacijas, tvertnes, septi\u0137is, akas, caurules\",\"description\":\"Innovative Water Systems\",\"publisher\":{\"@id\":\"https:\/\/www.iwsgroup.ee\/#organization\"},\"potentialAction\":[{\"@type\":\"SearchAction\",\"target\":{\"@type\":\"EntryPoint\",\"urlTemplate\":\"https:\/\/www.iwsgroup.ee\/?s={search_term_string}\"},\"query-input\":\"required name=search_term_string\"}],\"inLanguage\":\"lv-LV\"},{\"@type\":\"Organization\",\"@id\":\"https:\/\/www.iwsgroup.ee\/#organization\",\"name\":\"Innovative Water Systems\",\"url\":\"https:\/\/www.iwsgroup.ee\/\",\"logo\":{\"@type\":\"ImageObject\",\"inLanguage\":\"lv-LV\",\"@id\":\"https:\/\/www.iwsgroup.ee\/#\/schema\/logo\/image\/\",\"url\":\"https:\/\/www.iwsgroup.ee\/wp-content\/uploads\/2019\/03\/Innovative-Water-Systems.png\",\"contentUrl\":\"https:\/\/www.iwsgroup.ee\/wp-content\/uploads\/2019\/03\/Innovative-Water-Systems.png\",\"width\":1200,\"height\":628,\"caption\":\"Innovative Water Systems\"},\"image\":{\"@id\":\"https:\/\/www.iwsgroup.ee\/#\/schema\/logo\/image\/\"}}]}<\/script>\n<!-- \/ Yoast SEO plugin. -->","yoast_head_json":{"title":"IWS Group | Pumplad, mahutid, septikud, kaevud, torustikud","description":"Pumplad, mahutid, septikud, kaevud, torustikud. Terviklahendused \u2013 pumpla, pumbad ja juhtautomaatika | IWS Group | Loe lisa!","robots":{"index":"index","follow":"follow","max-snippet":"max-snippet:-1","max-image-preview":"max-image-preview:large","max-video-preview":"max-video-preview:-1"},"canonical":"https:\/\/www.iwsgroup.ee\/lv\/","og_locale":"lv_LV","og_type":"article","og_title":"IWS Group | Pumplad, mahutid, septikud, kaevud, torustikud","og_description":"Pumplad, mahutid, septikud, kaevud, torustikud. Terviklahendused \u2013 pumpla, pumbad ja juhtautomaatika | IWS Group | Loe lisa!","og_url":"https:\/\/www.iwsgroup.ee\/lv\/","og_site_name":"S\u016bk\u0146u stacijas, tvertnes, septi\u0137is, akas, caurules","article_modified_time":"2026-02-23T16:28:01+00:00","og_image":[{"width":1200,"height":628,"url":"https:\/\/www.iwsgroup.ee\/wp-content\/uploads\/2019\/03\/Innovative-Water-Systems.png","type":"image\/png"}],"twitter_card":"summary_large_image","twitter_image":"https:\/\/www.iwsgroup.ee\/wp-content\/uploads\/2019\/03\/Innovative-Water-Systems.png","schema":{"@context":"https:\/\/schema.org","@graph":[{"@type":"WebPage","@id":"https:\/\/www.iwsgroup.ee\/lv\/","url":"https:\/\/www.iwsgroup.ee\/lv\/","name":"IWS Group | Pumplad, mahutid, septikud, kaevud, torustikud","isPartOf":{"@id":"https:\/\/www.iwsgroup.ee\/#website"},"datePublished":"2019-03-25T17:45:46+00:00","dateModified":"2026-02-23T16:28:01+00:00","description":"Pumplad, mahutid, septikud, kaevud, torustikud. Terviklahendused \u2013 pumpla, pumbad ja juhtautomaatika | IWS Group | Loe lisa!","breadcrumb":{"@id":"https:\/\/www.iwsgroup.ee\/lv\/#breadcrumb"},"inLanguage":"lv-LV","potentialAction":[{"@type":"ReadAction","target":["https:\/\/www.iwsgroup.ee\/lv\/"]}]},{"@type":"BreadcrumbList","@id":"https:\/\/www.iwsgroup.ee\/lv\/#breadcrumb","itemListElement":[{"@type":"ListItem","position":1,"name":"Home","item":"https:\/\/www.iwsgroup.ee\/lv\/"},{"@type":"ListItem","position":2,"name":"S\u0101kumlapa"}]},{"@type":"WebSite","@id":"https:\/\/www.iwsgroup.ee\/#website","url":"https:\/\/www.iwsgroup.ee\/","name":"S\u016bk\u0146u stacijas, tvertnes, septi\u0137is, akas, caurules","description":"Innovative Water Systems","publisher":{"@id":"https:\/\/www.iwsgroup.ee\/#organization"},"potentialAction":[{"@type":"SearchAction","target":{"@type":"EntryPoint","urlTemplate":"https:\/\/www.iwsgroup.ee\/?s={search_term_string}"},"query-input":"required name=search_term_string"}],"inLanguage":"lv-LV"},{"@type":"Organization","@id":"https:\/\/www.iwsgroup.ee\/#organization","name":"Innovative Water Systems","url":"https:\/\/www.iwsgroup.ee\/","logo":{"@type":"ImageObject","inLanguage":"lv-LV","@id":"https:\/\/www.iwsgroup.ee\/#\/schema\/logo\/image\/","url":"https:\/\/www.iwsgroup.ee\/wp-content\/uploads\/2019\/03\/Innovative-Water-Systems.png","contentUrl":"https:\/\/www.iwsgroup.ee\/wp-content\/uploads\/2019\/03\/Innovative-Water-Systems.png","width":1200,"height":628,"caption":"Innovative Water Systems"},"image":{"@id":"https:\/\/www.iwsgroup.ee\/#\/schema\/logo\/image\/"}}]}},"_links":{"self":[{"href":"https:\/\/www.iwsgroup.ee\/lv\/wp-json\/wp\/v2\/pages\/7364"}],"collection":[{"href":"https:\/\/www.iwsgroup.ee\/lv\/wp-json\/wp\/v2\/pages"}],"about":[{"href":"https:\/\/www.iwsgroup.ee\/lv\/wp-json\/wp\/v2\/types\/page"}],"author":[{"embeddable":true,"href":"https:\/\/www.iwsgroup.ee\/lv\/wp-json\/wp\/v2\/users\/3"}],"replies":[{"embeddable":true,"href":"https:\/\/www.iwsgroup.ee\/lv\/wp-json\/wp\/v2\/comments?post=7364"}],"version-history":[{"count":41,"href":"https:\/\/www.iwsgroup.ee\/lv\/wp-json\/wp\/v2\/pages\/7364\/revisions"}],"predecessor-version":[{"id":25068,"href":"https:\/\/www.iwsgroup.ee\/lv\/wp-json\/wp\/v2\/pages\/7364\/revisions\/25068"}],"wp:attachment":[{"href":"https:\/\/www.iwsgroup.ee\/lv\/wp-json\/wp\/v2\/media?parent=7364"}],"wp:term":[{"taxonomy":"post_tag","embeddable":true,"href":"https:\/\/www.iwsgroup.ee\/lv\/wp-json\/wp\/v2\/tags?post=7364"}],"curies":[{"name":"wp","href":"https:\/\/api.w.org\/{rel}","templated":true}]}}