{"id":20859,"date":"2023-09-06T10:06:30","date_gmt":"2023-09-06T07:06:30","guid":{"rendered":"https:\/\/www.iwsgroup.ee\/uus-betoonist-ankurduspohi\/"},"modified":"2023-10-19T11:27:37","modified_gmt":"2023-10-19T08:27:37","slug":"jauna-betona-enkurplatne","status":"publish","type":"page","link":"https:\/\/www.iwsgroup.ee\/lv\/jauna-betona-enkurplatne\/","title":{"rendered":"<span>JAUNA<\/span> <\/br> BETONA ENKURPL\u0100TNE"},"content":{"rendered":"<p>Ra\u017eo\u0161anas laik\u0101 s\u016bk\u0146u stacijai STRONG ID2000 mm tiek pievienota dzelzsbetona enkurpl\u0101tne, kurai tran\u0161ej\u0101 j\u0101pievieno tr\u012bs dzelzsbetona enkurda\u013cas.<\/p>\n<p>Enkurpl\u0101tnes izm\u0113ri un stiprin\u0101jums ir izstr\u0101d\u0101ti, \u0146emot v\u0113r\u0101 to, ka s\u016bk\u0146u stacija, ja t\u0101 ir pareizi uzst\u0101d\u012bta, maksim\u0101li stingri turas zem\u0113 grunts\u016bdens l\u012bmen\u012b.<\/p>\n","protected":false},"excerpt":{"rendered":"<p>Ra\u017eo\u0161anas laik\u0101 s\u016bk\u0146u stacijai STRONG ID2000 mm tiek pievienota dzelzsbetona enkurpl\u0101tne, kurai tran\u0161ej\u0101 j\u0101pievieno tr\u012bs dzelzsbetona enkurda\u013cas. Enkurpl\u0101tnes izm\u0113ri un stiprin\u0101jums ir izstr\u0101d\u0101ti, \u0146emot v\u0113r\u0101 to, ka s\u016bk\u0146u stacija, ja t\u0101 ir pareizi uzst\u0101d\u012bta, maksim\u0101li stingri turas zem\u0113 grunts\u016bdens l\u012bmen\u012b.<\/p>\n","protected":false},"author":2,"featured_media":20532,"parent":0,"menu_order":0,"comment_status":"closed","ping_status":"closed","template":"template-new-generation-ps-new.php","meta":{"_acf_changed":false,"footnotes":"","_links_to":"","_links_to_target":""},"tags":[],"class_list":["post-20859","page","type-page","status-publish","has-post-thumbnail","hentry"],"acf":[],"yoast_head":"<!-- This site is optimized with the Yoast SEO plugin v27.4 - https:\/\/yoast.com\/product\/yoast-seo-wordpress\/ -->\n<title>JAUNA  BETONA ENKURPL\u0100TNE &#8211; S\u016bk\u0146u stacijas, tvertnes, septi\u0137is, akas, caurules<\/title>\n<meta name=\"robots\" content=\"index, follow, max-snippet:-1, max-image-preview:large, max-video-preview:-1\" \/>\n<link rel=\"canonical\" href=\"https:\/\/www.iwsgroup.ee\/uus-betoonist-ankurduspohi\/\" \/>\n<meta property=\"og:locale\" content=\"lv_LV\" \/>\n<meta property=\"og:type\" content=\"article\" \/>\n<meta property=\"og:title\" content=\"JAUNA  BETONA ENKURPL\u0100TNE &#8211; S\u016bk\u0146u stacijas, tvertnes, septi\u0137is, akas, caurules\" \/>\n<meta property=\"og:description\" content=\"Ra\u017eo\u0161anas laik\u0101 s\u016bk\u0146u stacijai STRONG ID2000 mm tiek pievienota dzelzsbetona enkurpl\u0101tne, kurai tran\u0161ej\u0101 j\u0101pievieno tr\u012bs dzelzsbetona enkurda\u013cas. Enkurpl\u0101tnes izm\u0113ri un stiprin\u0101jums ir izstr\u0101d\u0101ti, \u0146emot v\u0113r\u0101 to, ka s\u016bk\u0146u stacija, ja t\u0101 ir pareizi uzst\u0101d\u012bta, maksim\u0101li stingri turas zem\u0113 grunts\u016bdens l\u012bmen\u012b.\" \/>\n<meta property=\"og:url\" content=\"https:\/\/www.iwsgroup.ee\/uus-betoonist-ankurduspohi\/\" \/>\n<meta property=\"og:site_name\" content=\"S\u016bk\u0146u stacijas, tvertnes, septi\u0137is, akas, caurules\" \/>\n<meta property=\"article:modified_time\" content=\"2023-10-19T08:27:37+00:00\" \/>\n<meta property=\"og:image\" content=\"https:\/\/www.iwsgroup.ee\/wp-content\/uploads\/2023\/09\/IWS-STRONG-pumping-station.png\" \/>\n\t<meta property=\"og:image:width\" content=\"336\" \/>\n\t<meta property=\"og:image:height\" content=\"833\" \/>\n\t<meta property=\"og:image:type\" content=\"image\/png\" \/>\n<meta name=\"twitter:card\" content=\"summary_large_image\" \/>\n<script type=\"application\/ld+json\" class=\"yoast-schema-graph\">{\"@context\":\"https:\\\/\\\/schema.org\",\"@graph\":[{\"@type\":\"WebPage\",\"@id\":\"https:\\\/\\\/www.iwsgroup.ee\\\/uus-betoonist-ankurduspohi\\\/\",\"url\":\"https:\\\/\\\/www.iwsgroup.ee\\\/uus-betoonist-ankurduspohi\\\/\",\"name\":\"JAUNA BETONA ENKURPL\u0100TNE &#8211; S\u016bk\u0146u stacijas, tvertnes, septi\u0137is, akas, caurules\",\"isPartOf\":{\"@id\":\"https:\\\/\\\/www.iwsgroup.ee\\\/#website\"},\"primaryImageOfPage\":{\"@id\":\"https:\\\/\\\/www.iwsgroup.ee\\\/uus-betoonist-ankurduspohi\\\/#primaryimage\"},\"image\":{\"@id\":\"https:\\\/\\\/www.iwsgroup.ee\\\/uus-betoonist-ankurduspohi\\\/#primaryimage\"},\"thumbnailUrl\":\"https:\\\/\\\/www.iwsgroup.ee\\\/wp-content\\\/uploads\\\/2023\\\/09\\\/IWS-STRONG-pumping-station.png\",\"datePublished\":\"2023-09-06T07:06:30+00:00\",\"dateModified\":\"2023-10-19T08:27:37+00:00\",\"breadcrumb\":{\"@id\":\"https:\\\/\\\/www.iwsgroup.ee\\\/uus-betoonist-ankurduspohi\\\/#breadcrumb\"},\"inLanguage\":\"lv-LV\",\"potentialAction\":[{\"@type\":\"ReadAction\",\"target\":[\"https:\\\/\\\/www.iwsgroup.ee\\\/uus-betoonist-ankurduspohi\\\/\"]}]},{\"@type\":\"ImageObject\",\"inLanguage\":\"lv-LV\",\"@id\":\"https:\\\/\\\/www.iwsgroup.ee\\\/uus-betoonist-ankurduspohi\\\/#primaryimage\",\"url\":\"https:\\\/\\\/www.iwsgroup.ee\\\/wp-content\\\/uploads\\\/2023\\\/09\\\/IWS-STRONG-pumping-station.png\",\"contentUrl\":\"https:\\\/\\\/www.iwsgroup.ee\\\/wp-content\\\/uploads\\\/2023\\\/09\\\/IWS-STRONG-pumping-station.png\",\"width\":336,\"height\":833,\"caption\":\"IWS STRONG s\u016bk\u0146u stacijas jauna betona enkurpl\u0101tne\"},{\"@type\":\"BreadcrumbList\",\"@id\":\"https:\\\/\\\/www.iwsgroup.ee\\\/uus-betoonist-ankurduspohi\\\/#breadcrumb\",\"itemListElement\":[{\"@type\":\"ListItem\",\"position\":1,\"name\":\"Home\",\"item\":\"https:\\\/\\\/www.iwsgroup.ee\\\/lv\\\/\"},{\"@type\":\"ListItem\",\"position\":2,\"name\":\"JAUNA BETONA ENKURPL\u0100TNE\"}]},{\"@type\":\"WebSite\",\"@id\":\"https:\\\/\\\/www.iwsgroup.ee\\\/#website\",\"url\":\"https:\\\/\\\/www.iwsgroup.ee\\\/\",\"name\":\"S\u016bk\u0146u stacijas, tvertnes, septi\u0137is, akas, caurules\",\"description\":\"Innovative Water Systems\",\"publisher\":{\"@id\":\"https:\\\/\\\/www.iwsgroup.ee\\\/#organization\"},\"potentialAction\":[{\"@type\":\"SearchAction\",\"target\":{\"@type\":\"EntryPoint\",\"urlTemplate\":\"https:\\\/\\\/www.iwsgroup.ee\\\/?s={search_term_string}\"},\"query-input\":{\"@type\":\"PropertyValueSpecification\",\"valueRequired\":true,\"valueName\":\"search_term_string\"}}],\"inLanguage\":\"lv-LV\"},{\"@type\":\"Organization\",\"@id\":\"https:\\\/\\\/www.iwsgroup.ee\\\/#organization\",\"name\":\"Innovative Water Systems\",\"url\":\"https:\\\/\\\/www.iwsgroup.ee\\\/\",\"logo\":{\"@type\":\"ImageObject\",\"inLanguage\":\"lv-LV\",\"@id\":\"https:\\\/\\\/www.iwsgroup.ee\\\/#\\\/schema\\\/logo\\\/image\\\/\",\"url\":\"https:\\\/\\\/www.iwsgroup.ee\\\/wp-content\\\/uploads\\\/2019\\\/03\\\/Innovative-Water-Systems.png\",\"contentUrl\":\"https:\\\/\\\/www.iwsgroup.ee\\\/wp-content\\\/uploads\\\/2019\\\/03\\\/Innovative-Water-Systems.png\",\"width\":1200,\"height\":628,\"caption\":\"Innovative Water Systems\"},\"image\":{\"@id\":\"https:\\\/\\\/www.iwsgroup.ee\\\/#\\\/schema\\\/logo\\\/image\\\/\"}}]}<\/script>\n<!-- \/ Yoast SEO plugin. -->","yoast_head_json":{"title":"JAUNA  BETONA ENKURPL\u0100TNE &#8211; S\u016bk\u0146u stacijas, tvertnes, septi\u0137is, akas, caurules","robots":{"index":"index","follow":"follow","max-snippet":"max-snippet:-1","max-image-preview":"max-image-preview:large","max-video-preview":"max-video-preview:-1"},"canonical":"https:\/\/www.iwsgroup.ee\/uus-betoonist-ankurduspohi\/","og_locale":"lv_LV","og_type":"article","og_title":"JAUNA  BETONA ENKURPL\u0100TNE &#8211; S\u016bk\u0146u stacijas, tvertnes, septi\u0137is, akas, caurules","og_description":"Ra\u017eo\u0161anas laik\u0101 s\u016bk\u0146u stacijai STRONG ID2000 mm tiek pievienota dzelzsbetona enkurpl\u0101tne, kurai tran\u0161ej\u0101 j\u0101pievieno tr\u012bs dzelzsbetona enkurda\u013cas. Enkurpl\u0101tnes izm\u0113ri un stiprin\u0101jums ir izstr\u0101d\u0101ti, \u0146emot v\u0113r\u0101 to, ka s\u016bk\u0146u stacija, ja t\u0101 ir pareizi uzst\u0101d\u012bta, maksim\u0101li stingri turas zem\u0113 grunts\u016bdens l\u012bmen\u012b.","og_url":"https:\/\/www.iwsgroup.ee\/uus-betoonist-ankurduspohi\/","og_site_name":"S\u016bk\u0146u stacijas, tvertnes, septi\u0137is, akas, caurules","article_modified_time":"2023-10-19T08:27:37+00:00","og_image":[{"width":336,"height":833,"url":"https:\/\/www.iwsgroup.ee\/wp-content\/uploads\/2023\/09\/IWS-STRONG-pumping-station.png","type":"image\/png"}],"twitter_card":"summary_large_image","schema":{"@context":"https:\/\/schema.org","@graph":[{"@type":"WebPage","@id":"https:\/\/www.iwsgroup.ee\/uus-betoonist-ankurduspohi\/","url":"https:\/\/www.iwsgroup.ee\/uus-betoonist-ankurduspohi\/","name":"JAUNA BETONA ENKURPL\u0100TNE &#8211; S\u016bk\u0146u stacijas, tvertnes, septi\u0137is, akas, caurules","isPartOf":{"@id":"https:\/\/www.iwsgroup.ee\/#website"},"primaryImageOfPage":{"@id":"https:\/\/www.iwsgroup.ee\/uus-betoonist-ankurduspohi\/#primaryimage"},"image":{"@id":"https:\/\/www.iwsgroup.ee\/uus-betoonist-ankurduspohi\/#primaryimage"},"thumbnailUrl":"https:\/\/www.iwsgroup.ee\/wp-content\/uploads\/2023\/09\/IWS-STRONG-pumping-station.png","datePublished":"2023-09-06T07:06:30+00:00","dateModified":"2023-10-19T08:27:37+00:00","breadcrumb":{"@id":"https:\/\/www.iwsgroup.ee\/uus-betoonist-ankurduspohi\/#breadcrumb"},"inLanguage":"lv-LV","potentialAction":[{"@type":"ReadAction","target":["https:\/\/www.iwsgroup.ee\/uus-betoonist-ankurduspohi\/"]}]},{"@type":"ImageObject","inLanguage":"lv-LV","@id":"https:\/\/www.iwsgroup.ee\/uus-betoonist-ankurduspohi\/#primaryimage","url":"https:\/\/www.iwsgroup.ee\/wp-content\/uploads\/2023\/09\/IWS-STRONG-pumping-station.png","contentUrl":"https:\/\/www.iwsgroup.ee\/wp-content\/uploads\/2023\/09\/IWS-STRONG-pumping-station.png","width":336,"height":833,"caption":"IWS STRONG s\u016bk\u0146u stacijas jauna betona enkurpl\u0101tne"},{"@type":"BreadcrumbList","@id":"https:\/\/www.iwsgroup.ee\/uus-betoonist-ankurduspohi\/#breadcrumb","itemListElement":[{"@type":"ListItem","position":1,"name":"Home","item":"https:\/\/www.iwsgroup.ee\/lv\/"},{"@type":"ListItem","position":2,"name":"JAUNA BETONA ENKURPL\u0100TNE"}]},{"@type":"WebSite","@id":"https:\/\/www.iwsgroup.ee\/#website","url":"https:\/\/www.iwsgroup.ee\/","name":"S\u016bk\u0146u stacijas, tvertnes, septi\u0137is, akas, caurules","description":"Innovative Water Systems","publisher":{"@id":"https:\/\/www.iwsgroup.ee\/#organization"},"potentialAction":[{"@type":"SearchAction","target":{"@type":"EntryPoint","urlTemplate":"https:\/\/www.iwsgroup.ee\/?s={search_term_string}"},"query-input":{"@type":"PropertyValueSpecification","valueRequired":true,"valueName":"search_term_string"}}],"inLanguage":"lv-LV"},{"@type":"Organization","@id":"https:\/\/www.iwsgroup.ee\/#organization","name":"Innovative Water Systems","url":"https:\/\/www.iwsgroup.ee\/","logo":{"@type":"ImageObject","inLanguage":"lv-LV","@id":"https:\/\/www.iwsgroup.ee\/#\/schema\/logo\/image\/","url":"https:\/\/www.iwsgroup.ee\/wp-content\/uploads\/2019\/03\/Innovative-Water-Systems.png","contentUrl":"https:\/\/www.iwsgroup.ee\/wp-content\/uploads\/2019\/03\/Innovative-Water-Systems.png","width":1200,"height":628,"caption":"Innovative Water Systems"},"image":{"@id":"https:\/\/www.iwsgroup.ee\/#\/schema\/logo\/image\/"}}]}},"_links":{"self":[{"href":"https:\/\/www.iwsgroup.ee\/lv\/wp-json\/wp\/v2\/pages\/20859","targetHints":{"allow":["GET"]}}],"collection":[{"href":"https:\/\/www.iwsgroup.ee\/lv\/wp-json\/wp\/v2\/pages"}],"about":[{"href":"https:\/\/www.iwsgroup.ee\/lv\/wp-json\/wp\/v2\/types\/page"}],"author":[{"embeddable":true,"href":"https:\/\/www.iwsgroup.ee\/lv\/wp-json\/wp\/v2\/users\/2"}],"replies":[{"embeddable":true,"href":"https:\/\/www.iwsgroup.ee\/lv\/wp-json\/wp\/v2\/comments?post=20859"}],"version-history":[{"count":11,"href":"https:\/\/www.iwsgroup.ee\/lv\/wp-json\/wp\/v2\/pages\/20859\/revisions"}],"predecessor-version":[{"id":21073,"href":"https:\/\/www.iwsgroup.ee\/lv\/wp-json\/wp\/v2\/pages\/20859\/revisions\/21073"}],"wp:featuredmedia":[{"embeddable":true,"href":"https:\/\/www.iwsgroup.ee\/lv\/wp-json\/wp\/v2\/media\/20532"}],"wp:attachment":[{"href":"https:\/\/www.iwsgroup.ee\/lv\/wp-json\/wp\/v2\/media?parent=20859"}],"wp:term":[{"taxonomy":"post_tag","embeddable":true,"href":"https:\/\/www.iwsgroup.ee\/lv\/wp-json\/wp\/v2\/tags?post=20859"}],"curies":[{"name":"wp","href":"https:\/\/api.w.org\/{rel}","templated":true}]}}