{"id":16320,"date":"2022-05-25T13:38:42","date_gmt":"2022-05-25T10:38:42","guid":{"rendered":"https:\/\/www.iwsgroup.ee\/new-generation-pumping-stations\/"},"modified":"2024-01-11T13:30:23","modified_gmt":"2024-01-11T11:30:23","slug":"jaunas-paaudzes-suknu-stacijas","status":"publish","type":"page","link":"https:\/\/www.iwsgroup.ee\/lv\/jaunas-paaudzes-suknu-stacijas\/","title":{"rendered":"<span>JAUN\u0100S PAAUDZES<\/span><br> S\u016aK\u0145U STACIJAS"},"content":{"rendered":"<p>STRONG s\u016bk\u0146u stacijas ir paredz\u0113tas notek\u016bde\u0146u, lietus \u016bde\u0146u un kanaliz\u0101cijas \u016bde\u0146u s\u016bkn\u0113\u0161anai viet\u0101s, kur nav iesp\u0113jama vai nav izpild\u0101ma gravit\u0101cijas pl\u016bsmas cauru\u013cvadu izb\u016bve.<\/p>\n<p>STRONG s\u016bk\u0146u stacijas ir vienas kameras s\u016bk\u0146u stacijas ar iegremd\u0113jamajiem s\u016bk\u0146iem. S\u016bk\u0146u stacijas ir kompaktas un sast\u0101v no sav\u0101k\u0161anas tvertnes, s\u016bk\u0146iem, to pacel\u0161anas elementiem, spiediena caurul\u0113m un nokomplekt\u0113ta vad\u012bbas skapja.<\/p>\n","protected":false},"excerpt":{"rendered":"<p>STRONG s\u016bk\u0146u stacijas ir paredz\u0113tas notek\u016bde\u0146u, lietus \u016bde\u0146u un kanaliz\u0101cijas \u016bde\u0146u s\u016bkn\u0113\u0161anai viet\u0101s, kur nav iesp\u0113jama vai nav izpild\u0101ma gravit\u0101cijas pl\u016bsmas cauru\u013cvadu izb\u016bve. STRONG s\u016bk\u0146u stacijas ir vienas kameras s\u016bk\u0146u stacijas ar iegremd\u0113jamajiem s\u016bk\u0146iem. S\u016bk\u0146u stacijas ir kompaktas un sast\u0101v no sav\u0101k\u0161anas tvertnes, s\u016bk\u0146iem, to pacel\u0161anas elementiem, spiediena caurul\u0113m un nokomplekt\u0113ta vad\u012bbas skapja.<\/p>\n","protected":false},"author":3,"featured_media":15644,"parent":0,"menu_order":0,"comment_status":"closed","ping_status":"closed","template":"template-new-generation-ps.php","meta":{"_acf_changed":false,"footnotes":"","_links_to":"","_links_to_target":""},"tags":[],"class_list":["post-16320","page","type-page","status-publish","has-post-thumbnail","hentry"],"acf":[],"yoast_head":"<!-- This site is optimized with the Yoast SEO plugin v27.4 - https:\/\/yoast.com\/product\/yoast-seo-wordpress\/ -->\n<title>JAUN\u0100S PAAUDZES S\u016aK\u0145U STACIJAS &#8211; S\u016bk\u0146u stacijas, tvertnes, septi\u0137is, akas, caurules<\/title>\n<meta name=\"robots\" content=\"index, follow, max-snippet:-1, max-image-preview:large, max-video-preview:-1\" \/>\n<link rel=\"canonical\" href=\"https:\/\/www.iwsgroup.ee\/uue-polvkonna-pumplad\/\" \/>\n<meta property=\"og:locale\" content=\"lv_LV\" \/>\n<meta property=\"og:type\" content=\"article\" \/>\n<meta property=\"og:title\" content=\"JAUN\u0100S PAAUDZES S\u016aK\u0145U STACIJAS &#8211; S\u016bk\u0146u stacijas, tvertnes, septi\u0137is, akas, caurules\" \/>\n<meta property=\"og:description\" content=\"STRONG s\u016bk\u0146u stacijas ir paredz\u0113tas notek\u016bde\u0146u, lietus \u016bde\u0146u un kanaliz\u0101cijas \u016bde\u0146u s\u016bkn\u0113\u0161anai viet\u0101s, kur nav iesp\u0113jama vai nav izpild\u0101ma gravit\u0101cijas pl\u016bsmas cauru\u013cvadu izb\u016bve. STRONG s\u016bk\u0146u stacijas ir vienas kameras s\u016bk\u0146u stacijas ar iegremd\u0113jamajiem s\u016bk\u0146iem. S\u016bk\u0146u stacijas ir kompaktas un sast\u0101v no sav\u0101k\u0161anas tvertnes, s\u016bk\u0146iem, to pacel\u0161anas elementiem, spiediena caurul\u0113m un nokomplekt\u0113ta vad\u012bbas skapja.\" \/>\n<meta property=\"og:url\" content=\"https:\/\/www.iwsgroup.ee\/uue-polvkonna-pumplad\/\" \/>\n<meta property=\"og:site_name\" content=\"S\u016bk\u0146u stacijas, tvertnes, septi\u0137is, akas, caurules\" \/>\n<meta property=\"article:modified_time\" content=\"2024-01-11T11:30:23+00:00\" \/>\n<meta property=\"og:image\" content=\"https:\/\/www.iwsgroup.ee\/wp-content\/uploads\/2022\/05\/IWS-STRONG-pumping-station-ID1500.png\" \/>\n\t<meta property=\"og:image:width\" content=\"336\" \/>\n\t<meta property=\"og:image:height\" content=\"757\" \/>\n\t<meta property=\"og:image:type\" content=\"image\/png\" \/>\n<meta name=\"twitter:card\" content=\"summary_large_image\" \/>\n<script type=\"application\/ld+json\" class=\"yoast-schema-graph\">{\"@context\":\"https:\\\/\\\/schema.org\",\"@graph\":[{\"@type\":\"WebPage\",\"@id\":\"https:\\\/\\\/www.iwsgroup.ee\\\/uue-polvkonna-pumplad\\\/\",\"url\":\"https:\\\/\\\/www.iwsgroup.ee\\\/uue-polvkonna-pumplad\\\/\",\"name\":\"JAUN\u0100S PAAUDZES S\u016aK\u0145U STACIJAS &#8211; S\u016bk\u0146u stacijas, tvertnes, septi\u0137is, akas, caurules\",\"isPartOf\":{\"@id\":\"https:\\\/\\\/www.iwsgroup.ee\\\/#website\"},\"primaryImageOfPage\":{\"@id\":\"https:\\\/\\\/www.iwsgroup.ee\\\/uue-polvkonna-pumplad\\\/#primaryimage\"},\"image\":{\"@id\":\"https:\\\/\\\/www.iwsgroup.ee\\\/uue-polvkonna-pumplad\\\/#primaryimage\"},\"thumbnailUrl\":\"https:\\\/\\\/www.iwsgroup.ee\\\/wp-content\\\/uploads\\\/2022\\\/05\\\/IWS-STRONG-pumping-station-ID1500.png\",\"datePublished\":\"2022-05-25T10:38:42+00:00\",\"dateModified\":\"2024-01-11T11:30:23+00:00\",\"breadcrumb\":{\"@id\":\"https:\\\/\\\/www.iwsgroup.ee\\\/uue-polvkonna-pumplad\\\/#breadcrumb\"},\"inLanguage\":\"lv-LV\",\"potentialAction\":[{\"@type\":\"ReadAction\",\"target\":[\"https:\\\/\\\/www.iwsgroup.ee\\\/uue-polvkonna-pumplad\\\/\"]}]},{\"@type\":\"ImageObject\",\"inLanguage\":\"lv-LV\",\"@id\":\"https:\\\/\\\/www.iwsgroup.ee\\\/uue-polvkonna-pumplad\\\/#primaryimage\",\"url\":\"https:\\\/\\\/www.iwsgroup.ee\\\/wp-content\\\/uploads\\\/2022\\\/05\\\/IWS-STRONG-pumping-station-ID1500.png\",\"contentUrl\":\"https:\\\/\\\/www.iwsgroup.ee\\\/wp-content\\\/uploads\\\/2022\\\/05\\\/IWS-STRONG-pumping-station-ID1500.png\",\"width\":336,\"height\":757,\"caption\":\"IWS STRONG nuotek\u0173 siurblin\u0117s\"},{\"@type\":\"BreadcrumbList\",\"@id\":\"https:\\\/\\\/www.iwsgroup.ee\\\/uue-polvkonna-pumplad\\\/#breadcrumb\",\"itemListElement\":[{\"@type\":\"ListItem\",\"position\":1,\"name\":\"Home\",\"item\":\"https:\\\/\\\/www.iwsgroup.ee\\\/lv\\\/\"},{\"@type\":\"ListItem\",\"position\":2,\"name\":\"JAUN\u0100S PAAUDZES S\u016aK\u0145U STACIJAS\"}]},{\"@type\":\"WebSite\",\"@id\":\"https:\\\/\\\/www.iwsgroup.ee\\\/#website\",\"url\":\"https:\\\/\\\/www.iwsgroup.ee\\\/\",\"name\":\"S\u016bk\u0146u stacijas, tvertnes, septi\u0137is, akas, caurules\",\"description\":\"Innovative Water Systems\",\"publisher\":{\"@id\":\"https:\\\/\\\/www.iwsgroup.ee\\\/#organization\"},\"potentialAction\":[{\"@type\":\"SearchAction\",\"target\":{\"@type\":\"EntryPoint\",\"urlTemplate\":\"https:\\\/\\\/www.iwsgroup.ee\\\/?s={search_term_string}\"},\"query-input\":{\"@type\":\"PropertyValueSpecification\",\"valueRequired\":true,\"valueName\":\"search_term_string\"}}],\"inLanguage\":\"lv-LV\"},{\"@type\":\"Organization\",\"@id\":\"https:\\\/\\\/www.iwsgroup.ee\\\/#organization\",\"name\":\"Innovative Water Systems\",\"url\":\"https:\\\/\\\/www.iwsgroup.ee\\\/\",\"logo\":{\"@type\":\"ImageObject\",\"inLanguage\":\"lv-LV\",\"@id\":\"https:\\\/\\\/www.iwsgroup.ee\\\/#\\\/schema\\\/logo\\\/image\\\/\",\"url\":\"https:\\\/\\\/www.iwsgroup.ee\\\/wp-content\\\/uploads\\\/2019\\\/03\\\/Innovative-Water-Systems.png\",\"contentUrl\":\"https:\\\/\\\/www.iwsgroup.ee\\\/wp-content\\\/uploads\\\/2019\\\/03\\\/Innovative-Water-Systems.png\",\"width\":1200,\"height\":628,\"caption\":\"Innovative Water Systems\"},\"image\":{\"@id\":\"https:\\\/\\\/www.iwsgroup.ee\\\/#\\\/schema\\\/logo\\\/image\\\/\"}}]}<\/script>\n<!-- \/ Yoast SEO plugin. -->","yoast_head_json":{"title":"JAUN\u0100S PAAUDZES S\u016aK\u0145U STACIJAS &#8211; S\u016bk\u0146u stacijas, tvertnes, septi\u0137is, akas, caurules","robots":{"index":"index","follow":"follow","max-snippet":"max-snippet:-1","max-image-preview":"max-image-preview:large","max-video-preview":"max-video-preview:-1"},"canonical":"https:\/\/www.iwsgroup.ee\/uue-polvkonna-pumplad\/","og_locale":"lv_LV","og_type":"article","og_title":"JAUN\u0100S PAAUDZES S\u016aK\u0145U STACIJAS &#8211; S\u016bk\u0146u stacijas, tvertnes, septi\u0137is, akas, caurules","og_description":"STRONG s\u016bk\u0146u stacijas ir paredz\u0113tas notek\u016bde\u0146u, lietus \u016bde\u0146u un kanaliz\u0101cijas \u016bde\u0146u s\u016bkn\u0113\u0161anai viet\u0101s, kur nav iesp\u0113jama vai nav izpild\u0101ma gravit\u0101cijas pl\u016bsmas cauru\u013cvadu izb\u016bve. STRONG s\u016bk\u0146u stacijas ir vienas kameras s\u016bk\u0146u stacijas ar iegremd\u0113jamajiem s\u016bk\u0146iem. S\u016bk\u0146u stacijas ir kompaktas un sast\u0101v no sav\u0101k\u0161anas tvertnes, s\u016bk\u0146iem, to pacel\u0161anas elementiem, spiediena caurul\u0113m un nokomplekt\u0113ta vad\u012bbas skapja.","og_url":"https:\/\/www.iwsgroup.ee\/uue-polvkonna-pumplad\/","og_site_name":"S\u016bk\u0146u stacijas, tvertnes, septi\u0137is, akas, caurules","article_modified_time":"2024-01-11T11:30:23+00:00","og_image":[{"width":336,"height":757,"url":"https:\/\/www.iwsgroup.ee\/wp-content\/uploads\/2022\/05\/IWS-STRONG-pumping-station-ID1500.png","type":"image\/png"}],"twitter_card":"summary_large_image","schema":{"@context":"https:\/\/schema.org","@graph":[{"@type":"WebPage","@id":"https:\/\/www.iwsgroup.ee\/uue-polvkonna-pumplad\/","url":"https:\/\/www.iwsgroup.ee\/uue-polvkonna-pumplad\/","name":"JAUN\u0100S PAAUDZES S\u016aK\u0145U STACIJAS &#8211; S\u016bk\u0146u stacijas, tvertnes, septi\u0137is, akas, caurules","isPartOf":{"@id":"https:\/\/www.iwsgroup.ee\/#website"},"primaryImageOfPage":{"@id":"https:\/\/www.iwsgroup.ee\/uue-polvkonna-pumplad\/#primaryimage"},"image":{"@id":"https:\/\/www.iwsgroup.ee\/uue-polvkonna-pumplad\/#primaryimage"},"thumbnailUrl":"https:\/\/www.iwsgroup.ee\/wp-content\/uploads\/2022\/05\/IWS-STRONG-pumping-station-ID1500.png","datePublished":"2022-05-25T10:38:42+00:00","dateModified":"2024-01-11T11:30:23+00:00","breadcrumb":{"@id":"https:\/\/www.iwsgroup.ee\/uue-polvkonna-pumplad\/#breadcrumb"},"inLanguage":"lv-LV","potentialAction":[{"@type":"ReadAction","target":["https:\/\/www.iwsgroup.ee\/uue-polvkonna-pumplad\/"]}]},{"@type":"ImageObject","inLanguage":"lv-LV","@id":"https:\/\/www.iwsgroup.ee\/uue-polvkonna-pumplad\/#primaryimage","url":"https:\/\/www.iwsgroup.ee\/wp-content\/uploads\/2022\/05\/IWS-STRONG-pumping-station-ID1500.png","contentUrl":"https:\/\/www.iwsgroup.ee\/wp-content\/uploads\/2022\/05\/IWS-STRONG-pumping-station-ID1500.png","width":336,"height":757,"caption":"IWS STRONG nuotek\u0173 siurblin\u0117s"},{"@type":"BreadcrumbList","@id":"https:\/\/www.iwsgroup.ee\/uue-polvkonna-pumplad\/#breadcrumb","itemListElement":[{"@type":"ListItem","position":1,"name":"Home","item":"https:\/\/www.iwsgroup.ee\/lv\/"},{"@type":"ListItem","position":2,"name":"JAUN\u0100S PAAUDZES S\u016aK\u0145U STACIJAS"}]},{"@type":"WebSite","@id":"https:\/\/www.iwsgroup.ee\/#website","url":"https:\/\/www.iwsgroup.ee\/","name":"S\u016bk\u0146u stacijas, tvertnes, septi\u0137is, akas, caurules","description":"Innovative Water Systems","publisher":{"@id":"https:\/\/www.iwsgroup.ee\/#organization"},"potentialAction":[{"@type":"SearchAction","target":{"@type":"EntryPoint","urlTemplate":"https:\/\/www.iwsgroup.ee\/?s={search_term_string}"},"query-input":{"@type":"PropertyValueSpecification","valueRequired":true,"valueName":"search_term_string"}}],"inLanguage":"lv-LV"},{"@type":"Organization","@id":"https:\/\/www.iwsgroup.ee\/#organization","name":"Innovative Water Systems","url":"https:\/\/www.iwsgroup.ee\/","logo":{"@type":"ImageObject","inLanguage":"lv-LV","@id":"https:\/\/www.iwsgroup.ee\/#\/schema\/logo\/image\/","url":"https:\/\/www.iwsgroup.ee\/wp-content\/uploads\/2019\/03\/Innovative-Water-Systems.png","contentUrl":"https:\/\/www.iwsgroup.ee\/wp-content\/uploads\/2019\/03\/Innovative-Water-Systems.png","width":1200,"height":628,"caption":"Innovative Water Systems"},"image":{"@id":"https:\/\/www.iwsgroup.ee\/#\/schema\/logo\/image\/"}}]}},"_links":{"self":[{"href":"https:\/\/www.iwsgroup.ee\/lv\/wp-json\/wp\/v2\/pages\/16320","targetHints":{"allow":["GET"]}}],"collection":[{"href":"https:\/\/www.iwsgroup.ee\/lv\/wp-json\/wp\/v2\/pages"}],"about":[{"href":"https:\/\/www.iwsgroup.ee\/lv\/wp-json\/wp\/v2\/types\/page"}],"author":[{"embeddable":true,"href":"https:\/\/www.iwsgroup.ee\/lv\/wp-json\/wp\/v2\/users\/3"}],"replies":[{"embeddable":true,"href":"https:\/\/www.iwsgroup.ee\/lv\/wp-json\/wp\/v2\/comments?post=16320"}],"version-history":[{"count":12,"href":"https:\/\/www.iwsgroup.ee\/lv\/wp-json\/wp\/v2\/pages\/16320\/revisions"}],"predecessor-version":[{"id":21151,"href":"https:\/\/www.iwsgroup.ee\/lv\/wp-json\/wp\/v2\/pages\/16320\/revisions\/21151"}],"wp:featuredmedia":[{"embeddable":true,"href":"https:\/\/www.iwsgroup.ee\/lv\/wp-json\/wp\/v2\/media\/15644"}],"wp:attachment":[{"href":"https:\/\/www.iwsgroup.ee\/lv\/wp-json\/wp\/v2\/media?parent=16320"}],"wp:term":[{"taxonomy":"post_tag","embeddable":true,"href":"https:\/\/www.iwsgroup.ee\/lv\/wp-json\/wp\/v2\/tags?post=16320"}],"curies":[{"name":"wp","href":"https:\/\/api.w.org\/{rel}","templated":true}]}}