{"id":9797,"date":"2019-03-25T19:46:50","date_gmt":"2019-03-25T17:46:50","guid":{"rendered":"https:\/\/www.iwsgroup.ee\/allalaadimised\/"},"modified":"2025-08-08T14:43:01","modified_gmt":"2025-08-08T11:43:01","slug":"atsisiuntimai","status":"publish","type":"page","link":"https:\/\/www.iwsgroup.ee\/lt\/atsisiuntimai\/","title":{"rendered":"Atsisiuntimai"},"content":{"rendered":"<h2 class=\"title text-uppercase\">DOKUMENTAI<\/h2>\n<p style=\"text-align: center;\">Projektuodami naudojame licencijuot\u0105 programin\u0119 \u012frang\u0105. Nor\u0117dami sukurti darbinius br\u0117\u017einius, pasitelkiame pasaulyje pla\u010diausiai naudojam\u0105 CAD sistem\u0105 \u2212 <strong>&#8222;SolidWorks 3D CAD&#8221;<\/strong>. Atsparumo skai\u010diavimams naudojame\u00a0<strong>&#8222;SolidWorks Simulation&#8221;<\/strong>\u00a0program\u0105. Siurblini\u0173 valdymo automatikos skyd\u0173 schem\u0173 sudarymui\u00a0 naudojame <strong>&#8222;AutoCAD Electrical&#8221;<\/strong>\u00a0program\u0105.<\/p>\n","protected":false},"excerpt":{"rendered":"<p>DOKUMENTAI Projektuodami naudojame licencijuot\u0105 programin\u0119 \u012frang\u0105. Nor\u0117dami sukurti darbinius br\u0117\u017einius, pasitelkiame pasaulyje pla\u010diausiai naudojam\u0105 CAD sistem\u0105 \u2212 &#8222;SolidWorks 3D CAD&#8221;. Atsparumo skai\u010diavimams naudojame\u00a0&#8222;SolidWorks Simulation&#8221;\u00a0program\u0105. Siurblini\u0173 valdymo automatikos skyd\u0173 schem\u0173 sudarymui\u00a0 naudojame &#8222;AutoCAD Electrical&#8221;\u00a0program\u0105.<\/p>\n","protected":false},"author":3,"featured_media":0,"parent":0,"menu_order":0,"comment_status":"closed","ping_status":"closed","template":"template-downloads.php","meta":{"_acf_changed":false,"footnotes":"","_links_to":"","_links_to_target":""},"tags":[817,1480,818,819,820,667,694,821,822,823,824,1454,1453,825,1452,826,827,1450,1451,828,1449,829,830,762,1455,676,1448,831],"class_list":["post-9797","page","type-page","status-publish","hentry","tag-3d-2-lt","tag-autocad","tag-autocad-electrical-2-lt","tag-cad-2-lt","tag-dwg-lt","tag-innovative-water-systems-2-lt","tag-iws-2-lt","tag-joonis-lt","tag-juhend-lt","tag-kataloog-lt","tag-kilbiskeemid-lt","tag-lietaus-siurbline","tag-lietaus-vandens-siurbline","tag-litsenseeritud-lt","tag-nuoteku-siurbline","tag-paigaldusjuhend-lt","tag-pdf-lt","tag-pe-siurbline","tag-plastikine-siurbline","tag-sertifikaat-lt","tag-siurbline","tag-solidworks-3d-cad-lt","tag-solidworks-simulation-lt","tag-sss-2-lt","tag-sss-siurbline","tag-strong-2-lt","tag-strong-siurblines","tag-tehniline-info-lt"],"acf":[],"yoast_head":"<!-- This site is optimized with the Yoast SEO plugin v27.4 - https:\/\/yoast.com\/product\/yoast-seo-wordpress\/ -->\n<title>Atsisiuntimai &#8211; Siurblin\u0117s, talpyklos, septikas, \u0161uliniai, vamzd\u017eiai<\/title>\n<meta name=\"robots\" content=\"index, follow, max-snippet:-1, max-image-preview:large, max-video-preview:-1\" \/>\n<link rel=\"canonical\" href=\"https:\/\/www.iwsgroup.ee\/lt\/atsisiuntimai\/\" \/>\n<meta property=\"og:locale\" content=\"lt_LT\" \/>\n<meta property=\"og:type\" content=\"article\" \/>\n<meta property=\"og:title\" content=\"Atsisiuntimai &#8211; Siurblin\u0117s, talpyklos, septikas, \u0161uliniai, vamzd\u017eiai\" \/>\n<meta property=\"og:description\" content=\"DOKUMENTAI Projektuodami naudojame licencijuot\u0105 programin\u0119 \u012frang\u0105. Nor\u0117dami sukurti darbinius br\u0117\u017einius, pasitelkiame pasaulyje pla\u010diausiai naudojam\u0105 CAD sistem\u0105 \u2212 &#8222;SolidWorks 3D CAD&#8221;. Atsparumo skai\u010diavimams naudojame\u00a0&#8222;SolidWorks Simulation&#8221;\u00a0program\u0105. Siurblini\u0173 valdymo automatikos skyd\u0173 schem\u0173 sudarymui\u00a0 naudojame &#8222;AutoCAD Electrical&#8221;\u00a0program\u0105.\" \/>\n<meta property=\"og:url\" content=\"https:\/\/www.iwsgroup.ee\/lt\/atsisiuntimai\/\" \/>\n<meta property=\"og:site_name\" content=\"Siurblin\u0117s, talpyklos, septikas, \u0161uliniai, vamzd\u017eiai\" \/>\n<meta property=\"article:modified_time\" content=\"2025-08-08T11:43:01+00:00\" \/>\n<meta name=\"twitter:card\" content=\"summary_large_image\" \/>\n<meta name=\"twitter:label1\" content=\"Est. reading time\" \/>\n\t<meta name=\"twitter:data1\" content=\"1 minut\u0117\" \/>\n<script type=\"application\/ld+json\" class=\"yoast-schema-graph\">{\"@context\":\"https:\\\/\\\/schema.org\",\"@graph\":[{\"@type\":\"WebPage\",\"@id\":\"https:\\\/\\\/www.iwsgroup.ee\\\/lt\\\/atsisiuntimai\\\/\",\"url\":\"https:\\\/\\\/www.iwsgroup.ee\\\/lt\\\/atsisiuntimai\\\/\",\"name\":\"Atsisiuntimai &#8211; Siurblin\u0117s, talpyklos, septikas, \u0161uliniai, vamzd\u017eiai\",\"isPartOf\":{\"@id\":\"https:\\\/\\\/www.iwsgroup.ee\\\/#website\"},\"datePublished\":\"2019-03-25T17:46:50+00:00\",\"dateModified\":\"2025-08-08T11:43:01+00:00\",\"breadcrumb\":{\"@id\":\"https:\\\/\\\/www.iwsgroup.ee\\\/lt\\\/atsisiuntimai\\\/#breadcrumb\"},\"inLanguage\":\"lt-LT\",\"potentialAction\":[{\"@type\":\"ReadAction\",\"target\":[\"https:\\\/\\\/www.iwsgroup.ee\\\/lt\\\/atsisiuntimai\\\/\"]}]},{\"@type\":\"BreadcrumbList\",\"@id\":\"https:\\\/\\\/www.iwsgroup.ee\\\/lt\\\/atsisiuntimai\\\/#breadcrumb\",\"itemListElement\":[{\"@type\":\"ListItem\",\"position\":1,\"name\":\"Home\",\"item\":\"https:\\\/\\\/www.iwsgroup.ee\\\/lt\\\/\"},{\"@type\":\"ListItem\",\"position\":2,\"name\":\"Atsisiuntimai\"}]},{\"@type\":\"WebSite\",\"@id\":\"https:\\\/\\\/www.iwsgroup.ee\\\/#website\",\"url\":\"https:\\\/\\\/www.iwsgroup.ee\\\/\",\"name\":\"Siurblin\u0117s, talpyklos, septikas, \u0161uliniai, vamzd\u017eiai\",\"description\":\"Innovative Water Systems\",\"publisher\":{\"@id\":\"https:\\\/\\\/www.iwsgroup.ee\\\/#organization\"},\"potentialAction\":[{\"@type\":\"SearchAction\",\"target\":{\"@type\":\"EntryPoint\",\"urlTemplate\":\"https:\\\/\\\/www.iwsgroup.ee\\\/?s={search_term_string}\"},\"query-input\":{\"@type\":\"PropertyValueSpecification\",\"valueRequired\":true,\"valueName\":\"search_term_string\"}}],\"inLanguage\":\"lt-LT\"},{\"@type\":\"Organization\",\"@id\":\"https:\\\/\\\/www.iwsgroup.ee\\\/#organization\",\"name\":\"Innovative Water Systems\",\"url\":\"https:\\\/\\\/www.iwsgroup.ee\\\/\",\"logo\":{\"@type\":\"ImageObject\",\"inLanguage\":\"lt-LT\",\"@id\":\"https:\\\/\\\/www.iwsgroup.ee\\\/#\\\/schema\\\/logo\\\/image\\\/\",\"url\":\"https:\\\/\\\/www.iwsgroup.ee\\\/wp-content\\\/uploads\\\/2019\\\/03\\\/Innovative-Water-Systems.png\",\"contentUrl\":\"https:\\\/\\\/www.iwsgroup.ee\\\/wp-content\\\/uploads\\\/2019\\\/03\\\/Innovative-Water-Systems.png\",\"width\":1200,\"height\":628,\"caption\":\"Innovative Water Systems\"},\"image\":{\"@id\":\"https:\\\/\\\/www.iwsgroup.ee\\\/#\\\/schema\\\/logo\\\/image\\\/\"}}]}<\/script>\n<!-- \/ Yoast SEO plugin. -->","yoast_head_json":{"title":"Atsisiuntimai &#8211; Siurblin\u0117s, talpyklos, septikas, \u0161uliniai, vamzd\u017eiai","robots":{"index":"index","follow":"follow","max-snippet":"max-snippet:-1","max-image-preview":"max-image-preview:large","max-video-preview":"max-video-preview:-1"},"canonical":"https:\/\/www.iwsgroup.ee\/lt\/atsisiuntimai\/","og_locale":"lt_LT","og_type":"article","og_title":"Atsisiuntimai &#8211; Siurblin\u0117s, talpyklos, septikas, \u0161uliniai, vamzd\u017eiai","og_description":"DOKUMENTAI Projektuodami naudojame licencijuot\u0105 programin\u0119 \u012frang\u0105. Nor\u0117dami sukurti darbinius br\u0117\u017einius, pasitelkiame pasaulyje pla\u010diausiai naudojam\u0105 CAD sistem\u0105 \u2212 &#8222;SolidWorks 3D CAD&#8221;. Atsparumo skai\u010diavimams naudojame\u00a0&#8222;SolidWorks Simulation&#8221;\u00a0program\u0105. Siurblini\u0173 valdymo automatikos skyd\u0173 schem\u0173 sudarymui\u00a0 naudojame &#8222;AutoCAD Electrical&#8221;\u00a0program\u0105.","og_url":"https:\/\/www.iwsgroup.ee\/lt\/atsisiuntimai\/","og_site_name":"Siurblin\u0117s, talpyklos, septikas, \u0161uliniai, vamzd\u017eiai","article_modified_time":"2025-08-08T11:43:01+00:00","twitter_card":"summary_large_image","twitter_misc":{"Est. reading time":"1 minut\u0117"},"schema":{"@context":"https:\/\/schema.org","@graph":[{"@type":"WebPage","@id":"https:\/\/www.iwsgroup.ee\/lt\/atsisiuntimai\/","url":"https:\/\/www.iwsgroup.ee\/lt\/atsisiuntimai\/","name":"Atsisiuntimai &#8211; Siurblin\u0117s, talpyklos, septikas, \u0161uliniai, vamzd\u017eiai","isPartOf":{"@id":"https:\/\/www.iwsgroup.ee\/#website"},"datePublished":"2019-03-25T17:46:50+00:00","dateModified":"2025-08-08T11:43:01+00:00","breadcrumb":{"@id":"https:\/\/www.iwsgroup.ee\/lt\/atsisiuntimai\/#breadcrumb"},"inLanguage":"lt-LT","potentialAction":[{"@type":"ReadAction","target":["https:\/\/www.iwsgroup.ee\/lt\/atsisiuntimai\/"]}]},{"@type":"BreadcrumbList","@id":"https:\/\/www.iwsgroup.ee\/lt\/atsisiuntimai\/#breadcrumb","itemListElement":[{"@type":"ListItem","position":1,"name":"Home","item":"https:\/\/www.iwsgroup.ee\/lt\/"},{"@type":"ListItem","position":2,"name":"Atsisiuntimai"}]},{"@type":"WebSite","@id":"https:\/\/www.iwsgroup.ee\/#website","url":"https:\/\/www.iwsgroup.ee\/","name":"Siurblin\u0117s, talpyklos, septikas, \u0161uliniai, vamzd\u017eiai","description":"Innovative Water Systems","publisher":{"@id":"https:\/\/www.iwsgroup.ee\/#organization"},"potentialAction":[{"@type":"SearchAction","target":{"@type":"EntryPoint","urlTemplate":"https:\/\/www.iwsgroup.ee\/?s={search_term_string}"},"query-input":{"@type":"PropertyValueSpecification","valueRequired":true,"valueName":"search_term_string"}}],"inLanguage":"lt-LT"},{"@type":"Organization","@id":"https:\/\/www.iwsgroup.ee\/#organization","name":"Innovative Water Systems","url":"https:\/\/www.iwsgroup.ee\/","logo":{"@type":"ImageObject","inLanguage":"lt-LT","@id":"https:\/\/www.iwsgroup.ee\/#\/schema\/logo\/image\/","url":"https:\/\/www.iwsgroup.ee\/wp-content\/uploads\/2019\/03\/Innovative-Water-Systems.png","contentUrl":"https:\/\/www.iwsgroup.ee\/wp-content\/uploads\/2019\/03\/Innovative-Water-Systems.png","width":1200,"height":628,"caption":"Innovative Water Systems"},"image":{"@id":"https:\/\/www.iwsgroup.ee\/#\/schema\/logo\/image\/"}}]}},"_links":{"self":[{"href":"https:\/\/www.iwsgroup.ee\/lt\/wp-json\/wp\/v2\/pages\/9797","targetHints":{"allow":["GET"]}}],"collection":[{"href":"https:\/\/www.iwsgroup.ee\/lt\/wp-json\/wp\/v2\/pages"}],"about":[{"href":"https:\/\/www.iwsgroup.ee\/lt\/wp-json\/wp\/v2\/types\/page"}],"author":[{"embeddable":true,"href":"https:\/\/www.iwsgroup.ee\/lt\/wp-json\/wp\/v2\/users\/3"}],"replies":[{"embeddable":true,"href":"https:\/\/www.iwsgroup.ee\/lt\/wp-json\/wp\/v2\/comments?post=9797"}],"version-history":[{"count":63,"href":"https:\/\/www.iwsgroup.ee\/lt\/wp-json\/wp\/v2\/pages\/9797\/revisions"}],"predecessor-version":[{"id":24788,"href":"https:\/\/www.iwsgroup.ee\/lt\/wp-json\/wp\/v2\/pages\/9797\/revisions\/24788"}],"wp:attachment":[{"href":"https:\/\/www.iwsgroup.ee\/lt\/wp-json\/wp\/v2\/media?parent=9797"}],"wp:term":[{"taxonomy":"post_tag","embeddable":true,"href":"https:\/\/www.iwsgroup.ee\/lt\/wp-json\/wp\/v2\/tags?post=9797"}],"curies":[{"name":"wp","href":"https:\/\/api.w.org\/{rel}","templated":true}]}}