{"id":9791,"date":"2019-04-17T13:35:01","date_gmt":"2019-04-17T10:35:01","guid":{"rendered":"https:\/\/www.iwsgroup.ee\/strong-tooted\/"},"modified":"2021-04-08T15:48:21","modified_gmt":"2021-04-08T12:48:21","slug":"strong-gaminiai","status":"publish","type":"page","link":"https:\/\/www.iwsgroup.ee\/lt\/strong-gaminiai\/","title":{"rendered":"STRONG Gaminiai"},"content":{"rendered":"<p>M\u016bs\u0173 misija yra b\u016bti siurblini\u0173 gamybos sektoriaus lyderiu, b\u016bti geriausiu savo klient\u0173 partneriu, u\u017etikrinan\u010di\u0173 j\u0173 s\u0117km\u0119, pasitelkiant pa\u017eangius ir ilgalaikius siurblini\u0173 sprendimus.<\/p>\n<p>Prek\u0117s \u017eenklas \u201eSTRONG\u201c naudojamas visuose gamini\u0173 apra\u0161ymuose ir jau yra gerai \u017einomas daugeliui m\u016bs\u0173 klient\u0173. Prek\u0117s \u017eenklas \u201eSTRONG\u201c yra registruotas visose ES valstyb\u0117se nar\u0117se.<\/p>\n","protected":false},"excerpt":{"rendered":"<p>Prek\u0117s \u017eenklas &#8222;STRONG&#8221; rei\u0161kia auk\u0161tos kokyb\u0117s ir ilgai tarnaujant\u012f gamin\u012f.<\/p>\n","protected":false},"author":1,"featured_media":0,"parent":0,"menu_order":0,"comment_status":"closed","ping_status":"closed","template":"template-page-strong.php","meta":{"_acf_changed":false,"footnotes":"","_links_to":"","_links_to_target":""},"tags":[773,1456,1454,1453,1452,1485,1472,1450,1477,1466,1451,1471,1473,1479,1464,1449,762,1455,1484,1481,1448,781],"class_list":["post-9791","page","type-page","status-publish","hentry","tag-eluiga-50-aastat-lt","tag-iwsgroup-lt","tag-lietaus-siurbline","tag-lietaus-vandens-siurbline","tag-nuoteku-siurbline","tag-pe-gaminiai","tag-pe-kameros","tag-pe-siurbline","tag-pe-talpyklos","tag-pe-vamzdziai","tag-plastikine-siurbline","tag-plastikines-kameros","tag-plastikiniai-rezervuarai","tag-plastikiniai-talpyklos","tag-plastikiniai-vamzdziai","tag-siurbline","tag-sss-2-lt","tag-sss-siurbline","tag-strong-gaminiai","tag-strong-produktai","tag-strong-siurblines","tag-vastupidav-lt"],"acf":[],"yoast_head":"<!-- This site is optimized with the Yoast SEO plugin v27.4 - https:\/\/yoast.com\/product\/yoast-seo-wordpress\/ -->\n<title>STRONG Gaminiai &#8211; Siurblin\u0117s, talpyklos, septikas, \u0161uliniai, vamzd\u017eiai<\/title>\n<meta name=\"robots\" content=\"index, follow, max-snippet:-1, max-image-preview:large, max-video-preview:-1\" \/>\n<link rel=\"canonical\" href=\"https:\/\/www.iwsgroup.ee\/lt\/strong-gaminiai\/\" \/>\n<meta property=\"og:locale\" content=\"lt_LT\" \/>\n<meta property=\"og:type\" content=\"article\" \/>\n<meta property=\"og:title\" content=\"STRONG Gaminiai &#8211; Siurblin\u0117s, talpyklos, septikas, \u0161uliniai, vamzd\u017eiai\" \/>\n<meta property=\"og:description\" content=\"Prek\u0117s \u017eenklas &quot;STRONG&quot; rei\u0161kia auk\u0161tos kokyb\u0117s ir ilgai tarnaujant\u012f gamin\u012f.\" \/>\n<meta property=\"og:url\" content=\"https:\/\/www.iwsgroup.ee\/lt\/strong-gaminiai\/\" \/>\n<meta property=\"og:site_name\" content=\"Siurblin\u0117s, talpyklos, septikas, \u0161uliniai, vamzd\u017eiai\" \/>\n<meta property=\"article:modified_time\" content=\"2021-04-08T12:48:21+00:00\" \/>\n<meta name=\"twitter:card\" content=\"summary_large_image\" \/>\n<script type=\"application\/ld+json\" class=\"yoast-schema-graph\">{\"@context\":\"https:\\\/\\\/schema.org\",\"@graph\":[{\"@type\":\"WebPage\",\"@id\":\"https:\\\/\\\/www.iwsgroup.ee\\\/lt\\\/strong-gaminiai\\\/\",\"url\":\"https:\\\/\\\/www.iwsgroup.ee\\\/lt\\\/strong-gaminiai\\\/\",\"name\":\"STRONG Gaminiai &#8211; Siurblin\u0117s, talpyklos, septikas, \u0161uliniai, vamzd\u017eiai\",\"isPartOf\":{\"@id\":\"https:\\\/\\\/www.iwsgroup.ee\\\/#website\"},\"datePublished\":\"2019-04-17T10:35:01+00:00\",\"dateModified\":\"2021-04-08T12:48:21+00:00\",\"breadcrumb\":{\"@id\":\"https:\\\/\\\/www.iwsgroup.ee\\\/lt\\\/strong-gaminiai\\\/#breadcrumb\"},\"inLanguage\":\"lt-LT\",\"potentialAction\":[{\"@type\":\"ReadAction\",\"target\":[\"https:\\\/\\\/www.iwsgroup.ee\\\/lt\\\/strong-gaminiai\\\/\"]}]},{\"@type\":\"BreadcrumbList\",\"@id\":\"https:\\\/\\\/www.iwsgroup.ee\\\/lt\\\/strong-gaminiai\\\/#breadcrumb\",\"itemListElement\":[{\"@type\":\"ListItem\",\"position\":1,\"name\":\"Home\",\"item\":\"https:\\\/\\\/www.iwsgroup.ee\\\/lt\\\/\"},{\"@type\":\"ListItem\",\"position\":2,\"name\":\"STRONG Gaminiai\"}]},{\"@type\":\"WebSite\",\"@id\":\"https:\\\/\\\/www.iwsgroup.ee\\\/#website\",\"url\":\"https:\\\/\\\/www.iwsgroup.ee\\\/\",\"name\":\"Siurblin\u0117s, talpyklos, septikas, \u0161uliniai, vamzd\u017eiai\",\"description\":\"Innovative Water Systems\",\"publisher\":{\"@id\":\"https:\\\/\\\/www.iwsgroup.ee\\\/#organization\"},\"potentialAction\":[{\"@type\":\"SearchAction\",\"target\":{\"@type\":\"EntryPoint\",\"urlTemplate\":\"https:\\\/\\\/www.iwsgroup.ee\\\/?s={search_term_string}\"},\"query-input\":{\"@type\":\"PropertyValueSpecification\",\"valueRequired\":true,\"valueName\":\"search_term_string\"}}],\"inLanguage\":\"lt-LT\"},{\"@type\":\"Organization\",\"@id\":\"https:\\\/\\\/www.iwsgroup.ee\\\/#organization\",\"name\":\"Innovative Water Systems\",\"url\":\"https:\\\/\\\/www.iwsgroup.ee\\\/\",\"logo\":{\"@type\":\"ImageObject\",\"inLanguage\":\"lt-LT\",\"@id\":\"https:\\\/\\\/www.iwsgroup.ee\\\/#\\\/schema\\\/logo\\\/image\\\/\",\"url\":\"https:\\\/\\\/www.iwsgroup.ee\\\/wp-content\\\/uploads\\\/2019\\\/03\\\/Innovative-Water-Systems.png\",\"contentUrl\":\"https:\\\/\\\/www.iwsgroup.ee\\\/wp-content\\\/uploads\\\/2019\\\/03\\\/Innovative-Water-Systems.png\",\"width\":1200,\"height\":628,\"caption\":\"Innovative Water Systems\"},\"image\":{\"@id\":\"https:\\\/\\\/www.iwsgroup.ee\\\/#\\\/schema\\\/logo\\\/image\\\/\"}}]}<\/script>\n<!-- \/ Yoast SEO plugin. -->","yoast_head_json":{"title":"STRONG Gaminiai &#8211; Siurblin\u0117s, talpyklos, septikas, \u0161uliniai, vamzd\u017eiai","robots":{"index":"index","follow":"follow","max-snippet":"max-snippet:-1","max-image-preview":"max-image-preview:large","max-video-preview":"max-video-preview:-1"},"canonical":"https:\/\/www.iwsgroup.ee\/lt\/strong-gaminiai\/","og_locale":"lt_LT","og_type":"article","og_title":"STRONG Gaminiai &#8211; Siurblin\u0117s, talpyklos, septikas, \u0161uliniai, vamzd\u017eiai","og_description":"Prek\u0117s \u017eenklas \"STRONG\" rei\u0161kia auk\u0161tos kokyb\u0117s ir ilgai tarnaujant\u012f gamin\u012f.","og_url":"https:\/\/www.iwsgroup.ee\/lt\/strong-gaminiai\/","og_site_name":"Siurblin\u0117s, talpyklos, septikas, \u0161uliniai, vamzd\u017eiai","article_modified_time":"2021-04-08T12:48:21+00:00","twitter_card":"summary_large_image","schema":{"@context":"https:\/\/schema.org","@graph":[{"@type":"WebPage","@id":"https:\/\/www.iwsgroup.ee\/lt\/strong-gaminiai\/","url":"https:\/\/www.iwsgroup.ee\/lt\/strong-gaminiai\/","name":"STRONG Gaminiai &#8211; Siurblin\u0117s, talpyklos, septikas, \u0161uliniai, vamzd\u017eiai","isPartOf":{"@id":"https:\/\/www.iwsgroup.ee\/#website"},"datePublished":"2019-04-17T10:35:01+00:00","dateModified":"2021-04-08T12:48:21+00:00","breadcrumb":{"@id":"https:\/\/www.iwsgroup.ee\/lt\/strong-gaminiai\/#breadcrumb"},"inLanguage":"lt-LT","potentialAction":[{"@type":"ReadAction","target":["https:\/\/www.iwsgroup.ee\/lt\/strong-gaminiai\/"]}]},{"@type":"BreadcrumbList","@id":"https:\/\/www.iwsgroup.ee\/lt\/strong-gaminiai\/#breadcrumb","itemListElement":[{"@type":"ListItem","position":1,"name":"Home","item":"https:\/\/www.iwsgroup.ee\/lt\/"},{"@type":"ListItem","position":2,"name":"STRONG Gaminiai"}]},{"@type":"WebSite","@id":"https:\/\/www.iwsgroup.ee\/#website","url":"https:\/\/www.iwsgroup.ee\/","name":"Siurblin\u0117s, talpyklos, septikas, \u0161uliniai, vamzd\u017eiai","description":"Innovative Water Systems","publisher":{"@id":"https:\/\/www.iwsgroup.ee\/#organization"},"potentialAction":[{"@type":"SearchAction","target":{"@type":"EntryPoint","urlTemplate":"https:\/\/www.iwsgroup.ee\/?s={search_term_string}"},"query-input":{"@type":"PropertyValueSpecification","valueRequired":true,"valueName":"search_term_string"}}],"inLanguage":"lt-LT"},{"@type":"Organization","@id":"https:\/\/www.iwsgroup.ee\/#organization","name":"Innovative Water Systems","url":"https:\/\/www.iwsgroup.ee\/","logo":{"@type":"ImageObject","inLanguage":"lt-LT","@id":"https:\/\/www.iwsgroup.ee\/#\/schema\/logo\/image\/","url":"https:\/\/www.iwsgroup.ee\/wp-content\/uploads\/2019\/03\/Innovative-Water-Systems.png","contentUrl":"https:\/\/www.iwsgroup.ee\/wp-content\/uploads\/2019\/03\/Innovative-Water-Systems.png","width":1200,"height":628,"caption":"Innovative Water Systems"},"image":{"@id":"https:\/\/www.iwsgroup.ee\/#\/schema\/logo\/image\/"}}]}},"_links":{"self":[{"href":"https:\/\/www.iwsgroup.ee\/lt\/wp-json\/wp\/v2\/pages\/9791","targetHints":{"allow":["GET"]}}],"collection":[{"href":"https:\/\/www.iwsgroup.ee\/lt\/wp-json\/wp\/v2\/pages"}],"about":[{"href":"https:\/\/www.iwsgroup.ee\/lt\/wp-json\/wp\/v2\/types\/page"}],"author":[{"embeddable":true,"href":"https:\/\/www.iwsgroup.ee\/lt\/wp-json\/wp\/v2\/users\/1"}],"replies":[{"embeddable":true,"href":"https:\/\/www.iwsgroup.ee\/lt\/wp-json\/wp\/v2\/comments?post=9791"}],"version-history":[{"count":4,"href":"https:\/\/www.iwsgroup.ee\/lt\/wp-json\/wp\/v2\/pages\/9791\/revisions"}],"predecessor-version":[{"id":11267,"href":"https:\/\/www.iwsgroup.ee\/lt\/wp-json\/wp\/v2\/pages\/9791\/revisions\/11267"}],"wp:attachment":[{"href":"https:\/\/www.iwsgroup.ee\/lt\/wp-json\/wp\/v2\/media?parent=9791"}],"wp:term":[{"taxonomy":"post_tag","embeddable":true,"href":"https:\/\/www.iwsgroup.ee\/lt\/wp-json\/wp\/v2\/tags?post=9791"}],"curies":[{"name":"wp","href":"https:\/\/api.w.org\/{rel}","templated":true}]}}