{"id":9787,"date":"2019-03-25T19:47:26","date_gmt":"2019-03-25T17:47:26","guid":{"rendered":"https:\/\/www.iwsgroup.ee\/kontakt\/"},"modified":"2026-02-03T18:11:34","modified_gmt":"2026-02-03T16:11:34","slug":"kontaktai","status":"publish","type":"page","link":"https:\/\/www.iwsgroup.ee\/lt\/kontaktai\/","title":{"rendered":"Kontaktai"},"content":{"rendered":"<p>Aruk\u00fcla tee 65<br \/>\nJ\u00fcri alevik 75301<br \/>\nRae vald, Harjumaa, Estija<\/p>\n","protected":false},"excerpt":{"rendered":"<p>Aruk\u00fcla tee 65 J\u00fcri alevik 75301 Rae vald, Harjumaa, Estija<\/p>\n","protected":false},"author":1,"featured_media":0,"parent":0,"menu_order":0,"comment_status":"closed","ping_status":"closed","template":"template-contact.php","meta":{"_acf_changed":false,"footnotes":"","_links_to":"","_links_to_target":""},"tags":[742,667,694,1456,743,744,745,746,1454,1453,747,669,670,1452,748,1485,1450,1451,749,750,674,730,675,751,1449,762,1455,676,1484,1448,1483,678],"class_list":["post-9787","page","type-page","status-publish","hentry","tag-agru-2-lt","tag-innovative-water-systems-2-lt","tag-iws-2-lt","tag-iwsgroup-lt","tag-juhtautomaatika-lt","tag-juhtautomaatikakilp-lt","tag-kaevud-lt","tag-kilp-lt","tag-lietaus-siurbline","tag-lietaus-vandens-siurbline","tag-mahutid-lt","tag-nordic-2-lt","tag-nordic-poly-mark-2-lt","tag-nuoteku-siurbline","tag-opto-2-lt","tag-pe-gaminiai","tag-pe-siurbline","tag-plastikine-siurbline","tag-plastkaevud-lt","tag-plastmahutid-lt","tag-plastpumplad-lt","tag-plasttooted-lt","tag-pumplad-lt","tag-septikud-lt","tag-siurbline","tag-sss-2-lt","tag-sss-siurbline","tag-strong-2-lt","tag-strong-gaminiai","tag-strong-siurblines","tag-strong-strong-produktai","tag-strong-tooted-lt"],"acf":[],"yoast_head":"<!-- This site is optimized with the Yoast SEO plugin v27.4 - https:\/\/yoast.com\/product\/yoast-seo-wordpress\/ -->\n<title>Kontaktai &#8211; Siurblin\u0117s, talpyklos, septikas, \u0161uliniai, vamzd\u017eiai<\/title>\n<meta name=\"robots\" content=\"index, follow, max-snippet:-1, max-image-preview:large, max-video-preview:-1\" \/>\n<link rel=\"canonical\" href=\"https:\/\/www.iwsgroup.ee\/lt\/kontaktai\/\" \/>\n<meta property=\"og:locale\" content=\"lt_LT\" \/>\n<meta property=\"og:type\" content=\"article\" \/>\n<meta property=\"og:title\" content=\"Kontaktai &#8211; Siurblin\u0117s, talpyklos, septikas, \u0161uliniai, vamzd\u017eiai\" \/>\n<meta property=\"og:description\" content=\"Aruk\u00fcla tee 65 J\u00fcri alevik 75301 Rae vald, Harjumaa, Estija\" \/>\n<meta property=\"og:url\" content=\"https:\/\/www.iwsgroup.ee\/lt\/kontaktai\/\" \/>\n<meta property=\"og:site_name\" content=\"Siurblin\u0117s, talpyklos, septikas, \u0161uliniai, vamzd\u017eiai\" \/>\n<meta property=\"article:modified_time\" content=\"2026-02-03T16:11:34+00:00\" \/>\n<meta name=\"twitter:card\" content=\"summary_large_image\" \/>\n<meta name=\"twitter:label1\" content=\"Est. reading time\" \/>\n\t<meta name=\"twitter:data1\" content=\"1 minut\u0117\" \/>\n<script type=\"application\/ld+json\" class=\"yoast-schema-graph\">{\"@context\":\"https:\\\/\\\/schema.org\",\"@graph\":[{\"@type\":\"WebPage\",\"@id\":\"https:\\\/\\\/www.iwsgroup.ee\\\/lt\\\/kontaktai\\\/\",\"url\":\"https:\\\/\\\/www.iwsgroup.ee\\\/lt\\\/kontaktai\\\/\",\"name\":\"Kontaktai &#8211; Siurblin\u0117s, talpyklos, septikas, \u0161uliniai, vamzd\u017eiai\",\"isPartOf\":{\"@id\":\"https:\\\/\\\/www.iwsgroup.ee\\\/#website\"},\"datePublished\":\"2019-03-25T17:47:26+00:00\",\"dateModified\":\"2026-02-03T16:11:34+00:00\",\"breadcrumb\":{\"@id\":\"https:\\\/\\\/www.iwsgroup.ee\\\/lt\\\/kontaktai\\\/#breadcrumb\"},\"inLanguage\":\"lt-LT\",\"potentialAction\":[{\"@type\":\"ReadAction\",\"target\":[\"https:\\\/\\\/www.iwsgroup.ee\\\/lt\\\/kontaktai\\\/\"]}]},{\"@type\":\"BreadcrumbList\",\"@id\":\"https:\\\/\\\/www.iwsgroup.ee\\\/lt\\\/kontaktai\\\/#breadcrumb\",\"itemListElement\":[{\"@type\":\"ListItem\",\"position\":1,\"name\":\"Home\",\"item\":\"https:\\\/\\\/www.iwsgroup.ee\\\/lt\\\/\"},{\"@type\":\"ListItem\",\"position\":2,\"name\":\"Kontaktai\"}]},{\"@type\":\"WebSite\",\"@id\":\"https:\\\/\\\/www.iwsgroup.ee\\\/#website\",\"url\":\"https:\\\/\\\/www.iwsgroup.ee\\\/\",\"name\":\"Siurblin\u0117s, talpyklos, septikas, \u0161uliniai, vamzd\u017eiai\",\"description\":\"Innovative Water Systems\",\"publisher\":{\"@id\":\"https:\\\/\\\/www.iwsgroup.ee\\\/#organization\"},\"potentialAction\":[{\"@type\":\"SearchAction\",\"target\":{\"@type\":\"EntryPoint\",\"urlTemplate\":\"https:\\\/\\\/www.iwsgroup.ee\\\/?s={search_term_string}\"},\"query-input\":{\"@type\":\"PropertyValueSpecification\",\"valueRequired\":true,\"valueName\":\"search_term_string\"}}],\"inLanguage\":\"lt-LT\"},{\"@type\":\"Organization\",\"@id\":\"https:\\\/\\\/www.iwsgroup.ee\\\/#organization\",\"name\":\"Innovative Water Systems\",\"url\":\"https:\\\/\\\/www.iwsgroup.ee\\\/\",\"logo\":{\"@type\":\"ImageObject\",\"inLanguage\":\"lt-LT\",\"@id\":\"https:\\\/\\\/www.iwsgroup.ee\\\/#\\\/schema\\\/logo\\\/image\\\/\",\"url\":\"https:\\\/\\\/www.iwsgroup.ee\\\/wp-content\\\/uploads\\\/2019\\\/03\\\/Innovative-Water-Systems.png\",\"contentUrl\":\"https:\\\/\\\/www.iwsgroup.ee\\\/wp-content\\\/uploads\\\/2019\\\/03\\\/Innovative-Water-Systems.png\",\"width\":1200,\"height\":628,\"caption\":\"Innovative Water Systems\"},\"image\":{\"@id\":\"https:\\\/\\\/www.iwsgroup.ee\\\/#\\\/schema\\\/logo\\\/image\\\/\"}}]}<\/script>\n<!-- \/ Yoast SEO plugin. -->","yoast_head_json":{"title":"Kontaktai &#8211; Siurblin\u0117s, talpyklos, septikas, \u0161uliniai, vamzd\u017eiai","robots":{"index":"index","follow":"follow","max-snippet":"max-snippet:-1","max-image-preview":"max-image-preview:large","max-video-preview":"max-video-preview:-1"},"canonical":"https:\/\/www.iwsgroup.ee\/lt\/kontaktai\/","og_locale":"lt_LT","og_type":"article","og_title":"Kontaktai &#8211; Siurblin\u0117s, talpyklos, septikas, \u0161uliniai, vamzd\u017eiai","og_description":"Aruk\u00fcla tee 65 J\u00fcri alevik 75301 Rae vald, Harjumaa, Estija","og_url":"https:\/\/www.iwsgroup.ee\/lt\/kontaktai\/","og_site_name":"Siurblin\u0117s, talpyklos, septikas, \u0161uliniai, vamzd\u017eiai","article_modified_time":"2026-02-03T16:11:34+00:00","twitter_card":"summary_large_image","twitter_misc":{"Est. reading time":"1 minut\u0117"},"schema":{"@context":"https:\/\/schema.org","@graph":[{"@type":"WebPage","@id":"https:\/\/www.iwsgroup.ee\/lt\/kontaktai\/","url":"https:\/\/www.iwsgroup.ee\/lt\/kontaktai\/","name":"Kontaktai &#8211; Siurblin\u0117s, talpyklos, septikas, \u0161uliniai, vamzd\u017eiai","isPartOf":{"@id":"https:\/\/www.iwsgroup.ee\/#website"},"datePublished":"2019-03-25T17:47:26+00:00","dateModified":"2026-02-03T16:11:34+00:00","breadcrumb":{"@id":"https:\/\/www.iwsgroup.ee\/lt\/kontaktai\/#breadcrumb"},"inLanguage":"lt-LT","potentialAction":[{"@type":"ReadAction","target":["https:\/\/www.iwsgroup.ee\/lt\/kontaktai\/"]}]},{"@type":"BreadcrumbList","@id":"https:\/\/www.iwsgroup.ee\/lt\/kontaktai\/#breadcrumb","itemListElement":[{"@type":"ListItem","position":1,"name":"Home","item":"https:\/\/www.iwsgroup.ee\/lt\/"},{"@type":"ListItem","position":2,"name":"Kontaktai"}]},{"@type":"WebSite","@id":"https:\/\/www.iwsgroup.ee\/#website","url":"https:\/\/www.iwsgroup.ee\/","name":"Siurblin\u0117s, talpyklos, septikas, \u0161uliniai, vamzd\u017eiai","description":"Innovative Water Systems","publisher":{"@id":"https:\/\/www.iwsgroup.ee\/#organization"},"potentialAction":[{"@type":"SearchAction","target":{"@type":"EntryPoint","urlTemplate":"https:\/\/www.iwsgroup.ee\/?s={search_term_string}"},"query-input":{"@type":"PropertyValueSpecification","valueRequired":true,"valueName":"search_term_string"}}],"inLanguage":"lt-LT"},{"@type":"Organization","@id":"https:\/\/www.iwsgroup.ee\/#organization","name":"Innovative Water Systems","url":"https:\/\/www.iwsgroup.ee\/","logo":{"@type":"ImageObject","inLanguage":"lt-LT","@id":"https:\/\/www.iwsgroup.ee\/#\/schema\/logo\/image\/","url":"https:\/\/www.iwsgroup.ee\/wp-content\/uploads\/2019\/03\/Innovative-Water-Systems.png","contentUrl":"https:\/\/www.iwsgroup.ee\/wp-content\/uploads\/2019\/03\/Innovative-Water-Systems.png","width":1200,"height":628,"caption":"Innovative Water Systems"},"image":{"@id":"https:\/\/www.iwsgroup.ee\/#\/schema\/logo\/image\/"}}]}},"_links":{"self":[{"href":"https:\/\/www.iwsgroup.ee\/lt\/wp-json\/wp\/v2\/pages\/9787","targetHints":{"allow":["GET"]}}],"collection":[{"href":"https:\/\/www.iwsgroup.ee\/lt\/wp-json\/wp\/v2\/pages"}],"about":[{"href":"https:\/\/www.iwsgroup.ee\/lt\/wp-json\/wp\/v2\/types\/page"}],"author":[{"embeddable":true,"href":"https:\/\/www.iwsgroup.ee\/lt\/wp-json\/wp\/v2\/users\/1"}],"replies":[{"embeddable":true,"href":"https:\/\/www.iwsgroup.ee\/lt\/wp-json\/wp\/v2\/comments?post=9787"}],"version-history":[{"count":35,"href":"https:\/\/www.iwsgroup.ee\/lt\/wp-json\/wp\/v2\/pages\/9787\/revisions"}],"predecessor-version":[{"id":24878,"href":"https:\/\/www.iwsgroup.ee\/lt\/wp-json\/wp\/v2\/pages\/9787\/revisions\/24878"}],"wp:attachment":[{"href":"https:\/\/www.iwsgroup.ee\/lt\/wp-json\/wp\/v2\/media?parent=9787"}],"wp:term":[{"taxonomy":"post_tag","embeddable":true,"href":"https:\/\/www.iwsgroup.ee\/lt\/wp-json\/wp\/v2\/tags?post=9787"}],"curies":[{"name":"wp","href":"https:\/\/api.w.org\/{rel}","templated":true}]}}