{"id":9785,"date":"2019-04-17T12:27:39","date_gmt":"2019-04-17T09:27:39","guid":{"rendered":"https:\/\/www.iwsgroup.ee\/hoolime-keskkonnast\/"},"modified":"2022-01-12T08:53:57","modified_gmt":"2022-01-12T06:53:57","slug":"mums-rupi-aplinka","status":"publish","type":"page","link":"https:\/\/www.iwsgroup.ee\/lt\/mums-rupi-aplinka\/","title":{"rendered":"Mums r\u016bpi aplinka"},"content":{"rendered":"<p style=\"text-align: center;\">\u017dmoni\u0173 sukelta tar\u0161a pasaulyje pasiek\u0117 kritin\u0119 rib\u0105. Norint i\u0161spr\u0119sti \u0161i\u0105 problem\u0105, labai svarbu naudoti pa\u017eangius ir ilgalaikius technologinius sprendimus. Mes prisidedame prie to nuotek\u0173 surinkimo ir valymo srityje, siekdami b\u016bti pirmaujan\u010diu siurblini\u0173 gamintoju, kurdami ir gamindami moderniausius ir ilgalaikius sprendimus, pagamintus i\u0161 perdirbam\u0173 med\u017eiag\u0173.<\/p>\n<p style=\"text-align: center;\">M\u016bs\u0173 gamybos plastiko atliekos susmulkinamos ir granuliuojamos, kad gal\u0117tume pakartotinai naudoti \u0161i\u0105 med\u017eiag\u0105. Tai leid\u017eia mums sutaupyti iki 88% energijos lyginant su gamyba i\u0161 pirmin\u0117s \u017ealiavos.<\/p>\n<p style=\"text-align: center;\">Siekiame b\u016bti pirmuoju klient\u0173 pasirinkimu ir kasdieniuose veiksmuos prisiimame atsakomyb\u0119 u\u017e ateit\u012f ir ateinan\u010dias kartas.<\/p>\n","protected":false},"excerpt":{"rendered":"<p>\u017dmoni\u0173 sukelta tar\u0161a pasaulyje pasiek\u0117 kritin\u0119 rib\u0105. Norint i\u0161spr\u0119sti \u0161i\u0105 problem\u0105, labai svarbu naudoti pa\u017eangius ir ilgalaikius technologinius sprendimus. Mes prisidedame prie to nuotek\u0173 surinkimo ir valymo srityje, siekdami b\u016bti pirmaujan\u010diu siurblini\u0173 gamintoju, kurdami ir gamindami moderniausius ir ilgalaikius sprendimus, pagamintus i\u0161 perdirbam\u0173 med\u017eiag\u0173. M\u016bs\u0173 gamybos plastiko atliekos susmulkinamos ir granuliuojamos, kad gal\u0117tume pakartotinai naudoti [&hellip;]<\/p>\n","protected":false},"author":1,"featured_media":0,"parent":0,"menu_order":0,"comment_status":"closed","ping_status":"closed","template":"","meta":{"_acf_changed":false,"footnotes":"","_links_to":"","_links_to_target":""},"tags":[725,1456,1454,1453,1452,776,1485,1450,671,729,1451,1449,762,1455,1484,1481,1448],"class_list":["post-9785","page","type-page","status-publish","hentry","tag-graanul-lt","tag-iwsgroup-lt","tag-lietaus-siurbline","tag-lietaus-vandens-siurbline","tag-nuoteku-siurbline","tag-pe-2-lt","tag-pe-gaminiai","tag-pe-siurbline","tag-pe100-2-lt","tag-plastgraanul-lt","tag-plastikine-siurbline","tag-siurbline","tag-sss-2-lt","tag-sss-siurbline","tag-strong-gaminiai","tag-strong-produktai","tag-strong-siurblines"],"acf":[],"yoast_head":"<!-- This site is optimized with the Yoast SEO plugin v27.4 - https:\/\/yoast.com\/product\/yoast-seo-wordpress\/ -->\n<title>Mums r\u016bpi aplinka &#8211; Siurblin\u0117s, talpyklos, septikas, \u0161uliniai, vamzd\u017eiai<\/title>\n<meta name=\"robots\" content=\"index, follow, max-snippet:-1, max-image-preview:large, max-video-preview:-1\" \/>\n<link rel=\"canonical\" href=\"https:\/\/www.iwsgroup.ee\/lt\/mums-rupi-aplinka\/\" \/>\n<meta property=\"og:locale\" content=\"lt_LT\" \/>\n<meta property=\"og:type\" content=\"article\" \/>\n<meta property=\"og:title\" content=\"Mums r\u016bpi aplinka &#8211; Siurblin\u0117s, talpyklos, septikas, \u0161uliniai, vamzd\u017eiai\" \/>\n<meta property=\"og:description\" content=\"\u017dmoni\u0173 sukelta tar\u0161a pasaulyje pasiek\u0117 kritin\u0119 rib\u0105. Norint i\u0161spr\u0119sti \u0161i\u0105 problem\u0105, labai svarbu naudoti pa\u017eangius ir ilgalaikius technologinius sprendimus. Mes prisidedame prie to nuotek\u0173 surinkimo ir valymo srityje, siekdami b\u016bti pirmaujan\u010diu siurblini\u0173 gamintoju, kurdami ir gamindami moderniausius ir ilgalaikius sprendimus, pagamintus i\u0161 perdirbam\u0173 med\u017eiag\u0173. M\u016bs\u0173 gamybos plastiko atliekos susmulkinamos ir granuliuojamos, kad gal\u0117tume pakartotinai naudoti [&hellip;]\" \/>\n<meta property=\"og:url\" content=\"https:\/\/www.iwsgroup.ee\/lt\/mums-rupi-aplinka\/\" \/>\n<meta property=\"og:site_name\" content=\"Siurblin\u0117s, talpyklos, septikas, \u0161uliniai, vamzd\u017eiai\" \/>\n<meta property=\"article:modified_time\" content=\"2022-01-12T06:53:57+00:00\" \/>\n<meta name=\"twitter:card\" content=\"summary_large_image\" \/>\n<script type=\"application\/ld+json\" class=\"yoast-schema-graph\">{\"@context\":\"https:\\\/\\\/schema.org\",\"@graph\":[{\"@type\":\"WebPage\",\"@id\":\"https:\\\/\\\/www.iwsgroup.ee\\\/lt\\\/mums-rupi-aplinka\\\/\",\"url\":\"https:\\\/\\\/www.iwsgroup.ee\\\/lt\\\/mums-rupi-aplinka\\\/\",\"name\":\"Mums r\u016bpi aplinka &#8211; Siurblin\u0117s, talpyklos, septikas, \u0161uliniai, vamzd\u017eiai\",\"isPartOf\":{\"@id\":\"https:\\\/\\\/www.iwsgroup.ee\\\/#website\"},\"datePublished\":\"2019-04-17T09:27:39+00:00\",\"dateModified\":\"2022-01-12T06:53:57+00:00\",\"breadcrumb\":{\"@id\":\"https:\\\/\\\/www.iwsgroup.ee\\\/lt\\\/mums-rupi-aplinka\\\/#breadcrumb\"},\"inLanguage\":\"lt-LT\",\"potentialAction\":[{\"@type\":\"ReadAction\",\"target\":[\"https:\\\/\\\/www.iwsgroup.ee\\\/lt\\\/mums-rupi-aplinka\\\/\"]}]},{\"@type\":\"BreadcrumbList\",\"@id\":\"https:\\\/\\\/www.iwsgroup.ee\\\/lt\\\/mums-rupi-aplinka\\\/#breadcrumb\",\"itemListElement\":[{\"@type\":\"ListItem\",\"position\":1,\"name\":\"Home\",\"item\":\"https:\\\/\\\/www.iwsgroup.ee\\\/lt\\\/\"},{\"@type\":\"ListItem\",\"position\":2,\"name\":\"Mums r\u016bpi aplinka\"}]},{\"@type\":\"WebSite\",\"@id\":\"https:\\\/\\\/www.iwsgroup.ee\\\/#website\",\"url\":\"https:\\\/\\\/www.iwsgroup.ee\\\/\",\"name\":\"Siurblin\u0117s, talpyklos, septikas, \u0161uliniai, vamzd\u017eiai\",\"description\":\"Innovative Water Systems\",\"publisher\":{\"@id\":\"https:\\\/\\\/www.iwsgroup.ee\\\/#organization\"},\"potentialAction\":[{\"@type\":\"SearchAction\",\"target\":{\"@type\":\"EntryPoint\",\"urlTemplate\":\"https:\\\/\\\/www.iwsgroup.ee\\\/?s={search_term_string}\"},\"query-input\":{\"@type\":\"PropertyValueSpecification\",\"valueRequired\":true,\"valueName\":\"search_term_string\"}}],\"inLanguage\":\"lt-LT\"},{\"@type\":\"Organization\",\"@id\":\"https:\\\/\\\/www.iwsgroup.ee\\\/#organization\",\"name\":\"Innovative Water Systems\",\"url\":\"https:\\\/\\\/www.iwsgroup.ee\\\/\",\"logo\":{\"@type\":\"ImageObject\",\"inLanguage\":\"lt-LT\",\"@id\":\"https:\\\/\\\/www.iwsgroup.ee\\\/#\\\/schema\\\/logo\\\/image\\\/\",\"url\":\"https:\\\/\\\/www.iwsgroup.ee\\\/wp-content\\\/uploads\\\/2019\\\/03\\\/Innovative-Water-Systems.png\",\"contentUrl\":\"https:\\\/\\\/www.iwsgroup.ee\\\/wp-content\\\/uploads\\\/2019\\\/03\\\/Innovative-Water-Systems.png\",\"width\":1200,\"height\":628,\"caption\":\"Innovative Water Systems\"},\"image\":{\"@id\":\"https:\\\/\\\/www.iwsgroup.ee\\\/#\\\/schema\\\/logo\\\/image\\\/\"}}]}<\/script>\n<!-- \/ Yoast SEO plugin. -->","yoast_head_json":{"title":"Mums r\u016bpi aplinka &#8211; Siurblin\u0117s, talpyklos, septikas, \u0161uliniai, vamzd\u017eiai","robots":{"index":"index","follow":"follow","max-snippet":"max-snippet:-1","max-image-preview":"max-image-preview:large","max-video-preview":"max-video-preview:-1"},"canonical":"https:\/\/www.iwsgroup.ee\/lt\/mums-rupi-aplinka\/","og_locale":"lt_LT","og_type":"article","og_title":"Mums r\u016bpi aplinka &#8211; Siurblin\u0117s, talpyklos, septikas, \u0161uliniai, vamzd\u017eiai","og_description":"\u017dmoni\u0173 sukelta tar\u0161a pasaulyje pasiek\u0117 kritin\u0119 rib\u0105. Norint i\u0161spr\u0119sti \u0161i\u0105 problem\u0105, labai svarbu naudoti pa\u017eangius ir ilgalaikius technologinius sprendimus. Mes prisidedame prie to nuotek\u0173 surinkimo ir valymo srityje, siekdami b\u016bti pirmaujan\u010diu siurblini\u0173 gamintoju, kurdami ir gamindami moderniausius ir ilgalaikius sprendimus, pagamintus i\u0161 perdirbam\u0173 med\u017eiag\u0173. M\u016bs\u0173 gamybos plastiko atliekos susmulkinamos ir granuliuojamos, kad gal\u0117tume pakartotinai naudoti [&hellip;]","og_url":"https:\/\/www.iwsgroup.ee\/lt\/mums-rupi-aplinka\/","og_site_name":"Siurblin\u0117s, talpyklos, septikas, \u0161uliniai, vamzd\u017eiai","article_modified_time":"2022-01-12T06:53:57+00:00","twitter_card":"summary_large_image","schema":{"@context":"https:\/\/schema.org","@graph":[{"@type":"WebPage","@id":"https:\/\/www.iwsgroup.ee\/lt\/mums-rupi-aplinka\/","url":"https:\/\/www.iwsgroup.ee\/lt\/mums-rupi-aplinka\/","name":"Mums r\u016bpi aplinka &#8211; Siurblin\u0117s, talpyklos, septikas, \u0161uliniai, vamzd\u017eiai","isPartOf":{"@id":"https:\/\/www.iwsgroup.ee\/#website"},"datePublished":"2019-04-17T09:27:39+00:00","dateModified":"2022-01-12T06:53:57+00:00","breadcrumb":{"@id":"https:\/\/www.iwsgroup.ee\/lt\/mums-rupi-aplinka\/#breadcrumb"},"inLanguage":"lt-LT","potentialAction":[{"@type":"ReadAction","target":["https:\/\/www.iwsgroup.ee\/lt\/mums-rupi-aplinka\/"]}]},{"@type":"BreadcrumbList","@id":"https:\/\/www.iwsgroup.ee\/lt\/mums-rupi-aplinka\/#breadcrumb","itemListElement":[{"@type":"ListItem","position":1,"name":"Home","item":"https:\/\/www.iwsgroup.ee\/lt\/"},{"@type":"ListItem","position":2,"name":"Mums r\u016bpi aplinka"}]},{"@type":"WebSite","@id":"https:\/\/www.iwsgroup.ee\/#website","url":"https:\/\/www.iwsgroup.ee\/","name":"Siurblin\u0117s, talpyklos, septikas, \u0161uliniai, vamzd\u017eiai","description":"Innovative Water Systems","publisher":{"@id":"https:\/\/www.iwsgroup.ee\/#organization"},"potentialAction":[{"@type":"SearchAction","target":{"@type":"EntryPoint","urlTemplate":"https:\/\/www.iwsgroup.ee\/?s={search_term_string}"},"query-input":{"@type":"PropertyValueSpecification","valueRequired":true,"valueName":"search_term_string"}}],"inLanguage":"lt-LT"},{"@type":"Organization","@id":"https:\/\/www.iwsgroup.ee\/#organization","name":"Innovative Water Systems","url":"https:\/\/www.iwsgroup.ee\/","logo":{"@type":"ImageObject","inLanguage":"lt-LT","@id":"https:\/\/www.iwsgroup.ee\/#\/schema\/logo\/image\/","url":"https:\/\/www.iwsgroup.ee\/wp-content\/uploads\/2019\/03\/Innovative-Water-Systems.png","contentUrl":"https:\/\/www.iwsgroup.ee\/wp-content\/uploads\/2019\/03\/Innovative-Water-Systems.png","width":1200,"height":628,"caption":"Innovative Water Systems"},"image":{"@id":"https:\/\/www.iwsgroup.ee\/#\/schema\/logo\/image\/"}}]}},"_links":{"self":[{"href":"https:\/\/www.iwsgroup.ee\/lt\/wp-json\/wp\/v2\/pages\/9785","targetHints":{"allow":["GET"]}}],"collection":[{"href":"https:\/\/www.iwsgroup.ee\/lt\/wp-json\/wp\/v2\/pages"}],"about":[{"href":"https:\/\/www.iwsgroup.ee\/lt\/wp-json\/wp\/v2\/types\/page"}],"author":[{"embeddable":true,"href":"https:\/\/www.iwsgroup.ee\/lt\/wp-json\/wp\/v2\/users\/1"}],"replies":[{"embeddable":true,"href":"https:\/\/www.iwsgroup.ee\/lt\/wp-json\/wp\/v2\/comments?post=9785"}],"version-history":[{"count":5,"href":"https:\/\/www.iwsgroup.ee\/lt\/wp-json\/wp\/v2\/pages\/9785\/revisions"}],"predecessor-version":[{"id":13133,"href":"https:\/\/www.iwsgroup.ee\/lt\/wp-json\/wp\/v2\/pages\/9785\/revisions\/13133"}],"wp:attachment":[{"href":"https:\/\/www.iwsgroup.ee\/lt\/wp-json\/wp\/v2\/media?parent=9785"}],"wp:term":[{"taxonomy":"post_tag","embeddable":true,"href":"https:\/\/www.iwsgroup.ee\/lt\/wp-json\/wp\/v2\/tags?post=9785"}],"curies":[{"name":"wp","href":"https:\/\/api.w.org\/{rel}","templated":true}]}}