{"id":9781,"date":"2024-03-25T19:46:16","date_gmt":"2024-03-25T17:46:16","guid":{"rendered":"https:\/\/www.iwsgroup.ee\/ettevottest\/"},"modified":"2024-05-03T14:01:28","modified_gmt":"2024-05-03T11:01:28","slug":"apie-imone","status":"publish","type":"page","link":"https:\/\/www.iwsgroup.ee\/lt\/apie-imone\/","title":{"rendered":"Apie \u012fmon\u0119"},"content":{"rendered":"<h2 class=\"title\">Innovative water systems<\/h2>\n<div class=\"text\">\n<p>Innovative Water Systems Ltd yra 2007 metais \u012fkurta Estijos kapitalo \u012fmon\u0117. Gaminame plastikines siurblines, rezervuarus, septikus bei dideli\u0173 matmen\u0173 vamzd\u017eius, kuri\u0173 vidinis skersmuo yra iki 2400 mm. \u0160iai dienai m\u016bs\u0173 komanda yra i\u0161augusi iki 30 nari\u0173, daugiausia d\u0117mesio skiriame ilgai tarnaujan\u010di\u0173 plastikini\u0173 siurblini\u0173 vystymui ir gamybai.M\u016bs\u0173 klientai yra vandentvarkos \u012fmon\u0117s, statyb\u0173 \u012fmon\u0117s, siurbli\u0173 gamintojai, pramon\u0117s atstovai ir platintojai Baltijos bei \u0160iaur\u0117s \u0161alyse ir Vidurio Europoje. Beveik pus\u0119 m\u016bs\u0173 \u012fmon\u0117s produkcijos pardavim\u0173 sudaro eksportas, o eksporto dalis nuolat did\u0117ja.<\/p>\n<\/div>\n","protected":false},"excerpt":{"rendered":"<p>Innovative water systems Innovative Water Systems Ltd yra 2007 metais \u012fkurta Estijos kapitalo \u012fmon\u0117. Gaminame plastikines siurblines, rezervuarus, septikus bei dideli\u0173 matmen\u0173 vamzd\u017eius, kuri\u0173 vidinis skersmuo yra iki 2400 mm. \u0160iai dienai m\u016bs\u0173 komanda yra i\u0161augusi iki 30 nari\u0173, daugiausia d\u0117mesio skiriame ilgai tarnaujan\u010di\u0173 plastikini\u0173 siurblini\u0173 vystymui ir gamybai.M\u016bs\u0173 klientai yra vandentvarkos \u012fmon\u0117s, statyb\u0173 \u012fmon\u0117s, [&hellip;]<\/p>\n","protected":false},"author":3,"featured_media":0,"parent":0,"menu_order":0,"comment_status":"closed","ping_status":"closed","template":"template-about.php","meta":{"_acf_changed":false,"footnotes":"","_links_to":"","_links_to_target":""},"tags":[667,696,697,701,703],"acf":[],"yoast_head":"<!-- This site is optimized with the Yoast SEO plugin v22.8 - https:\/\/yoast.com\/wordpress\/plugins\/seo\/ -->\n<title>Pumplad, mahutid, septikud, kaevud, torustikud | IWS Group<\/title>\n<meta name=\"description\" content=\"Pumplad, mahutid, septikud, kaevud, torustikud. Terviklahendused \u2013 pumpla, pumbad ja juhtautomaatika | IWS Group | Loe lisa!\" \/>\n<meta name=\"robots\" content=\"index, follow, max-snippet:-1, max-image-preview:large, max-video-preview:-1\" \/>\n<link rel=\"canonical\" href=\"https:\/\/www.iwsgroup.ee\/ettevottest\/\" \/>\n<meta property=\"og:locale\" content=\"lt_LT\" \/>\n<meta property=\"og:type\" content=\"article\" \/>\n<meta property=\"og:title\" content=\"Pumplad, mahutid, septikud, kaevud, torustikud | IWS Group\" \/>\n<meta property=\"og:description\" content=\"Pumplad, mahutid, septikud, kaevud, torustikud. Terviklahendused \u2013 pumpla, pumbad ja juhtautomaatika | IWS Group | Loe lisa!\" \/>\n<meta property=\"og:url\" content=\"https:\/\/www.iwsgroup.ee\/ettevottest\/\" \/>\n<meta property=\"og:site_name\" content=\"Siurblin\u0117s, talpyklos, septikas, \u0161uliniai, vamzd\u017eiai\" \/>\n<meta property=\"article:modified_time\" content=\"2024-05-03T11:01:28+00:00\" \/>\n<meta name=\"twitter:card\" content=\"summary_large_image\" \/>\n<script type=\"application\/ld+json\" class=\"yoast-schema-graph\">{\"@context\":\"https:\/\/schema.org\",\"@graph\":[{\"@type\":\"WebPage\",\"@id\":\"https:\/\/www.iwsgroup.ee\/ettevottest\/\",\"url\":\"https:\/\/www.iwsgroup.ee\/ettevottest\/\",\"name\":\"Pumplad, mahutid, septikud, kaevud, torustikud | IWS Group\",\"isPartOf\":{\"@id\":\"https:\/\/www.iwsgroup.ee\/#website\"},\"datePublished\":\"2024-03-25T17:46:16+00:00\",\"dateModified\":\"2024-05-03T11:01:28+00:00\",\"description\":\"Pumplad, mahutid, septikud, kaevud, torustikud. Terviklahendused \u2013 pumpla, pumbad ja juhtautomaatika | IWS Group | Loe lisa!\",\"breadcrumb\":{\"@id\":\"https:\/\/www.iwsgroup.ee\/ettevottest\/#breadcrumb\"},\"inLanguage\":\"lt-LT\",\"potentialAction\":[{\"@type\":\"ReadAction\",\"target\":[\"https:\/\/www.iwsgroup.ee\/ettevottest\/\"]}]},{\"@type\":\"BreadcrumbList\",\"@id\":\"https:\/\/www.iwsgroup.ee\/ettevottest\/#breadcrumb\",\"itemListElement\":[{\"@type\":\"ListItem\",\"position\":1,\"name\":\"Home\",\"item\":\"https:\/\/www.iwsgroup.ee\/lt\/\"},{\"@type\":\"ListItem\",\"position\":2,\"name\":\"Apie \u012fmon\u0119\"}]},{\"@type\":\"WebSite\",\"@id\":\"https:\/\/www.iwsgroup.ee\/#website\",\"url\":\"https:\/\/www.iwsgroup.ee\/\",\"name\":\"Siurblin\u0117s, talpyklos, septikas, \u0161uliniai, vamzd\u017eiai\",\"description\":\"Innovative Water Systems\",\"publisher\":{\"@id\":\"https:\/\/www.iwsgroup.ee\/#organization\"},\"potentialAction\":[{\"@type\":\"SearchAction\",\"target\":{\"@type\":\"EntryPoint\",\"urlTemplate\":\"https:\/\/www.iwsgroup.ee\/?s={search_term_string}\"},\"query-input\":\"required name=search_term_string\"}],\"inLanguage\":\"lt-LT\"},{\"@type\":\"Organization\",\"@id\":\"https:\/\/www.iwsgroup.ee\/#organization\",\"name\":\"Innovative Water Systems\",\"url\":\"https:\/\/www.iwsgroup.ee\/\",\"logo\":{\"@type\":\"ImageObject\",\"inLanguage\":\"lt-LT\",\"@id\":\"https:\/\/www.iwsgroup.ee\/#\/schema\/logo\/image\/\",\"url\":\"https:\/\/www.iwsgroup.ee\/wp-content\/uploads\/2019\/03\/Innovative-Water-Systems.png\",\"contentUrl\":\"https:\/\/www.iwsgroup.ee\/wp-content\/uploads\/2019\/03\/Innovative-Water-Systems.png\",\"width\":1200,\"height\":628,\"caption\":\"Innovative Water Systems\"},\"image\":{\"@id\":\"https:\/\/www.iwsgroup.ee\/#\/schema\/logo\/image\/\"}}]}<\/script>\n<!-- \/ Yoast SEO plugin. -->","yoast_head_json":{"title":"Pumplad, mahutid, septikud, kaevud, torustikud | IWS Group","description":"Pumplad, mahutid, septikud, kaevud, torustikud. Terviklahendused \u2013 pumpla, pumbad ja juhtautomaatika | IWS Group | Loe lisa!","robots":{"index":"index","follow":"follow","max-snippet":"max-snippet:-1","max-image-preview":"max-image-preview:large","max-video-preview":"max-video-preview:-1"},"canonical":"https:\/\/www.iwsgroup.ee\/ettevottest\/","og_locale":"lt_LT","og_type":"article","og_title":"Pumplad, mahutid, septikud, kaevud, torustikud | IWS Group","og_description":"Pumplad, mahutid, septikud, kaevud, torustikud. Terviklahendused \u2013 pumpla, pumbad ja juhtautomaatika | IWS Group | Loe lisa!","og_url":"https:\/\/www.iwsgroup.ee\/ettevottest\/","og_site_name":"Siurblin\u0117s, talpyklos, septikas, \u0161uliniai, vamzd\u017eiai","article_modified_time":"2024-05-03T11:01:28+00:00","twitter_card":"summary_large_image","schema":{"@context":"https:\/\/schema.org","@graph":[{"@type":"WebPage","@id":"https:\/\/www.iwsgroup.ee\/ettevottest\/","url":"https:\/\/www.iwsgroup.ee\/ettevottest\/","name":"Pumplad, mahutid, septikud, kaevud, torustikud | IWS Group","isPartOf":{"@id":"https:\/\/www.iwsgroup.ee\/#website"},"datePublished":"2024-03-25T17:46:16+00:00","dateModified":"2024-05-03T11:01:28+00:00","description":"Pumplad, mahutid, septikud, kaevud, torustikud. Terviklahendused \u2013 pumpla, pumbad ja juhtautomaatika | IWS Group | Loe lisa!","breadcrumb":{"@id":"https:\/\/www.iwsgroup.ee\/ettevottest\/#breadcrumb"},"inLanguage":"lt-LT","potentialAction":[{"@type":"ReadAction","target":["https:\/\/www.iwsgroup.ee\/ettevottest\/"]}]},{"@type":"BreadcrumbList","@id":"https:\/\/www.iwsgroup.ee\/ettevottest\/#breadcrumb","itemListElement":[{"@type":"ListItem","position":1,"name":"Home","item":"https:\/\/www.iwsgroup.ee\/lt\/"},{"@type":"ListItem","position":2,"name":"Apie \u012fmon\u0119"}]},{"@type":"WebSite","@id":"https:\/\/www.iwsgroup.ee\/#website","url":"https:\/\/www.iwsgroup.ee\/","name":"Siurblin\u0117s, talpyklos, septikas, \u0161uliniai, vamzd\u017eiai","description":"Innovative Water Systems","publisher":{"@id":"https:\/\/www.iwsgroup.ee\/#organization"},"potentialAction":[{"@type":"SearchAction","target":{"@type":"EntryPoint","urlTemplate":"https:\/\/www.iwsgroup.ee\/?s={search_term_string}"},"query-input":"required name=search_term_string"}],"inLanguage":"lt-LT"},{"@type":"Organization","@id":"https:\/\/www.iwsgroup.ee\/#organization","name":"Innovative Water Systems","url":"https:\/\/www.iwsgroup.ee\/","logo":{"@type":"ImageObject","inLanguage":"lt-LT","@id":"https:\/\/www.iwsgroup.ee\/#\/schema\/logo\/image\/","url":"https:\/\/www.iwsgroup.ee\/wp-content\/uploads\/2019\/03\/Innovative-Water-Systems.png","contentUrl":"https:\/\/www.iwsgroup.ee\/wp-content\/uploads\/2019\/03\/Innovative-Water-Systems.png","width":1200,"height":628,"caption":"Innovative Water Systems"},"image":{"@id":"https:\/\/www.iwsgroup.ee\/#\/schema\/logo\/image\/"}}]}},"_links":{"self":[{"href":"https:\/\/www.iwsgroup.ee\/lt\/wp-json\/wp\/v2\/pages\/9781"}],"collection":[{"href":"https:\/\/www.iwsgroup.ee\/lt\/wp-json\/wp\/v2\/pages"}],"about":[{"href":"https:\/\/www.iwsgroup.ee\/lt\/wp-json\/wp\/v2\/types\/page"}],"author":[{"embeddable":true,"href":"https:\/\/www.iwsgroup.ee\/lt\/wp-json\/wp\/v2\/users\/3"}],"replies":[{"embeddable":true,"href":"https:\/\/www.iwsgroup.ee\/lt\/wp-json\/wp\/v2\/comments?post=9781"}],"version-history":[{"count":20,"href":"https:\/\/www.iwsgroup.ee\/lt\/wp-json\/wp\/v2\/pages\/9781\/revisions"}],"predecessor-version":[{"id":23282,"href":"https:\/\/www.iwsgroup.ee\/lt\/wp-json\/wp\/v2\/pages\/9781\/revisions\/23282"}],"wp:attachment":[{"href":"https:\/\/www.iwsgroup.ee\/lt\/wp-json\/wp\/v2\/media?parent=9781"}],"wp:term":[{"taxonomy":"post_tag","embeddable":true,"href":"https:\/\/www.iwsgroup.ee\/lt\/wp-json\/wp\/v2\/tags?post=9781"}],"curies":[{"name":"wp","href":"https:\/\/api.w.org\/{rel}","templated":true}]}}