{"id":7365,"date":"2019-03-25T19:45:46","date_gmt":"2019-03-25T17:45:46","guid":{"rendered":"https:\/\/www.iwsgroup.ee\/avaleht\/"},"modified":"2026-02-23T18:28:45","modified_gmt":"2026-02-23T16:28:45","slug":"avaleht","status":"publish","type":"page","link":"https:\/\/www.iwsgroup.ee\/lt\/","title":{"rendered":"Prad\u017eia"},"content":{"rendered":"","protected":false},"excerpt":{"rendered":"","protected":false},"author":3,"featured_media":0,"parent":0,"menu_order":0,"comment_status":"closed","ping_status":"closed","template":"template-home.php","meta":{"_acf_changed":false,"footnotes":"","_links_to":"","_links_to_target":""},"tags":[664,665,666,667,668,669,670,671,672,673,674,675,676,677,678,679],"class_list":["post-7365","page","type-page","status-publish","hentry","tag-eesti-kapitalil-lt","tag-en13476-lt","tag-evel-2-lt","tag-innovative-water-systems-2-lt","tag-kaubamark-lt","tag-nordic-2-lt","tag-nordic-poly-mark-2-lt","tag-pe100-2-lt","tag-plasti-taaskasutus-lt","tag-plastjaatmed-lt","tag-plastpumplad-lt","tag-pumplad-lt","tag-strong-2-lt","tag-strong-pumplad-lt","tag-strong-tooted-lt","tag-strongseptik-ee-lt"],"acf":[],"yoast_head":"<!-- This site is optimized with the Yoast SEO plugin v27.4 - https:\/\/yoast.com\/product\/yoast-seo-wordpress\/ -->\n<title>IWS Group | Pumplad, mahutid, septikud, kaevud, torustikud<\/title>\n<meta name=\"description\" content=\"Pumplad, mahutid, septikud, kaevud, torustikud. Terviklahendused \u2013 pumpla, pumbad ja juhtautomaatika | IWS Group | Loe lisa!\" \/>\n<meta name=\"robots\" content=\"index, follow, max-snippet:-1, max-image-preview:large, max-video-preview:-1\" \/>\n<link rel=\"canonical\" href=\"https:\/\/www.iwsgroup.ee\/lt\/\" \/>\n<meta property=\"og:locale\" content=\"lt_LT\" \/>\n<meta property=\"og:type\" content=\"article\" \/>\n<meta property=\"og:title\" content=\"IWS Group | Pumplad, mahutid, septikud, kaevud, torustikud\" \/>\n<meta property=\"og:description\" content=\"Pumplad, mahutid, septikud, kaevud, torustikud. Terviklahendused \u2013 pumpla, pumbad ja juhtautomaatika | IWS Group | Loe lisa!\" \/>\n<meta property=\"og:url\" content=\"https:\/\/www.iwsgroup.ee\/lt\/\" \/>\n<meta property=\"og:site_name\" content=\"Siurblin\u0117s, talpyklos, septikas, \u0161uliniai, vamzd\u017eiai\" \/>\n<meta property=\"article:modified_time\" content=\"2026-02-23T16:28:45+00:00\" \/>\n<meta property=\"og:image\" content=\"https:\/\/www.iwsgroup.ee\/wp-content\/uploads\/2019\/03\/Innovative-Water-Systems.png\" \/>\n\t<meta property=\"og:image:width\" content=\"1200\" \/>\n\t<meta property=\"og:image:height\" content=\"628\" \/>\n\t<meta property=\"og:image:type\" content=\"image\/png\" \/>\n<meta name=\"twitter:card\" content=\"summary_large_image\" \/>\n<meta name=\"twitter:image\" content=\"https:\/\/www.iwsgroup.ee\/wp-content\/uploads\/2019\/03\/Innovative-Water-Systems.png\" \/>\n<script type=\"application\/ld+json\" class=\"yoast-schema-graph\">{\"@context\":\"https:\\\/\\\/schema.org\",\"@graph\":[{\"@type\":\"WebPage\",\"@id\":\"https:\\\/\\\/www.iwsgroup.ee\\\/lt\\\/\",\"url\":\"https:\\\/\\\/www.iwsgroup.ee\\\/lt\\\/\",\"name\":\"IWS Group | Pumplad, mahutid, septikud, kaevud, torustikud\",\"isPartOf\":{\"@id\":\"https:\\\/\\\/www.iwsgroup.ee\\\/#website\"},\"datePublished\":\"2019-03-25T17:45:46+00:00\",\"dateModified\":\"2026-02-23T16:28:45+00:00\",\"description\":\"Pumplad, mahutid, septikud, kaevud, torustikud. Terviklahendused \u2013 pumpla, pumbad ja juhtautomaatika | IWS Group | Loe lisa!\",\"breadcrumb\":{\"@id\":\"https:\\\/\\\/www.iwsgroup.ee\\\/lt\\\/#breadcrumb\"},\"inLanguage\":\"lt-LT\",\"potentialAction\":[{\"@type\":\"ReadAction\",\"target\":[\"https:\\\/\\\/www.iwsgroup.ee\\\/lt\\\/\"]}]},{\"@type\":\"BreadcrumbList\",\"@id\":\"https:\\\/\\\/www.iwsgroup.ee\\\/lt\\\/#breadcrumb\",\"itemListElement\":[{\"@type\":\"ListItem\",\"position\":1,\"name\":\"Home\",\"item\":\"https:\\\/\\\/www.iwsgroup.ee\\\/lt\\\/\"},{\"@type\":\"ListItem\",\"position\":2,\"name\":\"Prad\u017eia\"}]},{\"@type\":\"WebSite\",\"@id\":\"https:\\\/\\\/www.iwsgroup.ee\\\/#website\",\"url\":\"https:\\\/\\\/www.iwsgroup.ee\\\/\",\"name\":\"Siurblin\u0117s, talpyklos, septikas, \u0161uliniai, vamzd\u017eiai\",\"description\":\"Innovative Water Systems\",\"publisher\":{\"@id\":\"https:\\\/\\\/www.iwsgroup.ee\\\/#organization\"},\"potentialAction\":[{\"@type\":\"SearchAction\",\"target\":{\"@type\":\"EntryPoint\",\"urlTemplate\":\"https:\\\/\\\/www.iwsgroup.ee\\\/?s={search_term_string}\"},\"query-input\":{\"@type\":\"PropertyValueSpecification\",\"valueRequired\":true,\"valueName\":\"search_term_string\"}}],\"inLanguage\":\"lt-LT\"},{\"@type\":\"Organization\",\"@id\":\"https:\\\/\\\/www.iwsgroup.ee\\\/#organization\",\"name\":\"Innovative Water Systems\",\"url\":\"https:\\\/\\\/www.iwsgroup.ee\\\/\",\"logo\":{\"@type\":\"ImageObject\",\"inLanguage\":\"lt-LT\",\"@id\":\"https:\\\/\\\/www.iwsgroup.ee\\\/#\\\/schema\\\/logo\\\/image\\\/\",\"url\":\"https:\\\/\\\/www.iwsgroup.ee\\\/wp-content\\\/uploads\\\/2019\\\/03\\\/Innovative-Water-Systems.png\",\"contentUrl\":\"https:\\\/\\\/www.iwsgroup.ee\\\/wp-content\\\/uploads\\\/2019\\\/03\\\/Innovative-Water-Systems.png\",\"width\":1200,\"height\":628,\"caption\":\"Innovative Water Systems\"},\"image\":{\"@id\":\"https:\\\/\\\/www.iwsgroup.ee\\\/#\\\/schema\\\/logo\\\/image\\\/\"}}]}<\/script>\n<!-- \/ Yoast SEO plugin. -->","yoast_head_json":{"title":"IWS Group | Pumplad, mahutid, septikud, kaevud, torustikud","description":"Pumplad, mahutid, septikud, kaevud, torustikud. Terviklahendused \u2013 pumpla, pumbad ja juhtautomaatika | IWS Group | Loe lisa!","robots":{"index":"index","follow":"follow","max-snippet":"max-snippet:-1","max-image-preview":"max-image-preview:large","max-video-preview":"max-video-preview:-1"},"canonical":"https:\/\/www.iwsgroup.ee\/lt\/","og_locale":"lt_LT","og_type":"article","og_title":"IWS Group | Pumplad, mahutid, septikud, kaevud, torustikud","og_description":"Pumplad, mahutid, septikud, kaevud, torustikud. Terviklahendused \u2013 pumpla, pumbad ja juhtautomaatika | IWS Group | Loe lisa!","og_url":"https:\/\/www.iwsgroup.ee\/lt\/","og_site_name":"Siurblin\u0117s, talpyklos, septikas, \u0161uliniai, vamzd\u017eiai","article_modified_time":"2026-02-23T16:28:45+00:00","og_image":[{"width":1200,"height":628,"url":"https:\/\/www.iwsgroup.ee\/wp-content\/uploads\/2019\/03\/Innovative-Water-Systems.png","type":"image\/png"}],"twitter_card":"summary_large_image","twitter_image":"https:\/\/www.iwsgroup.ee\/wp-content\/uploads\/2019\/03\/Innovative-Water-Systems.png","schema":{"@context":"https:\/\/schema.org","@graph":[{"@type":"WebPage","@id":"https:\/\/www.iwsgroup.ee\/lt\/","url":"https:\/\/www.iwsgroup.ee\/lt\/","name":"IWS Group | Pumplad, mahutid, septikud, kaevud, torustikud","isPartOf":{"@id":"https:\/\/www.iwsgroup.ee\/#website"},"datePublished":"2019-03-25T17:45:46+00:00","dateModified":"2026-02-23T16:28:45+00:00","description":"Pumplad, mahutid, septikud, kaevud, torustikud. Terviklahendused \u2013 pumpla, pumbad ja juhtautomaatika | IWS Group | Loe lisa!","breadcrumb":{"@id":"https:\/\/www.iwsgroup.ee\/lt\/#breadcrumb"},"inLanguage":"lt-LT","potentialAction":[{"@type":"ReadAction","target":["https:\/\/www.iwsgroup.ee\/lt\/"]}]},{"@type":"BreadcrumbList","@id":"https:\/\/www.iwsgroup.ee\/lt\/#breadcrumb","itemListElement":[{"@type":"ListItem","position":1,"name":"Home","item":"https:\/\/www.iwsgroup.ee\/lt\/"},{"@type":"ListItem","position":2,"name":"Prad\u017eia"}]},{"@type":"WebSite","@id":"https:\/\/www.iwsgroup.ee\/#website","url":"https:\/\/www.iwsgroup.ee\/","name":"Siurblin\u0117s, talpyklos, septikas, \u0161uliniai, vamzd\u017eiai","description":"Innovative Water Systems","publisher":{"@id":"https:\/\/www.iwsgroup.ee\/#organization"},"potentialAction":[{"@type":"SearchAction","target":{"@type":"EntryPoint","urlTemplate":"https:\/\/www.iwsgroup.ee\/?s={search_term_string}"},"query-input":{"@type":"PropertyValueSpecification","valueRequired":true,"valueName":"search_term_string"}}],"inLanguage":"lt-LT"},{"@type":"Organization","@id":"https:\/\/www.iwsgroup.ee\/#organization","name":"Innovative Water Systems","url":"https:\/\/www.iwsgroup.ee\/","logo":{"@type":"ImageObject","inLanguage":"lt-LT","@id":"https:\/\/www.iwsgroup.ee\/#\/schema\/logo\/image\/","url":"https:\/\/www.iwsgroup.ee\/wp-content\/uploads\/2019\/03\/Innovative-Water-Systems.png","contentUrl":"https:\/\/www.iwsgroup.ee\/wp-content\/uploads\/2019\/03\/Innovative-Water-Systems.png","width":1200,"height":628,"caption":"Innovative Water Systems"},"image":{"@id":"https:\/\/www.iwsgroup.ee\/#\/schema\/logo\/image\/"}}]}},"_links":{"self":[{"href":"https:\/\/www.iwsgroup.ee\/lt\/wp-json\/wp\/v2\/pages\/7365","targetHints":{"allow":["GET"]}}],"collection":[{"href":"https:\/\/www.iwsgroup.ee\/lt\/wp-json\/wp\/v2\/pages"}],"about":[{"href":"https:\/\/www.iwsgroup.ee\/lt\/wp-json\/wp\/v2\/types\/page"}],"author":[{"embeddable":true,"href":"https:\/\/www.iwsgroup.ee\/lt\/wp-json\/wp\/v2\/users\/3"}],"replies":[{"embeddable":true,"href":"https:\/\/www.iwsgroup.ee\/lt\/wp-json\/wp\/v2\/comments?post=7365"}],"version-history":[{"count":56,"href":"https:\/\/www.iwsgroup.ee\/lt\/wp-json\/wp\/v2\/pages\/7365\/revisions"}],"predecessor-version":[{"id":25069,"href":"https:\/\/www.iwsgroup.ee\/lt\/wp-json\/wp\/v2\/pages\/7365\/revisions\/25069"}],"wp:attachment":[{"href":"https:\/\/www.iwsgroup.ee\/lt\/wp-json\/wp\/v2\/media?parent=7365"}],"wp:term":[{"taxonomy":"post_tag","embeddable":true,"href":"https:\/\/www.iwsgroup.ee\/lt\/wp-json\/wp\/v2\/tags?post=7365"}],"curies":[{"name":"wp","href":"https:\/\/api.w.org\/{rel}","templated":true}]}}