{"id":25020,"date":"2026-02-17T17:26:42","date_gmt":"2026-02-17T15:26:42","guid":{"rendered":"https:\/\/len.ee\/iws\/?page_id=25017"},"modified":"2026-02-23T17:49:30","modified_gmt":"2026-02-23T15:49:30","slug":"apsilankykite-iws-ifat-2026-parodoje-miunchene","status":"publish","type":"page","link":"https:\/\/www.iwsgroup.ee\/lt\/apsilankykite-iws-ifat-2026-parodoje-miunchene\/","title":{"rendered":"Aplankykite mus IFAT parodoje Miunchene 2026 m"},"content":{"rendered":"","protected":false},"excerpt":{"rendered":"","protected":false},"author":2,"featured_media":0,"parent":0,"menu_order":0,"comment_status":"closed","ping_status":"closed","template":"template-landing-2026.php","meta":{"_acf_changed":false,"footnotes":"","_links_to":"","_links_to_target":""},"tags":[],"acf":[],"yoast_head":"<!-- This site is optimized with the Yoast SEO plugin v22.8 - https:\/\/yoast.com\/wordpress\/plugins\/seo\/ -->\n<title>Aplankykite mus IFAT parodoje Miunchene 2026 m &#8211; Siurblin\u0117s, talpyklos, septikas, \u0161uliniai, vamzd\u017eiai<\/title>\n<meta name=\"robots\" content=\"index, follow, max-snippet:-1, max-image-preview:large, max-video-preview:-1\" \/>\n<link rel=\"canonical\" href=\"https:\/\/www.iwsgroup.ee\/lt\/apsilankykite-iws-ifat-2026-parodoje-miunchene\/\" \/>\n<meta property=\"og:locale\" content=\"lt_LT\" \/>\n<meta property=\"og:type\" content=\"article\" \/>\n<meta property=\"og:title\" content=\"Aplankykite mus IFAT parodoje Miunchene 2026 m &#8211; Siurblin\u0117s, talpyklos, septikas, \u0161uliniai, vamzd\u017eiai\" \/>\n<meta property=\"og:url\" content=\"https:\/\/www.iwsgroup.ee\/lt\/apsilankykite-iws-ifat-2026-parodoje-miunchene\/\" \/>\n<meta property=\"og:site_name\" content=\"Siurblin\u0117s, talpyklos, septikas, \u0161uliniai, vamzd\u017eiai\" \/>\n<meta property=\"article:modified_time\" content=\"2026-02-23T15:49:30+00:00\" \/>\n<meta name=\"twitter:card\" content=\"summary_large_image\" \/>\n<script type=\"application\/ld+json\" class=\"yoast-schema-graph\">{\"@context\":\"https:\/\/schema.org\",\"@graph\":[{\"@type\":\"WebPage\",\"@id\":\"https:\/\/www.iwsgroup.ee\/lt\/apsilankykite-iws-ifat-2026-parodoje-miunchene\/\",\"url\":\"https:\/\/www.iwsgroup.ee\/lt\/apsilankykite-iws-ifat-2026-parodoje-miunchene\/\",\"name\":\"Aplankykite mus IFAT parodoje Miunchene 2026 m &#8211; Siurblin\u0117s, talpyklos, septikas, \u0161uliniai, vamzd\u017eiai\",\"isPartOf\":{\"@id\":\"https:\/\/www.iwsgroup.ee\/#website\"},\"datePublished\":\"2026-02-17T15:26:42+00:00\",\"dateModified\":\"2026-02-23T15:49:30+00:00\",\"breadcrumb\":{\"@id\":\"https:\/\/www.iwsgroup.ee\/lt\/apsilankykite-iws-ifat-2026-parodoje-miunchene\/#breadcrumb\"},\"inLanguage\":\"lt-LT\",\"potentialAction\":[{\"@type\":\"ReadAction\",\"target\":[\"https:\/\/www.iwsgroup.ee\/lt\/apsilankykite-iws-ifat-2026-parodoje-miunchene\/\"]}]},{\"@type\":\"BreadcrumbList\",\"@id\":\"https:\/\/www.iwsgroup.ee\/lt\/apsilankykite-iws-ifat-2026-parodoje-miunchene\/#breadcrumb\",\"itemListElement\":[{\"@type\":\"ListItem\",\"position\":1,\"name\":\"Home\",\"item\":\"https:\/\/www.iwsgroup.ee\/lt\/\"},{\"@type\":\"ListItem\",\"position\":2,\"name\":\"Aplankykite mus IFAT parodoje Miunchene 2026 m\"}]},{\"@type\":\"WebSite\",\"@id\":\"https:\/\/www.iwsgroup.ee\/#website\",\"url\":\"https:\/\/www.iwsgroup.ee\/\",\"name\":\"Siurblin\u0117s, talpyklos, septikas, \u0161uliniai, vamzd\u017eiai\",\"description\":\"Innovative Water Systems\",\"publisher\":{\"@id\":\"https:\/\/www.iwsgroup.ee\/#organization\"},\"potentialAction\":[{\"@type\":\"SearchAction\",\"target\":{\"@type\":\"EntryPoint\",\"urlTemplate\":\"https:\/\/www.iwsgroup.ee\/?s={search_term_string}\"},\"query-input\":\"required name=search_term_string\"}],\"inLanguage\":\"lt-LT\"},{\"@type\":\"Organization\",\"@id\":\"https:\/\/www.iwsgroup.ee\/#organization\",\"name\":\"Innovative Water Systems\",\"url\":\"https:\/\/www.iwsgroup.ee\/\",\"logo\":{\"@type\":\"ImageObject\",\"inLanguage\":\"lt-LT\",\"@id\":\"https:\/\/www.iwsgroup.ee\/#\/schema\/logo\/image\/\",\"url\":\"https:\/\/www.iwsgroup.ee\/wp-content\/uploads\/2019\/03\/Innovative-Water-Systems.png\",\"contentUrl\":\"https:\/\/www.iwsgroup.ee\/wp-content\/uploads\/2019\/03\/Innovative-Water-Systems.png\",\"width\":1200,\"height\":628,\"caption\":\"Innovative Water Systems\"},\"image\":{\"@id\":\"https:\/\/www.iwsgroup.ee\/#\/schema\/logo\/image\/\"}}]}<\/script>\n<!-- \/ Yoast SEO plugin. -->","yoast_head_json":{"title":"Aplankykite mus IFAT parodoje Miunchene 2026 m &#8211; Siurblin\u0117s, talpyklos, septikas, \u0161uliniai, vamzd\u017eiai","robots":{"index":"index","follow":"follow","max-snippet":"max-snippet:-1","max-image-preview":"max-image-preview:large","max-video-preview":"max-video-preview:-1"},"canonical":"https:\/\/www.iwsgroup.ee\/lt\/apsilankykite-iws-ifat-2026-parodoje-miunchene\/","og_locale":"lt_LT","og_type":"article","og_title":"Aplankykite mus IFAT parodoje Miunchene 2026 m &#8211; Siurblin\u0117s, talpyklos, septikas, \u0161uliniai, vamzd\u017eiai","og_url":"https:\/\/www.iwsgroup.ee\/lt\/apsilankykite-iws-ifat-2026-parodoje-miunchene\/","og_site_name":"Siurblin\u0117s, talpyklos, septikas, \u0161uliniai, vamzd\u017eiai","article_modified_time":"2026-02-23T15:49:30+00:00","twitter_card":"summary_large_image","schema":{"@context":"https:\/\/schema.org","@graph":[{"@type":"WebPage","@id":"https:\/\/www.iwsgroup.ee\/lt\/apsilankykite-iws-ifat-2026-parodoje-miunchene\/","url":"https:\/\/www.iwsgroup.ee\/lt\/apsilankykite-iws-ifat-2026-parodoje-miunchene\/","name":"Aplankykite mus IFAT parodoje Miunchene 2026 m &#8211; Siurblin\u0117s, talpyklos, septikas, \u0161uliniai, vamzd\u017eiai","isPartOf":{"@id":"https:\/\/www.iwsgroup.ee\/#website"},"datePublished":"2026-02-17T15:26:42+00:00","dateModified":"2026-02-23T15:49:30+00:00","breadcrumb":{"@id":"https:\/\/www.iwsgroup.ee\/lt\/apsilankykite-iws-ifat-2026-parodoje-miunchene\/#breadcrumb"},"inLanguage":"lt-LT","potentialAction":[{"@type":"ReadAction","target":["https:\/\/www.iwsgroup.ee\/lt\/apsilankykite-iws-ifat-2026-parodoje-miunchene\/"]}]},{"@type":"BreadcrumbList","@id":"https:\/\/www.iwsgroup.ee\/lt\/apsilankykite-iws-ifat-2026-parodoje-miunchene\/#breadcrumb","itemListElement":[{"@type":"ListItem","position":1,"name":"Home","item":"https:\/\/www.iwsgroup.ee\/lt\/"},{"@type":"ListItem","position":2,"name":"Aplankykite mus IFAT parodoje Miunchene 2026 m"}]},{"@type":"WebSite","@id":"https:\/\/www.iwsgroup.ee\/#website","url":"https:\/\/www.iwsgroup.ee\/","name":"Siurblin\u0117s, talpyklos, septikas, \u0161uliniai, vamzd\u017eiai","description":"Innovative Water Systems","publisher":{"@id":"https:\/\/www.iwsgroup.ee\/#organization"},"potentialAction":[{"@type":"SearchAction","target":{"@type":"EntryPoint","urlTemplate":"https:\/\/www.iwsgroup.ee\/?s={search_term_string}"},"query-input":"required name=search_term_string"}],"inLanguage":"lt-LT"},{"@type":"Organization","@id":"https:\/\/www.iwsgroup.ee\/#organization","name":"Innovative Water Systems","url":"https:\/\/www.iwsgroup.ee\/","logo":{"@type":"ImageObject","inLanguage":"lt-LT","@id":"https:\/\/www.iwsgroup.ee\/#\/schema\/logo\/image\/","url":"https:\/\/www.iwsgroup.ee\/wp-content\/uploads\/2019\/03\/Innovative-Water-Systems.png","contentUrl":"https:\/\/www.iwsgroup.ee\/wp-content\/uploads\/2019\/03\/Innovative-Water-Systems.png","width":1200,"height":628,"caption":"Innovative Water Systems"},"image":{"@id":"https:\/\/www.iwsgroup.ee\/#\/schema\/logo\/image\/"}}]}},"_links":{"self":[{"href":"https:\/\/www.iwsgroup.ee\/lt\/wp-json\/wp\/v2\/pages\/25020"}],"collection":[{"href":"https:\/\/www.iwsgroup.ee\/lt\/wp-json\/wp\/v2\/pages"}],"about":[{"href":"https:\/\/www.iwsgroup.ee\/lt\/wp-json\/wp\/v2\/types\/page"}],"author":[{"embeddable":true,"href":"https:\/\/www.iwsgroup.ee\/lt\/wp-json\/wp\/v2\/users\/2"}],"replies":[{"embeddable":true,"href":"https:\/\/www.iwsgroup.ee\/lt\/wp-json\/wp\/v2\/comments?post=25020"}],"version-history":[{"count":1,"href":"https:\/\/www.iwsgroup.ee\/lt\/wp-json\/wp\/v2\/pages\/25020\/revisions"}],"predecessor-version":[{"id":25056,"href":"https:\/\/www.iwsgroup.ee\/lt\/wp-json\/wp\/v2\/pages\/25020\/revisions\/25056"}],"wp:attachment":[{"href":"https:\/\/www.iwsgroup.ee\/lt\/wp-json\/wp\/v2\/media?parent=25020"}],"wp:term":[{"taxonomy":"post_tag","embeddable":true,"href":"https:\/\/www.iwsgroup.ee\/lt\/wp-json\/wp\/v2\/tags?post=25020"}],"curies":[{"name":"wp","href":"https:\/\/api.w.org\/{rel}","templated":true}]}}