{"id":24605,"date":"2025-04-29T19:08:22","date_gmt":"2025-04-29T16:08:22","guid":{"rendered":"https:\/\/www.iwsgroup.ee\/landing-new-service-opening\/"},"modified":"2025-04-30T19:38:11","modified_gmt":"2025-04-30T16:38:11","slug":"nauja-aptarnavimo-landa","status":"publish","type":"page","link":"https:\/\/www.iwsgroup.ee\/lt\/nauja-aptarnavimo-landa\/","title":{"rendered":"<span>NAUJA<\/span> APTARNAVIMO<br>LANDA"},"content":{"rendered":"<h5 class=\"text-uppercase\">ID1500\/1600-800 MM<\/h5>\n<ul>\n<li>Ekscentrin\u0117 landa<\/li>\n<li>PE plastikas, liejinys<\/li>\n<li>\u0160ilumin\u0117 izoliacija<\/li>\n<li>Integruotos funkcijos<\/li>\n<\/ul>\n","protected":false},"excerpt":{"rendered":"<p>ID1500\/1600-800 MM Ekscentrin\u0117 landa PE plastikas, liejinys \u0160ilumin\u0117 izoliacija Integruotos funkcijos<\/p>\n","protected":false},"author":2,"featured_media":24601,"parent":0,"menu_order":0,"comment_status":"closed","ping_status":"closed","template":"template-landing-new-service-opening.php","meta":{"_acf_changed":false,"footnotes":"","_links_to":"","_links_to_target":""},"tags":[],"class_list":["post-24605","page","type-page","status-publish","has-post-thumbnail","hentry"],"acf":[],"yoast_head":"<!-- This site is optimized with the Yoast SEO plugin v27.4 - https:\/\/yoast.com\/product\/yoast-seo-wordpress\/ -->\n<title>NAUJA APTARNAVIMOLANDA &#8211; Siurblin\u0117s, talpyklos, septikas, \u0161uliniai, vamzd\u017eiai<\/title>\n<meta name=\"robots\" content=\"index, follow, max-snippet:-1, max-image-preview:large, max-video-preview:-1\" \/>\n<link rel=\"canonical\" href=\"https:\/\/www.iwsgroup.ee\/lt\/nauja-aptarnavimo-landa\/\" \/>\n<meta property=\"og:locale\" content=\"lt_LT\" \/>\n<meta property=\"og:type\" content=\"article\" \/>\n<meta property=\"og:title\" content=\"NAUJA APTARNAVIMOLANDA &#8211; Siurblin\u0117s, talpyklos, septikas, \u0161uliniai, vamzd\u017eiai\" \/>\n<meta property=\"og:description\" content=\"ID1500\/1600-800 MM Ekscentrin\u0117 landa PE plastikas, liejinys \u0160ilumin\u0117 izoliacija Integruotos funkcijos\" \/>\n<meta property=\"og:url\" content=\"https:\/\/www.iwsgroup.ee\/lt\/nauja-aptarnavimo-landa\/\" \/>\n<meta property=\"og:site_name\" content=\"Siurblin\u0117s, talpyklos, septikas, \u0161uliniai, vamzd\u017eiai\" \/>\n<meta property=\"article:modified_time\" content=\"2025-04-30T16:38:11+00:00\" \/>\n<meta property=\"og:image\" content=\"https:\/\/www.iwsgroup.ee\/wp-content\/uploads\/2025\/04\/Siibrikaev-ID1600-505220-680x1080.png\" \/>\n\t<meta property=\"og:image:width\" content=\"680\" \/>\n\t<meta property=\"og:image:height\" content=\"1080\" \/>\n\t<meta property=\"og:image:type\" content=\"image\/png\" \/>\n<meta name=\"twitter:card\" content=\"summary_large_image\" \/>\n<meta name=\"twitter:label1\" content=\"Est. reading time\" \/>\n\t<meta name=\"twitter:data1\" content=\"1 minut\u0117\" \/>\n<script type=\"application\/ld+json\" class=\"yoast-schema-graph\">{\"@context\":\"https:\\\/\\\/schema.org\",\"@graph\":[{\"@type\":\"WebPage\",\"@id\":\"https:\\\/\\\/www.iwsgroup.ee\\\/lt\\\/nauja-aptarnavimo-landa\\\/\",\"url\":\"https:\\\/\\\/www.iwsgroup.ee\\\/lt\\\/nauja-aptarnavimo-landa\\\/\",\"name\":\"NAUJA APTARNAVIMO LANDA &#8211; Siurblin\u0117s, talpyklos, septikas, \u0161uliniai, vamzd\u017eiai\",\"isPartOf\":{\"@id\":\"https:\\\/\\\/www.iwsgroup.ee\\\/#website\"},\"primaryImageOfPage\":{\"@id\":\"https:\\\/\\\/www.iwsgroup.ee\\\/lt\\\/nauja-aptarnavimo-landa\\\/#primaryimage\"},\"image\":{\"@id\":\"https:\\\/\\\/www.iwsgroup.ee\\\/lt\\\/nauja-aptarnavimo-landa\\\/#primaryimage\"},\"thumbnailUrl\":\"https:\\\/\\\/www.iwsgroup.ee\\\/wp-content\\\/uploads\\\/2025\\\/04\\\/Siibrikaev-ID1600-505220.png\",\"datePublished\":\"2025-04-29T16:08:22+00:00\",\"dateModified\":\"2025-04-30T16:38:11+00:00\",\"breadcrumb\":{\"@id\":\"https:\\\/\\\/www.iwsgroup.ee\\\/lt\\\/nauja-aptarnavimo-landa\\\/#breadcrumb\"},\"inLanguage\":\"lt-LT\",\"potentialAction\":[{\"@type\":\"ReadAction\",\"target\":[\"https:\\\/\\\/www.iwsgroup.ee\\\/lt\\\/nauja-aptarnavimo-landa\\\/\"]}]},{\"@type\":\"ImageObject\",\"inLanguage\":\"lt-LT\",\"@id\":\"https:\\\/\\\/www.iwsgroup.ee\\\/lt\\\/nauja-aptarnavimo-landa\\\/#primaryimage\",\"url\":\"https:\\\/\\\/www.iwsgroup.ee\\\/wp-content\\\/uploads\\\/2025\\\/04\\\/Siibrikaev-ID1600-505220.png\",\"contentUrl\":\"https:\\\/\\\/www.iwsgroup.ee\\\/wp-content\\\/uploads\\\/2025\\\/04\\\/Siibrikaev-ID1600-505220.png\",\"width\":1744,\"height\":2768},{\"@type\":\"BreadcrumbList\",\"@id\":\"https:\\\/\\\/www.iwsgroup.ee\\\/lt\\\/nauja-aptarnavimo-landa\\\/#breadcrumb\",\"itemListElement\":[{\"@type\":\"ListItem\",\"position\":1,\"name\":\"Home\",\"item\":\"https:\\\/\\\/www.iwsgroup.ee\\\/lt\\\/\"},{\"@type\":\"ListItem\",\"position\":2,\"name\":\"NAUJA APTARNAVIMOLANDA\"}]},{\"@type\":\"WebSite\",\"@id\":\"https:\\\/\\\/www.iwsgroup.ee\\\/#website\",\"url\":\"https:\\\/\\\/www.iwsgroup.ee\\\/\",\"name\":\"Siurblin\u0117s, talpyklos, septikas, \u0161uliniai, vamzd\u017eiai\",\"description\":\"Innovative Water Systems\",\"publisher\":{\"@id\":\"https:\\\/\\\/www.iwsgroup.ee\\\/#organization\"},\"potentialAction\":[{\"@type\":\"SearchAction\",\"target\":{\"@type\":\"EntryPoint\",\"urlTemplate\":\"https:\\\/\\\/www.iwsgroup.ee\\\/?s={search_term_string}\"},\"query-input\":{\"@type\":\"PropertyValueSpecification\",\"valueRequired\":true,\"valueName\":\"search_term_string\"}}],\"inLanguage\":\"lt-LT\"},{\"@type\":\"Organization\",\"@id\":\"https:\\\/\\\/www.iwsgroup.ee\\\/#organization\",\"name\":\"Innovative Water Systems\",\"url\":\"https:\\\/\\\/www.iwsgroup.ee\\\/\",\"logo\":{\"@type\":\"ImageObject\",\"inLanguage\":\"lt-LT\",\"@id\":\"https:\\\/\\\/www.iwsgroup.ee\\\/#\\\/schema\\\/logo\\\/image\\\/\",\"url\":\"https:\\\/\\\/www.iwsgroup.ee\\\/wp-content\\\/uploads\\\/2019\\\/03\\\/Innovative-Water-Systems.png\",\"contentUrl\":\"https:\\\/\\\/www.iwsgroup.ee\\\/wp-content\\\/uploads\\\/2019\\\/03\\\/Innovative-Water-Systems.png\",\"width\":1200,\"height\":628,\"caption\":\"Innovative Water Systems\"},\"image\":{\"@id\":\"https:\\\/\\\/www.iwsgroup.ee\\\/#\\\/schema\\\/logo\\\/image\\\/\"}}]}<\/script>\n<!-- \/ Yoast SEO plugin. -->","yoast_head_json":{"title":"NAUJA APTARNAVIMOLANDA &#8211; Siurblin\u0117s, talpyklos, septikas, \u0161uliniai, vamzd\u017eiai","robots":{"index":"index","follow":"follow","max-snippet":"max-snippet:-1","max-image-preview":"max-image-preview:large","max-video-preview":"max-video-preview:-1"},"canonical":"https:\/\/www.iwsgroup.ee\/lt\/nauja-aptarnavimo-landa\/","og_locale":"lt_LT","og_type":"article","og_title":"NAUJA APTARNAVIMOLANDA &#8211; Siurblin\u0117s, talpyklos, septikas, \u0161uliniai, vamzd\u017eiai","og_description":"ID1500\/1600-800 MM Ekscentrin\u0117 landa PE plastikas, liejinys \u0160ilumin\u0117 izoliacija Integruotos funkcijos","og_url":"https:\/\/www.iwsgroup.ee\/lt\/nauja-aptarnavimo-landa\/","og_site_name":"Siurblin\u0117s, talpyklos, septikas, \u0161uliniai, vamzd\u017eiai","article_modified_time":"2025-04-30T16:38:11+00:00","og_image":[{"width":680,"height":1080,"url":"https:\/\/www.iwsgroup.ee\/wp-content\/uploads\/2025\/04\/Siibrikaev-ID1600-505220-680x1080.png","type":"image\/png"}],"twitter_card":"summary_large_image","twitter_misc":{"Est. reading time":"1 minut\u0117"},"schema":{"@context":"https:\/\/schema.org","@graph":[{"@type":"WebPage","@id":"https:\/\/www.iwsgroup.ee\/lt\/nauja-aptarnavimo-landa\/","url":"https:\/\/www.iwsgroup.ee\/lt\/nauja-aptarnavimo-landa\/","name":"NAUJA APTARNAVIMO LANDA &#8211; Siurblin\u0117s, talpyklos, septikas, \u0161uliniai, vamzd\u017eiai","isPartOf":{"@id":"https:\/\/www.iwsgroup.ee\/#website"},"primaryImageOfPage":{"@id":"https:\/\/www.iwsgroup.ee\/lt\/nauja-aptarnavimo-landa\/#primaryimage"},"image":{"@id":"https:\/\/www.iwsgroup.ee\/lt\/nauja-aptarnavimo-landa\/#primaryimage"},"thumbnailUrl":"https:\/\/www.iwsgroup.ee\/wp-content\/uploads\/2025\/04\/Siibrikaev-ID1600-505220.png","datePublished":"2025-04-29T16:08:22+00:00","dateModified":"2025-04-30T16:38:11+00:00","breadcrumb":{"@id":"https:\/\/www.iwsgroup.ee\/lt\/nauja-aptarnavimo-landa\/#breadcrumb"},"inLanguage":"lt-LT","potentialAction":[{"@type":"ReadAction","target":["https:\/\/www.iwsgroup.ee\/lt\/nauja-aptarnavimo-landa\/"]}]},{"@type":"ImageObject","inLanguage":"lt-LT","@id":"https:\/\/www.iwsgroup.ee\/lt\/nauja-aptarnavimo-landa\/#primaryimage","url":"https:\/\/www.iwsgroup.ee\/wp-content\/uploads\/2025\/04\/Siibrikaev-ID1600-505220.png","contentUrl":"https:\/\/www.iwsgroup.ee\/wp-content\/uploads\/2025\/04\/Siibrikaev-ID1600-505220.png","width":1744,"height":2768},{"@type":"BreadcrumbList","@id":"https:\/\/www.iwsgroup.ee\/lt\/nauja-aptarnavimo-landa\/#breadcrumb","itemListElement":[{"@type":"ListItem","position":1,"name":"Home","item":"https:\/\/www.iwsgroup.ee\/lt\/"},{"@type":"ListItem","position":2,"name":"NAUJA APTARNAVIMOLANDA"}]},{"@type":"WebSite","@id":"https:\/\/www.iwsgroup.ee\/#website","url":"https:\/\/www.iwsgroup.ee\/","name":"Siurblin\u0117s, talpyklos, septikas, \u0161uliniai, vamzd\u017eiai","description":"Innovative Water Systems","publisher":{"@id":"https:\/\/www.iwsgroup.ee\/#organization"},"potentialAction":[{"@type":"SearchAction","target":{"@type":"EntryPoint","urlTemplate":"https:\/\/www.iwsgroup.ee\/?s={search_term_string}"},"query-input":{"@type":"PropertyValueSpecification","valueRequired":true,"valueName":"search_term_string"}}],"inLanguage":"lt-LT"},{"@type":"Organization","@id":"https:\/\/www.iwsgroup.ee\/#organization","name":"Innovative Water Systems","url":"https:\/\/www.iwsgroup.ee\/","logo":{"@type":"ImageObject","inLanguage":"lt-LT","@id":"https:\/\/www.iwsgroup.ee\/#\/schema\/logo\/image\/","url":"https:\/\/www.iwsgroup.ee\/wp-content\/uploads\/2019\/03\/Innovative-Water-Systems.png","contentUrl":"https:\/\/www.iwsgroup.ee\/wp-content\/uploads\/2019\/03\/Innovative-Water-Systems.png","width":1200,"height":628,"caption":"Innovative Water Systems"},"image":{"@id":"https:\/\/www.iwsgroup.ee\/#\/schema\/logo\/image\/"}}]}},"_links":{"self":[{"href":"https:\/\/www.iwsgroup.ee\/lt\/wp-json\/wp\/v2\/pages\/24605","targetHints":{"allow":["GET"]}}],"collection":[{"href":"https:\/\/www.iwsgroup.ee\/lt\/wp-json\/wp\/v2\/pages"}],"about":[{"href":"https:\/\/www.iwsgroup.ee\/lt\/wp-json\/wp\/v2\/types\/page"}],"author":[{"embeddable":true,"href":"https:\/\/www.iwsgroup.ee\/lt\/wp-json\/wp\/v2\/users\/2"}],"replies":[{"embeddable":true,"href":"https:\/\/www.iwsgroup.ee\/lt\/wp-json\/wp\/v2\/comments?post=24605"}],"version-history":[{"count":4,"href":"https:\/\/www.iwsgroup.ee\/lt\/wp-json\/wp\/v2\/pages\/24605\/revisions"}],"predecessor-version":[{"id":24626,"href":"https:\/\/www.iwsgroup.ee\/lt\/wp-json\/wp\/v2\/pages\/24605\/revisions\/24626"}],"wp:featuredmedia":[{"embeddable":true,"href":"https:\/\/www.iwsgroup.ee\/lt\/wp-json\/wp\/v2\/media\/24601"}],"wp:attachment":[{"href":"https:\/\/www.iwsgroup.ee\/lt\/wp-json\/wp\/v2\/media?parent=24605"}],"wp:term":[{"taxonomy":"post_tag","embeddable":true,"href":"https:\/\/www.iwsgroup.ee\/lt\/wp-json\/wp\/v2\/tags?post=24605"}],"curies":[{"name":"wp","href":"https:\/\/api.w.org\/{rel}","templated":true}]}}