{"id":20873,"date":"2023-09-06T10:06:30","date_gmt":"2023-09-06T07:06:30","guid":{"rendered":"https:\/\/www.iwsgroup.ee\/uus-betoonist-ankurduspohi\/"},"modified":"2023-09-18T14:55:06","modified_gmt":"2023-09-18T11:55:06","slug":"naujas-ankeravimo-dugnas","status":"publish","type":"page","link":"https:\/\/www.iwsgroup.ee\/lt\/naujas-ankeravimo-dugnas\/","title":{"rendered":"<span>NAUJAS<\/span> <\/br>ANKERAVIMO DUGNAS"},"content":{"rendered":"<p>Armuoto gel\u017ebetonio plok\u0161t\u0117 montuojama prie STRONG ID2000 nuotek\u0173 siurblin\u0117s dar gamyboje, o jau montavimo vietoje, tran\u0161\u0117joje, aplink apdedami papildomi trys armuoto gel\u017ebetonio blokai.<\/p>\n<p>Inkaravimo plok\u0161t\u0117s matmenys ir sutvirtinimas projektuojami atsi\u017evelgiant \u012f tai, kad tinkamai sumontuota siurblin\u0117 maksimaliai tvirtai laikyt\u0173si \u017eem\u0117je kai gruntinis vanduo lygus \u017eem\u0117s pavir\u0161iui.<\/p>\n","protected":false},"excerpt":{"rendered":"<p>Armuoto gel\u017ebetonio plok\u0161t\u0117 montuojama prie STRONG ID2000 nuotek\u0173 siurblin\u0117s dar gamyboje, o jau montavimo vietoje, tran\u0161\u0117joje, aplink apdedami papildomi trys armuoto gel\u017ebetonio blokai. Inkaravimo plok\u0161t\u0117s matmenys ir sutvirtinimas projektuojami atsi\u017evelgiant \u012f tai, kad tinkamai sumontuota siurblin\u0117 maksimaliai tvirtai laikyt\u0173si \u017eem\u0117je kai gruntinis vanduo lygus \u017eem\u0117s pavir\u0161iui.<\/p>\n","protected":false},"author":2,"featured_media":20533,"parent":0,"menu_order":0,"comment_status":"closed","ping_status":"closed","template":"template-new-generation-ps-new.php","meta":{"_acf_changed":false,"footnotes":"","_links_to":"","_links_to_target":""},"tags":[],"class_list":["post-20873","page","type-page","status-publish","has-post-thumbnail","hentry"],"acf":[],"yoast_head":"<!-- This site is optimized with the Yoast SEO plugin v27.4 - https:\/\/yoast.com\/product\/yoast-seo-wordpress\/ -->\n<title>NAUJAS ANKERAVIMO DUGNAS &#8211; Siurblin\u0117s, talpyklos, septikas, \u0161uliniai, vamzd\u017eiai<\/title>\n<meta name=\"robots\" content=\"index, follow, max-snippet:-1, max-image-preview:large, max-video-preview:-1\" \/>\n<link rel=\"canonical\" href=\"https:\/\/www.iwsgroup.ee\/uus-betoonist-ankurduspohi\/\" \/>\n<meta property=\"og:locale\" content=\"lt_LT\" \/>\n<meta property=\"og:type\" content=\"article\" \/>\n<meta property=\"og:title\" content=\"NAUJAS ANKERAVIMO DUGNAS &#8211; Siurblin\u0117s, talpyklos, septikas, \u0161uliniai, vamzd\u017eiai\" \/>\n<meta property=\"og:description\" content=\"Armuoto gel\u017ebetonio plok\u0161t\u0117 montuojama prie STRONG ID2000 nuotek\u0173 siurblin\u0117s dar gamyboje, o jau montavimo vietoje, tran\u0161\u0117joje, aplink apdedami papildomi trys armuoto gel\u017ebetonio blokai. Inkaravimo plok\u0161t\u0117s matmenys ir sutvirtinimas projektuojami atsi\u017evelgiant \u012f tai, kad tinkamai sumontuota siurblin\u0117 maksimaliai tvirtai laikyt\u0173si \u017eem\u0117je kai gruntinis vanduo lygus \u017eem\u0117s pavir\u0161iui.\" \/>\n<meta property=\"og:url\" content=\"https:\/\/www.iwsgroup.ee\/uus-betoonist-ankurduspohi\/\" \/>\n<meta property=\"og:site_name\" content=\"Siurblin\u0117s, talpyklos, septikas, \u0161uliniai, vamzd\u017eiai\" \/>\n<meta property=\"article:modified_time\" content=\"2023-09-18T11:55:06+00:00\" \/>\n<meta property=\"og:image\" content=\"https:\/\/www.iwsgroup.ee\/wp-content\/uploads\/2023\/09\/IWS-STRONG-pumping-station.png\" \/>\n\t<meta property=\"og:image:width\" content=\"336\" \/>\n\t<meta property=\"og:image:height\" content=\"833\" \/>\n\t<meta property=\"og:image:type\" content=\"image\/png\" \/>\n<meta name=\"twitter:card\" content=\"summary_large_image\" \/>\n<script type=\"application\/ld+json\" class=\"yoast-schema-graph\">{\"@context\":\"https:\\\/\\\/schema.org\",\"@graph\":[{\"@type\":\"WebPage\",\"@id\":\"https:\\\/\\\/www.iwsgroup.ee\\\/uus-betoonist-ankurduspohi\\\/\",\"url\":\"https:\\\/\\\/www.iwsgroup.ee\\\/uus-betoonist-ankurduspohi\\\/\",\"name\":\"NAUJAS ANKERAVIMO DUGNAS &#8211; Siurblin\u0117s, talpyklos, septikas, \u0161uliniai, vamzd\u017eiai\",\"isPartOf\":{\"@id\":\"https:\\\/\\\/www.iwsgroup.ee\\\/#website\"},\"primaryImageOfPage\":{\"@id\":\"https:\\\/\\\/www.iwsgroup.ee\\\/uus-betoonist-ankurduspohi\\\/#primaryimage\"},\"image\":{\"@id\":\"https:\\\/\\\/www.iwsgroup.ee\\\/uus-betoonist-ankurduspohi\\\/#primaryimage\"},\"thumbnailUrl\":\"https:\\\/\\\/www.iwsgroup.ee\\\/wp-content\\\/uploads\\\/2023\\\/09\\\/IWS-STRONG-pumping-station.png\",\"datePublished\":\"2023-09-06T07:06:30+00:00\",\"dateModified\":\"2023-09-18T11:55:06+00:00\",\"breadcrumb\":{\"@id\":\"https:\\\/\\\/www.iwsgroup.ee\\\/uus-betoonist-ankurduspohi\\\/#breadcrumb\"},\"inLanguage\":\"lt-LT\",\"potentialAction\":[{\"@type\":\"ReadAction\",\"target\":[\"https:\\\/\\\/www.iwsgroup.ee\\\/uus-betoonist-ankurduspohi\\\/\"]}]},{\"@type\":\"ImageObject\",\"inLanguage\":\"lt-LT\",\"@id\":\"https:\\\/\\\/www.iwsgroup.ee\\\/uus-betoonist-ankurduspohi\\\/#primaryimage\",\"url\":\"https:\\\/\\\/www.iwsgroup.ee\\\/wp-content\\\/uploads\\\/2023\\\/09\\\/IWS-STRONG-pumping-station.png\",\"contentUrl\":\"https:\\\/\\\/www.iwsgroup.ee\\\/wp-content\\\/uploads\\\/2023\\\/09\\\/IWS-STRONG-pumping-station.png\",\"width\":336,\"height\":833,\"caption\":\"ID2000 IWS STRONG nuotek\u0173 siurblin\u0117\"},{\"@type\":\"BreadcrumbList\",\"@id\":\"https:\\\/\\\/www.iwsgroup.ee\\\/uus-betoonist-ankurduspohi\\\/#breadcrumb\",\"itemListElement\":[{\"@type\":\"ListItem\",\"position\":1,\"name\":\"Home\",\"item\":\"https:\\\/\\\/www.iwsgroup.ee\\\/lt\\\/\"},{\"@type\":\"ListItem\",\"position\":2,\"name\":\"NAUJAS ANKERAVIMO DUGNAS\"}]},{\"@type\":\"WebSite\",\"@id\":\"https:\\\/\\\/www.iwsgroup.ee\\\/#website\",\"url\":\"https:\\\/\\\/www.iwsgroup.ee\\\/\",\"name\":\"Siurblin\u0117s, talpyklos, septikas, \u0161uliniai, vamzd\u017eiai\",\"description\":\"Innovative Water Systems\",\"publisher\":{\"@id\":\"https:\\\/\\\/www.iwsgroup.ee\\\/#organization\"},\"potentialAction\":[{\"@type\":\"SearchAction\",\"target\":{\"@type\":\"EntryPoint\",\"urlTemplate\":\"https:\\\/\\\/www.iwsgroup.ee\\\/?s={search_term_string}\"},\"query-input\":{\"@type\":\"PropertyValueSpecification\",\"valueRequired\":true,\"valueName\":\"search_term_string\"}}],\"inLanguage\":\"lt-LT\"},{\"@type\":\"Organization\",\"@id\":\"https:\\\/\\\/www.iwsgroup.ee\\\/#organization\",\"name\":\"Innovative Water Systems\",\"url\":\"https:\\\/\\\/www.iwsgroup.ee\\\/\",\"logo\":{\"@type\":\"ImageObject\",\"inLanguage\":\"lt-LT\",\"@id\":\"https:\\\/\\\/www.iwsgroup.ee\\\/#\\\/schema\\\/logo\\\/image\\\/\",\"url\":\"https:\\\/\\\/www.iwsgroup.ee\\\/wp-content\\\/uploads\\\/2019\\\/03\\\/Innovative-Water-Systems.png\",\"contentUrl\":\"https:\\\/\\\/www.iwsgroup.ee\\\/wp-content\\\/uploads\\\/2019\\\/03\\\/Innovative-Water-Systems.png\",\"width\":1200,\"height\":628,\"caption\":\"Innovative Water Systems\"},\"image\":{\"@id\":\"https:\\\/\\\/www.iwsgroup.ee\\\/#\\\/schema\\\/logo\\\/image\\\/\"}}]}<\/script>\n<!-- \/ Yoast SEO plugin. -->","yoast_head_json":{"title":"NAUJAS ANKERAVIMO DUGNAS &#8211; Siurblin\u0117s, talpyklos, septikas, \u0161uliniai, vamzd\u017eiai","robots":{"index":"index","follow":"follow","max-snippet":"max-snippet:-1","max-image-preview":"max-image-preview:large","max-video-preview":"max-video-preview:-1"},"canonical":"https:\/\/www.iwsgroup.ee\/uus-betoonist-ankurduspohi\/","og_locale":"lt_LT","og_type":"article","og_title":"NAUJAS ANKERAVIMO DUGNAS &#8211; Siurblin\u0117s, talpyklos, septikas, \u0161uliniai, vamzd\u017eiai","og_description":"Armuoto gel\u017ebetonio plok\u0161t\u0117 montuojama prie STRONG ID2000 nuotek\u0173 siurblin\u0117s dar gamyboje, o jau montavimo vietoje, tran\u0161\u0117joje, aplink apdedami papildomi trys armuoto gel\u017ebetonio blokai. Inkaravimo plok\u0161t\u0117s matmenys ir sutvirtinimas projektuojami atsi\u017evelgiant \u012f tai, kad tinkamai sumontuota siurblin\u0117 maksimaliai tvirtai laikyt\u0173si \u017eem\u0117je kai gruntinis vanduo lygus \u017eem\u0117s pavir\u0161iui.","og_url":"https:\/\/www.iwsgroup.ee\/uus-betoonist-ankurduspohi\/","og_site_name":"Siurblin\u0117s, talpyklos, septikas, \u0161uliniai, vamzd\u017eiai","article_modified_time":"2023-09-18T11:55:06+00:00","og_image":[{"width":336,"height":833,"url":"https:\/\/www.iwsgroup.ee\/wp-content\/uploads\/2023\/09\/IWS-STRONG-pumping-station.png","type":"image\/png"}],"twitter_card":"summary_large_image","schema":{"@context":"https:\/\/schema.org","@graph":[{"@type":"WebPage","@id":"https:\/\/www.iwsgroup.ee\/uus-betoonist-ankurduspohi\/","url":"https:\/\/www.iwsgroup.ee\/uus-betoonist-ankurduspohi\/","name":"NAUJAS ANKERAVIMO DUGNAS &#8211; Siurblin\u0117s, talpyklos, septikas, \u0161uliniai, vamzd\u017eiai","isPartOf":{"@id":"https:\/\/www.iwsgroup.ee\/#website"},"primaryImageOfPage":{"@id":"https:\/\/www.iwsgroup.ee\/uus-betoonist-ankurduspohi\/#primaryimage"},"image":{"@id":"https:\/\/www.iwsgroup.ee\/uus-betoonist-ankurduspohi\/#primaryimage"},"thumbnailUrl":"https:\/\/www.iwsgroup.ee\/wp-content\/uploads\/2023\/09\/IWS-STRONG-pumping-station.png","datePublished":"2023-09-06T07:06:30+00:00","dateModified":"2023-09-18T11:55:06+00:00","breadcrumb":{"@id":"https:\/\/www.iwsgroup.ee\/uus-betoonist-ankurduspohi\/#breadcrumb"},"inLanguage":"lt-LT","potentialAction":[{"@type":"ReadAction","target":["https:\/\/www.iwsgroup.ee\/uus-betoonist-ankurduspohi\/"]}]},{"@type":"ImageObject","inLanguage":"lt-LT","@id":"https:\/\/www.iwsgroup.ee\/uus-betoonist-ankurduspohi\/#primaryimage","url":"https:\/\/www.iwsgroup.ee\/wp-content\/uploads\/2023\/09\/IWS-STRONG-pumping-station.png","contentUrl":"https:\/\/www.iwsgroup.ee\/wp-content\/uploads\/2023\/09\/IWS-STRONG-pumping-station.png","width":336,"height":833,"caption":"ID2000 IWS STRONG nuotek\u0173 siurblin\u0117"},{"@type":"BreadcrumbList","@id":"https:\/\/www.iwsgroup.ee\/uus-betoonist-ankurduspohi\/#breadcrumb","itemListElement":[{"@type":"ListItem","position":1,"name":"Home","item":"https:\/\/www.iwsgroup.ee\/lt\/"},{"@type":"ListItem","position":2,"name":"NAUJAS ANKERAVIMO DUGNAS"}]},{"@type":"WebSite","@id":"https:\/\/www.iwsgroup.ee\/#website","url":"https:\/\/www.iwsgroup.ee\/","name":"Siurblin\u0117s, talpyklos, septikas, \u0161uliniai, vamzd\u017eiai","description":"Innovative Water Systems","publisher":{"@id":"https:\/\/www.iwsgroup.ee\/#organization"},"potentialAction":[{"@type":"SearchAction","target":{"@type":"EntryPoint","urlTemplate":"https:\/\/www.iwsgroup.ee\/?s={search_term_string}"},"query-input":{"@type":"PropertyValueSpecification","valueRequired":true,"valueName":"search_term_string"}}],"inLanguage":"lt-LT"},{"@type":"Organization","@id":"https:\/\/www.iwsgroup.ee\/#organization","name":"Innovative Water Systems","url":"https:\/\/www.iwsgroup.ee\/","logo":{"@type":"ImageObject","inLanguage":"lt-LT","@id":"https:\/\/www.iwsgroup.ee\/#\/schema\/logo\/image\/","url":"https:\/\/www.iwsgroup.ee\/wp-content\/uploads\/2019\/03\/Innovative-Water-Systems.png","contentUrl":"https:\/\/www.iwsgroup.ee\/wp-content\/uploads\/2019\/03\/Innovative-Water-Systems.png","width":1200,"height":628,"caption":"Innovative Water Systems"},"image":{"@id":"https:\/\/www.iwsgroup.ee\/#\/schema\/logo\/image\/"}}]}},"_links":{"self":[{"href":"https:\/\/www.iwsgroup.ee\/lt\/wp-json\/wp\/v2\/pages\/20873","targetHints":{"allow":["GET"]}}],"collection":[{"href":"https:\/\/www.iwsgroup.ee\/lt\/wp-json\/wp\/v2\/pages"}],"about":[{"href":"https:\/\/www.iwsgroup.ee\/lt\/wp-json\/wp\/v2\/types\/page"}],"author":[{"embeddable":true,"href":"https:\/\/www.iwsgroup.ee\/lt\/wp-json\/wp\/v2\/users\/2"}],"replies":[{"embeddable":true,"href":"https:\/\/www.iwsgroup.ee\/lt\/wp-json\/wp\/v2\/comments?post=20873"}],"version-history":[{"count":9,"href":"https:\/\/www.iwsgroup.ee\/lt\/wp-json\/wp\/v2\/pages\/20873\/revisions"}],"predecessor-version":[{"id":20884,"href":"https:\/\/www.iwsgroup.ee\/lt\/wp-json\/wp\/v2\/pages\/20873\/revisions\/20884"}],"wp:featuredmedia":[{"embeddable":true,"href":"https:\/\/www.iwsgroup.ee\/lt\/wp-json\/wp\/v2\/media\/20533"}],"wp:attachment":[{"href":"https:\/\/www.iwsgroup.ee\/lt\/wp-json\/wp\/v2\/media?parent=20873"}],"wp:term":[{"taxonomy":"post_tag","embeddable":true,"href":"https:\/\/www.iwsgroup.ee\/lt\/wp-json\/wp\/v2\/tags?post=20873"}],"curies":[{"name":"wp","href":"https:\/\/api.w.org\/{rel}","templated":true}]}}