{"id":13272,"date":"2022-02-15T18:07:50","date_gmt":"2022-02-15T16:07:50","guid":{"rendered":"https:\/\/www.iwsgroup.ee\/?page_id=13272"},"modified":"2022-05-12T16:46:39","modified_gmt":"2022-05-12T13:46:39","slug":"apsilankykite-pas-mus-ifat-mugeje-miunchene-2022-m","status":"publish","type":"page","link":"https:\/\/www.iwsgroup.ee\/lt\/apsilankykite-pas-mus-ifat-mugeje-miunchene-2022-m\/","title":{"rendered":"NUO 2022 M. GEGU\u017d\u0116S 30 D. IKI BIR\u017dELIO 3 D. APLANKYKITE MUS IFAT PARODOJE, MIUNCHENE"},"content":{"rendered":"<h5>Kas TAV\u0118S laukia IFAT<\/h5>\n<p>IFAT yra pasaulyje pirmaujanti vandens, nuotek\u0173, atliek\u0173 ir \u017ealiav\u0173 tvarkymo paroda, kuri pateikia atsakymus \u012f ateities i\u0161\u0161\u016bkius ir \u0161iandienos bei rytojaus pramon\u0117s problemas ir veikia kaip vis\u0173 pramon\u0117s dalyvi\u0173 centras.<\/p>\n<h5>Kas TAV\u0118S laukia IWS STENDE<\/h5>\n<p>Naujos kartos, kompakti\u0161kos STRONG nuotek\u0173 siurblin\u0117s, kuri\u0173 skersmuo svyruoja nuo ID1200mm iki ID2400mm. Maloniai laukiame J\u016bs\u0173 m\u016bs\u0173 stende.<\/p>\n","protected":false},"excerpt":{"rendered":"<p>Kas TAV\u0118S laukia IFAT IFAT yra pasaulyje pirmaujanti vandens, nuotek\u0173, atliek\u0173 ir \u017ealiav\u0173 tvarkymo paroda, kuri pateikia atsakymus \u012f ateities i\u0161\u0161\u016bkius ir \u0161iandienos bei rytojaus pramon\u0117s problemas ir veikia kaip vis\u0173 pramon\u0117s dalyvi\u0173 centras. Kas TAV\u0118S laukia IWS STENDE Naujos kartos, kompakti\u0161kos STRONG nuotek\u0173 siurblin\u0117s, kuri\u0173 skersmuo svyruoja nuo ID1200mm iki ID2400mm. Maloniai laukiame J\u016bs\u0173 [&hellip;]<\/p>\n","protected":false},"author":3,"featured_media":13265,"parent":0,"menu_order":0,"comment_status":"closed","ping_status":"closed","template":"template-landing.php","meta":{"_acf_changed":false,"footnotes":"","_links_to":"","_links_to_target":""},"tags":[774],"acf":[],"yoast_head":"<!-- This site is optimized with the Yoast SEO plugin v22.8 - https:\/\/yoast.com\/wordpress\/plugins\/seo\/ -->\n<title>NUO 2022 M. GEGU\u017d\u0116S 30 D. IKI BIR\u017dELIO 3 D. APLANKYKITE MUS IFAT PARODOJE, MIUNCHENE &#8211; Siurblin\u0117s, talpyklos, septikas, \u0161uliniai, vamzd\u017eiai<\/title>\n<meta name=\"robots\" content=\"index, follow, max-snippet:-1, max-image-preview:large, max-video-preview:-1\" \/>\n<link rel=\"canonical\" href=\"https:\/\/www.iwsgroup.ee\/ifat-mess-munchen-2022\/\" \/>\n<meta property=\"og:locale\" content=\"lt_LT\" \/>\n<meta property=\"og:type\" content=\"article\" \/>\n<meta property=\"og:title\" content=\"NUO 2022 M. GEGU\u017d\u0116S 30 D. IKI BIR\u017dELIO 3 D. APLANKYKITE MUS IFAT PARODOJE, MIUNCHENE &#8211; Siurblin\u0117s, talpyklos, septikas, \u0161uliniai, vamzd\u017eiai\" \/>\n<meta property=\"og:description\" content=\"Kas TAV\u0118S laukia IFAT IFAT yra pasaulyje pirmaujanti vandens, nuotek\u0173, atliek\u0173 ir \u017ealiav\u0173 tvarkymo paroda, kuri pateikia atsakymus \u012f ateities i\u0161\u0161\u016bkius ir \u0161iandienos bei rytojaus pramon\u0117s problemas ir veikia kaip vis\u0173 pramon\u0117s dalyvi\u0173 centras. Kas TAV\u0118S laukia IWS STENDE Naujos kartos, kompakti\u0161kos STRONG nuotek\u0173 siurblin\u0117s, kuri\u0173 skersmuo svyruoja nuo ID1200mm iki ID2400mm. Maloniai laukiame J\u016bs\u0173 [&hellip;]\" \/>\n<meta property=\"og:url\" content=\"https:\/\/www.iwsgroup.ee\/ifat-mess-munchen-2022\/\" \/>\n<meta property=\"og:site_name\" content=\"Siurblin\u0117s, talpyklos, septikas, \u0161uliniai, vamzd\u017eiai\" \/>\n<meta property=\"article:modified_time\" content=\"2022-05-12T13:46:39+00:00\" \/>\n<meta property=\"og:image\" content=\"https:\/\/www.iwsgroup.ee\/wp-content\/uploads\/2022\/02\/IFAT_logo_web.png\" \/>\n\t<meta property=\"og:image:width\" content=\"264\" \/>\n\t<meta property=\"og:image:height\" content=\"104\" \/>\n\t<meta property=\"og:image:type\" content=\"image\/png\" \/>\n<meta name=\"twitter:card\" content=\"summary_large_image\" \/>\n<script type=\"application\/ld+json\" class=\"yoast-schema-graph\">{\"@context\":\"https:\/\/schema.org\",\"@graph\":[{\"@type\":\"WebPage\",\"@id\":\"https:\/\/www.iwsgroup.ee\/ifat-mess-munchen-2022\/\",\"url\":\"https:\/\/www.iwsgroup.ee\/ifat-mess-munchen-2022\/\",\"name\":\"NUO 2022 M. GEGU\u017d\u0116S 30 D. IKI BIR\u017dELIO 3 D. APLANKYKITE MUS IFAT PARODOJE, MIUNCHENE &#8211; Siurblin\u0117s, talpyklos, septikas, \u0161uliniai, vamzd\u017eiai\",\"isPartOf\":{\"@id\":\"https:\/\/www.iwsgroup.ee\/#website\"},\"primaryImageOfPage\":{\"@id\":\"https:\/\/www.iwsgroup.ee\/ifat-mess-munchen-2022\/#primaryimage\"},\"image\":{\"@id\":\"https:\/\/www.iwsgroup.ee\/ifat-mess-munchen-2022\/#primaryimage\"},\"thumbnailUrl\":\"https:\/\/www.iwsgroup.ee\/wp-content\/uploads\/2022\/02\/IFAT_logo_web.png\",\"datePublished\":\"2022-02-15T16:07:50+00:00\",\"dateModified\":\"2022-05-12T13:46:39+00:00\",\"breadcrumb\":{\"@id\":\"https:\/\/www.iwsgroup.ee\/ifat-mess-munchen-2022\/#breadcrumb\"},\"inLanguage\":\"lt-LT\",\"potentialAction\":[{\"@type\":\"ReadAction\",\"target\":[\"https:\/\/www.iwsgroup.ee\/ifat-mess-munchen-2022\/\"]}]},{\"@type\":\"ImageObject\",\"inLanguage\":\"lt-LT\",\"@id\":\"https:\/\/www.iwsgroup.ee\/ifat-mess-munchen-2022\/#primaryimage\",\"url\":\"https:\/\/www.iwsgroup.ee\/wp-content\/uploads\/2022\/02\/IFAT_logo_web.png\",\"contentUrl\":\"https:\/\/www.iwsgroup.ee\/wp-content\/uploads\/2022\/02\/IFAT_logo_web.png\",\"width\":264,\"height\":104,\"caption\":\"IWS Group\"},{\"@type\":\"BreadcrumbList\",\"@id\":\"https:\/\/www.iwsgroup.ee\/ifat-mess-munchen-2022\/#breadcrumb\",\"itemListElement\":[{\"@type\":\"ListItem\",\"position\":1,\"name\":\"Home\",\"item\":\"https:\/\/www.iwsgroup.ee\/lt\/\"},{\"@type\":\"ListItem\",\"position\":2,\"name\":\"NUO 2022 M. GEGU\u017d\u0116S 30 D. IKI BIR\u017dELIO 3 D. APLANKYKITE MUS IFAT PARODOJE, MIUNCHENE\"}]},{\"@type\":\"WebSite\",\"@id\":\"https:\/\/www.iwsgroup.ee\/#website\",\"url\":\"https:\/\/www.iwsgroup.ee\/\",\"name\":\"Siurblin\u0117s, talpyklos, septikas, \u0161uliniai, vamzd\u017eiai\",\"description\":\"Innovative Water Systems\",\"publisher\":{\"@id\":\"https:\/\/www.iwsgroup.ee\/#organization\"},\"potentialAction\":[{\"@type\":\"SearchAction\",\"target\":{\"@type\":\"EntryPoint\",\"urlTemplate\":\"https:\/\/www.iwsgroup.ee\/?s={search_term_string}\"},\"query-input\":\"required name=search_term_string\"}],\"inLanguage\":\"lt-LT\"},{\"@type\":\"Organization\",\"@id\":\"https:\/\/www.iwsgroup.ee\/#organization\",\"name\":\"Innovative Water Systems\",\"url\":\"https:\/\/www.iwsgroup.ee\/\",\"logo\":{\"@type\":\"ImageObject\",\"inLanguage\":\"lt-LT\",\"@id\":\"https:\/\/www.iwsgroup.ee\/#\/schema\/logo\/image\/\",\"url\":\"https:\/\/www.iwsgroup.ee\/wp-content\/uploads\/2019\/03\/Innovative-Water-Systems.png\",\"contentUrl\":\"https:\/\/www.iwsgroup.ee\/wp-content\/uploads\/2019\/03\/Innovative-Water-Systems.png\",\"width\":1200,\"height\":628,\"caption\":\"Innovative Water Systems\"},\"image\":{\"@id\":\"https:\/\/www.iwsgroup.ee\/#\/schema\/logo\/image\/\"}}]}<\/script>\n<!-- \/ Yoast SEO plugin. -->","yoast_head_json":{"title":"NUO 2022 M. GEGU\u017d\u0116S 30 D. IKI BIR\u017dELIO 3 D. APLANKYKITE MUS IFAT PARODOJE, MIUNCHENE &#8211; Siurblin\u0117s, talpyklos, septikas, \u0161uliniai, vamzd\u017eiai","robots":{"index":"index","follow":"follow","max-snippet":"max-snippet:-1","max-image-preview":"max-image-preview:large","max-video-preview":"max-video-preview:-1"},"canonical":"https:\/\/www.iwsgroup.ee\/ifat-mess-munchen-2022\/","og_locale":"lt_LT","og_type":"article","og_title":"NUO 2022 M. GEGU\u017d\u0116S 30 D. IKI BIR\u017dELIO 3 D. APLANKYKITE MUS IFAT PARODOJE, MIUNCHENE &#8211; Siurblin\u0117s, talpyklos, septikas, \u0161uliniai, vamzd\u017eiai","og_description":"Kas TAV\u0118S laukia IFAT IFAT yra pasaulyje pirmaujanti vandens, nuotek\u0173, atliek\u0173 ir \u017ealiav\u0173 tvarkymo paroda, kuri pateikia atsakymus \u012f ateities i\u0161\u0161\u016bkius ir \u0161iandienos bei rytojaus pramon\u0117s problemas ir veikia kaip vis\u0173 pramon\u0117s dalyvi\u0173 centras. Kas TAV\u0118S laukia IWS STENDE Naujos kartos, kompakti\u0161kos STRONG nuotek\u0173 siurblin\u0117s, kuri\u0173 skersmuo svyruoja nuo ID1200mm iki ID2400mm. Maloniai laukiame J\u016bs\u0173 [&hellip;]","og_url":"https:\/\/www.iwsgroup.ee\/ifat-mess-munchen-2022\/","og_site_name":"Siurblin\u0117s, talpyklos, septikas, \u0161uliniai, vamzd\u017eiai","article_modified_time":"2022-05-12T13:46:39+00:00","og_image":[{"width":264,"height":104,"url":"https:\/\/www.iwsgroup.ee\/wp-content\/uploads\/2022\/02\/IFAT_logo_web.png","type":"image\/png"}],"twitter_card":"summary_large_image","schema":{"@context":"https:\/\/schema.org","@graph":[{"@type":"WebPage","@id":"https:\/\/www.iwsgroup.ee\/ifat-mess-munchen-2022\/","url":"https:\/\/www.iwsgroup.ee\/ifat-mess-munchen-2022\/","name":"NUO 2022 M. GEGU\u017d\u0116S 30 D. IKI BIR\u017dELIO 3 D. APLANKYKITE MUS IFAT PARODOJE, MIUNCHENE &#8211; Siurblin\u0117s, talpyklos, septikas, \u0161uliniai, vamzd\u017eiai","isPartOf":{"@id":"https:\/\/www.iwsgroup.ee\/#website"},"primaryImageOfPage":{"@id":"https:\/\/www.iwsgroup.ee\/ifat-mess-munchen-2022\/#primaryimage"},"image":{"@id":"https:\/\/www.iwsgroup.ee\/ifat-mess-munchen-2022\/#primaryimage"},"thumbnailUrl":"https:\/\/www.iwsgroup.ee\/wp-content\/uploads\/2022\/02\/IFAT_logo_web.png","datePublished":"2022-02-15T16:07:50+00:00","dateModified":"2022-05-12T13:46:39+00:00","breadcrumb":{"@id":"https:\/\/www.iwsgroup.ee\/ifat-mess-munchen-2022\/#breadcrumb"},"inLanguage":"lt-LT","potentialAction":[{"@type":"ReadAction","target":["https:\/\/www.iwsgroup.ee\/ifat-mess-munchen-2022\/"]}]},{"@type":"ImageObject","inLanguage":"lt-LT","@id":"https:\/\/www.iwsgroup.ee\/ifat-mess-munchen-2022\/#primaryimage","url":"https:\/\/www.iwsgroup.ee\/wp-content\/uploads\/2022\/02\/IFAT_logo_web.png","contentUrl":"https:\/\/www.iwsgroup.ee\/wp-content\/uploads\/2022\/02\/IFAT_logo_web.png","width":264,"height":104,"caption":"IWS Group"},{"@type":"BreadcrumbList","@id":"https:\/\/www.iwsgroup.ee\/ifat-mess-munchen-2022\/#breadcrumb","itemListElement":[{"@type":"ListItem","position":1,"name":"Home","item":"https:\/\/www.iwsgroup.ee\/lt\/"},{"@type":"ListItem","position":2,"name":"NUO 2022 M. GEGU\u017d\u0116S 30 D. IKI BIR\u017dELIO 3 D. APLANKYKITE MUS IFAT PARODOJE, MIUNCHENE"}]},{"@type":"WebSite","@id":"https:\/\/www.iwsgroup.ee\/#website","url":"https:\/\/www.iwsgroup.ee\/","name":"Siurblin\u0117s, talpyklos, septikas, \u0161uliniai, vamzd\u017eiai","description":"Innovative Water Systems","publisher":{"@id":"https:\/\/www.iwsgroup.ee\/#organization"},"potentialAction":[{"@type":"SearchAction","target":{"@type":"EntryPoint","urlTemplate":"https:\/\/www.iwsgroup.ee\/?s={search_term_string}"},"query-input":"required name=search_term_string"}],"inLanguage":"lt-LT"},{"@type":"Organization","@id":"https:\/\/www.iwsgroup.ee\/#organization","name":"Innovative Water Systems","url":"https:\/\/www.iwsgroup.ee\/","logo":{"@type":"ImageObject","inLanguage":"lt-LT","@id":"https:\/\/www.iwsgroup.ee\/#\/schema\/logo\/image\/","url":"https:\/\/www.iwsgroup.ee\/wp-content\/uploads\/2019\/03\/Innovative-Water-Systems.png","contentUrl":"https:\/\/www.iwsgroup.ee\/wp-content\/uploads\/2019\/03\/Innovative-Water-Systems.png","width":1200,"height":628,"caption":"Innovative Water Systems"},"image":{"@id":"https:\/\/www.iwsgroup.ee\/#\/schema\/logo\/image\/"}}]}},"_links":{"self":[{"href":"https:\/\/www.iwsgroup.ee\/lt\/wp-json\/wp\/v2\/pages\/13272"}],"collection":[{"href":"https:\/\/www.iwsgroup.ee\/lt\/wp-json\/wp\/v2\/pages"}],"about":[{"href":"https:\/\/www.iwsgroup.ee\/lt\/wp-json\/wp\/v2\/types\/page"}],"author":[{"embeddable":true,"href":"https:\/\/www.iwsgroup.ee\/lt\/wp-json\/wp\/v2\/users\/3"}],"replies":[{"embeddable":true,"href":"https:\/\/www.iwsgroup.ee\/lt\/wp-json\/wp\/v2\/comments?post=13272"}],"version-history":[{"count":16,"href":"https:\/\/www.iwsgroup.ee\/lt\/wp-json\/wp\/v2\/pages\/13272\/revisions"}],"predecessor-version":[{"id":15111,"href":"https:\/\/www.iwsgroup.ee\/lt\/wp-json\/wp\/v2\/pages\/13272\/revisions\/15111"}],"wp:featuredmedia":[{"embeddable":true,"href":"https:\/\/www.iwsgroup.ee\/lt\/wp-json\/wp\/v2\/media\/13265"}],"wp:attachment":[{"href":"https:\/\/www.iwsgroup.ee\/lt\/wp-json\/wp\/v2\/media?parent=13272"}],"wp:term":[{"taxonomy":"post_tag","embeddable":true,"href":"https:\/\/www.iwsgroup.ee\/lt\/wp-json\/wp\/v2\/tags?post=13272"}],"curies":[{"name":"wp","href":"https:\/\/api.w.org\/{rel}","templated":true}]}}