{"id":12811,"date":"2021-06-01T16:06:49","date_gmt":"2021-06-01T13:06:49","guid":{"rendered":"https:\/\/www.iwsgroup.ee\/iws-ja-ksb-uhisseminar-28-11-2021\/"},"modified":"2021-12-03T08:41:06","modified_gmt":"2021-12-03T06:41:06","slug":"innovative-water-systems-prespa-guradis-seminaras-2021-12-01","status":"publish","type":"page","link":"https:\/\/www.iwsgroup.ee\/lt\/innovative-water-systems-prespa-guradis-seminaras-2021-12-01\/","title":{"rendered":"IWS STRONG SIURBLINI\u0172 IR FLYGT SIURBLI\u0172 SEMINARAS, 2021 12 01"},"content":{"rendered":"<p>Jungtinis Innovative Water Systems O\u00dc (IWS), UAB Prespa ir UAB Guradis seminaras STRONG SIURBLIN\u0116S IR FLYGT SIURBLIAI, 2021 m. gruod\u017eio m\u0117n. 1 d., nuo 9.00 val. iki 16.00 val., \u017dalgirio Arena, Karaliaus Mindaugo pr. 50, Kaunas, Bosca amfiteatras.<\/p>\n","protected":false},"excerpt":{"rendered":"<p>Jungtinis Innovative Water Systems O\u00dc (IWS), UAB Prespa ir UAB Guradis seminaras STRONG SIURBLIN\u0116S IR FLYGT SIURBLIAI, 2021 m. gruod\u017eio m\u0117n. 1 d., nuo 9.00 val. iki 16.00 val., \u017dalgirio Arena, Karaliaus Mindaugo pr. 50, Kaunas, Bosca amfiteatras.<\/p>\n","protected":false},"author":1,"featured_media":12808,"parent":0,"menu_order":0,"comment_status":"closed","ping_status":"closed","template":"template-seminars.php","meta":{"_acf_changed":false,"footnotes":"","_links_to":"","_links_to_target":""},"tags":[],"class_list":["post-12811","page","type-page","status-publish","has-post-thumbnail","hentry"],"acf":[],"yoast_head":"<!-- This site is optimized with the Yoast SEO plugin v27.4 - https:\/\/yoast.com\/product\/yoast-seo-wordpress\/ -->\n<title>IWS STRONG SIURBLINI\u0172 IR FLYGT SIURBLI\u0172 SEMINARAS, 2021 12 01 &#8211; Siurblin\u0117s, talpyklos, septikas, \u0161uliniai, vamzd\u017eiai<\/title>\n<meta name=\"robots\" content=\"index, follow, max-snippet:-1, max-image-preview:large, max-video-preview:-1\" \/>\n<link rel=\"canonical\" href=\"https:\/\/www.iwsgroup.ee\/lt\/innovative-water-systems-prespa-guradis-seminaras-2021-12-01\/\" \/>\n<meta property=\"og:locale\" content=\"lt_LT\" \/>\n<meta property=\"og:type\" content=\"article\" \/>\n<meta property=\"og:title\" content=\"IWS STRONG SIURBLINI\u0172 IR FLYGT SIURBLI\u0172 SEMINARAS, 2021 12 01 &#8211; Siurblin\u0117s, talpyklos, septikas, \u0161uliniai, vamzd\u017eiai\" \/>\n<meta property=\"og:description\" content=\"Jungtinis Innovative Water Systems O\u00dc (IWS), UAB Prespa ir UAB Guradis seminaras STRONG SIURBLIN\u0116S IR FLYGT SIURBLIAI, 2021 m. gruod\u017eio m\u0117n. 1 d., nuo 9.00 val. iki 16.00 val., \u017dalgirio Arena, Karaliaus Mindaugo pr. 50, Kaunas, Bosca amfiteatras.\" \/>\n<meta property=\"og:url\" content=\"https:\/\/www.iwsgroup.ee\/lt\/innovative-water-systems-prespa-guradis-seminaras-2021-12-01\/\" \/>\n<meta property=\"og:site_name\" content=\"Siurblin\u0117s, talpyklos, septikas, \u0161uliniai, vamzd\u017eiai\" \/>\n<meta property=\"article:modified_time\" content=\"2021-12-03T06:41:06+00:00\" \/>\n<meta property=\"og:image\" content=\"https:\/\/www.iwsgroup.ee\/wp-content\/uploads\/2021\/10\/IWS-ja-KSB-uhisseminar.jpg\" \/>\n\t<meta property=\"og:image:width\" content=\"1920\" \/>\n\t<meta property=\"og:image:height\" content=\"1080\" \/>\n\t<meta property=\"og:image:type\" content=\"image\/jpeg\" \/>\n<meta name=\"twitter:card\" content=\"summary_large_image\" \/>\n<script type=\"application\/ld+json\" class=\"yoast-schema-graph\">{\"@context\":\"https:\\\/\\\/schema.org\",\"@graph\":[{\"@type\":\"WebPage\",\"@id\":\"https:\\\/\\\/www.iwsgroup.ee\\\/lt\\\/innovative-water-systems-prespa-guradis-seminaras-2021-12-01\\\/\",\"url\":\"https:\\\/\\\/www.iwsgroup.ee\\\/lt\\\/innovative-water-systems-prespa-guradis-seminaras-2021-12-01\\\/\",\"name\":\"IWS STRONG SIURBLINI\u0172 IR FLYGT SIURBLI\u0172 SEMINARAS, 2021 12 01 &#8211; Siurblin\u0117s, talpyklos, septikas, \u0161uliniai, vamzd\u017eiai\",\"isPartOf\":{\"@id\":\"https:\\\/\\\/www.iwsgroup.ee\\\/#website\"},\"primaryImageOfPage\":{\"@id\":\"https:\\\/\\\/www.iwsgroup.ee\\\/lt\\\/innovative-water-systems-prespa-guradis-seminaras-2021-12-01\\\/#primaryimage\"},\"image\":{\"@id\":\"https:\\\/\\\/www.iwsgroup.ee\\\/lt\\\/innovative-water-systems-prespa-guradis-seminaras-2021-12-01\\\/#primaryimage\"},\"thumbnailUrl\":\"https:\\\/\\\/www.iwsgroup.ee\\\/wp-content\\\/uploads\\\/2021\\\/10\\\/IWS-ja-KSB-uhisseminar.jpg\",\"datePublished\":\"2021-06-01T13:06:49+00:00\",\"dateModified\":\"2021-12-03T06:41:06+00:00\",\"breadcrumb\":{\"@id\":\"https:\\\/\\\/www.iwsgroup.ee\\\/lt\\\/innovative-water-systems-prespa-guradis-seminaras-2021-12-01\\\/#breadcrumb\"},\"inLanguage\":\"lt-LT\",\"potentialAction\":[{\"@type\":\"ReadAction\",\"target\":[\"https:\\\/\\\/www.iwsgroup.ee\\\/lt\\\/innovative-water-systems-prespa-guradis-seminaras-2021-12-01\\\/\"]}]},{\"@type\":\"ImageObject\",\"inLanguage\":\"lt-LT\",\"@id\":\"https:\\\/\\\/www.iwsgroup.ee\\\/lt\\\/innovative-water-systems-prespa-guradis-seminaras-2021-12-01\\\/#primaryimage\",\"url\":\"https:\\\/\\\/www.iwsgroup.ee\\\/wp-content\\\/uploads\\\/2021\\\/10\\\/IWS-ja-KSB-uhisseminar.jpg\",\"contentUrl\":\"https:\\\/\\\/www.iwsgroup.ee\\\/wp-content\\\/uploads\\\/2021\\\/10\\\/IWS-ja-KSB-uhisseminar.jpg\",\"width\":1920,\"height\":1080},{\"@type\":\"BreadcrumbList\",\"@id\":\"https:\\\/\\\/www.iwsgroup.ee\\\/lt\\\/innovative-water-systems-prespa-guradis-seminaras-2021-12-01\\\/#breadcrumb\",\"itemListElement\":[{\"@type\":\"ListItem\",\"position\":1,\"name\":\"Home\",\"item\":\"https:\\\/\\\/www.iwsgroup.ee\\\/lt\\\/\"},{\"@type\":\"ListItem\",\"position\":2,\"name\":\"IWS STRONG SIURBLINI\u0172 IR FLYGT SIURBLI\u0172 SEMINARAS, 2021 12 01\"}]},{\"@type\":\"WebSite\",\"@id\":\"https:\\\/\\\/www.iwsgroup.ee\\\/#website\",\"url\":\"https:\\\/\\\/www.iwsgroup.ee\\\/\",\"name\":\"Siurblin\u0117s, talpyklos, septikas, \u0161uliniai, vamzd\u017eiai\",\"description\":\"Innovative Water Systems\",\"publisher\":{\"@id\":\"https:\\\/\\\/www.iwsgroup.ee\\\/#organization\"},\"potentialAction\":[{\"@type\":\"SearchAction\",\"target\":{\"@type\":\"EntryPoint\",\"urlTemplate\":\"https:\\\/\\\/www.iwsgroup.ee\\\/?s={search_term_string}\"},\"query-input\":{\"@type\":\"PropertyValueSpecification\",\"valueRequired\":true,\"valueName\":\"search_term_string\"}}],\"inLanguage\":\"lt-LT\"},{\"@type\":\"Organization\",\"@id\":\"https:\\\/\\\/www.iwsgroup.ee\\\/#organization\",\"name\":\"Innovative Water Systems\",\"url\":\"https:\\\/\\\/www.iwsgroup.ee\\\/\",\"logo\":{\"@type\":\"ImageObject\",\"inLanguage\":\"lt-LT\",\"@id\":\"https:\\\/\\\/www.iwsgroup.ee\\\/#\\\/schema\\\/logo\\\/image\\\/\",\"url\":\"https:\\\/\\\/www.iwsgroup.ee\\\/wp-content\\\/uploads\\\/2019\\\/03\\\/Innovative-Water-Systems.png\",\"contentUrl\":\"https:\\\/\\\/www.iwsgroup.ee\\\/wp-content\\\/uploads\\\/2019\\\/03\\\/Innovative-Water-Systems.png\",\"width\":1200,\"height\":628,\"caption\":\"Innovative Water Systems\"},\"image\":{\"@id\":\"https:\\\/\\\/www.iwsgroup.ee\\\/#\\\/schema\\\/logo\\\/image\\\/\"}}]}<\/script>\n<!-- \/ Yoast SEO plugin. -->","yoast_head_json":{"title":"IWS STRONG SIURBLINI\u0172 IR FLYGT SIURBLI\u0172 SEMINARAS, 2021 12 01 &#8211; Siurblin\u0117s, talpyklos, septikas, \u0161uliniai, vamzd\u017eiai","robots":{"index":"index","follow":"follow","max-snippet":"max-snippet:-1","max-image-preview":"max-image-preview:large","max-video-preview":"max-video-preview:-1"},"canonical":"https:\/\/www.iwsgroup.ee\/lt\/innovative-water-systems-prespa-guradis-seminaras-2021-12-01\/","og_locale":"lt_LT","og_type":"article","og_title":"IWS STRONG SIURBLINI\u0172 IR FLYGT SIURBLI\u0172 SEMINARAS, 2021 12 01 &#8211; Siurblin\u0117s, talpyklos, septikas, \u0161uliniai, vamzd\u017eiai","og_description":"Jungtinis Innovative Water Systems O\u00dc (IWS), UAB Prespa ir UAB Guradis seminaras STRONG SIURBLIN\u0116S IR FLYGT SIURBLIAI, 2021 m. gruod\u017eio m\u0117n. 1 d., nuo 9.00 val. iki 16.00 val., \u017dalgirio Arena, Karaliaus Mindaugo pr. 50, Kaunas, Bosca amfiteatras.","og_url":"https:\/\/www.iwsgroup.ee\/lt\/innovative-water-systems-prespa-guradis-seminaras-2021-12-01\/","og_site_name":"Siurblin\u0117s, talpyklos, septikas, \u0161uliniai, vamzd\u017eiai","article_modified_time":"2021-12-03T06:41:06+00:00","og_image":[{"width":1920,"height":1080,"url":"https:\/\/www.iwsgroup.ee\/wp-content\/uploads\/2021\/10\/IWS-ja-KSB-uhisseminar.jpg","type":"image\/jpeg"}],"twitter_card":"summary_large_image","schema":{"@context":"https:\/\/schema.org","@graph":[{"@type":"WebPage","@id":"https:\/\/www.iwsgroup.ee\/lt\/innovative-water-systems-prespa-guradis-seminaras-2021-12-01\/","url":"https:\/\/www.iwsgroup.ee\/lt\/innovative-water-systems-prespa-guradis-seminaras-2021-12-01\/","name":"IWS STRONG SIURBLINI\u0172 IR FLYGT SIURBLI\u0172 SEMINARAS, 2021 12 01 &#8211; Siurblin\u0117s, talpyklos, septikas, \u0161uliniai, vamzd\u017eiai","isPartOf":{"@id":"https:\/\/www.iwsgroup.ee\/#website"},"primaryImageOfPage":{"@id":"https:\/\/www.iwsgroup.ee\/lt\/innovative-water-systems-prespa-guradis-seminaras-2021-12-01\/#primaryimage"},"image":{"@id":"https:\/\/www.iwsgroup.ee\/lt\/innovative-water-systems-prespa-guradis-seminaras-2021-12-01\/#primaryimage"},"thumbnailUrl":"https:\/\/www.iwsgroup.ee\/wp-content\/uploads\/2021\/10\/IWS-ja-KSB-uhisseminar.jpg","datePublished":"2021-06-01T13:06:49+00:00","dateModified":"2021-12-03T06:41:06+00:00","breadcrumb":{"@id":"https:\/\/www.iwsgroup.ee\/lt\/innovative-water-systems-prespa-guradis-seminaras-2021-12-01\/#breadcrumb"},"inLanguage":"lt-LT","potentialAction":[{"@type":"ReadAction","target":["https:\/\/www.iwsgroup.ee\/lt\/innovative-water-systems-prespa-guradis-seminaras-2021-12-01\/"]}]},{"@type":"ImageObject","inLanguage":"lt-LT","@id":"https:\/\/www.iwsgroup.ee\/lt\/innovative-water-systems-prespa-guradis-seminaras-2021-12-01\/#primaryimage","url":"https:\/\/www.iwsgroup.ee\/wp-content\/uploads\/2021\/10\/IWS-ja-KSB-uhisseminar.jpg","contentUrl":"https:\/\/www.iwsgroup.ee\/wp-content\/uploads\/2021\/10\/IWS-ja-KSB-uhisseminar.jpg","width":1920,"height":1080},{"@type":"BreadcrumbList","@id":"https:\/\/www.iwsgroup.ee\/lt\/innovative-water-systems-prespa-guradis-seminaras-2021-12-01\/#breadcrumb","itemListElement":[{"@type":"ListItem","position":1,"name":"Home","item":"https:\/\/www.iwsgroup.ee\/lt\/"},{"@type":"ListItem","position":2,"name":"IWS STRONG SIURBLINI\u0172 IR FLYGT SIURBLI\u0172 SEMINARAS, 2021 12 01"}]},{"@type":"WebSite","@id":"https:\/\/www.iwsgroup.ee\/#website","url":"https:\/\/www.iwsgroup.ee\/","name":"Siurblin\u0117s, talpyklos, septikas, \u0161uliniai, vamzd\u017eiai","description":"Innovative Water Systems","publisher":{"@id":"https:\/\/www.iwsgroup.ee\/#organization"},"potentialAction":[{"@type":"SearchAction","target":{"@type":"EntryPoint","urlTemplate":"https:\/\/www.iwsgroup.ee\/?s={search_term_string}"},"query-input":{"@type":"PropertyValueSpecification","valueRequired":true,"valueName":"search_term_string"}}],"inLanguage":"lt-LT"},{"@type":"Organization","@id":"https:\/\/www.iwsgroup.ee\/#organization","name":"Innovative Water Systems","url":"https:\/\/www.iwsgroup.ee\/","logo":{"@type":"ImageObject","inLanguage":"lt-LT","@id":"https:\/\/www.iwsgroup.ee\/#\/schema\/logo\/image\/","url":"https:\/\/www.iwsgroup.ee\/wp-content\/uploads\/2019\/03\/Innovative-Water-Systems.png","contentUrl":"https:\/\/www.iwsgroup.ee\/wp-content\/uploads\/2019\/03\/Innovative-Water-Systems.png","width":1200,"height":628,"caption":"Innovative Water Systems"},"image":{"@id":"https:\/\/www.iwsgroup.ee\/#\/schema\/logo\/image\/"}}]}},"_links":{"self":[{"href":"https:\/\/www.iwsgroup.ee\/lt\/wp-json\/wp\/v2\/pages\/12811","targetHints":{"allow":["GET"]}}],"collection":[{"href":"https:\/\/www.iwsgroup.ee\/lt\/wp-json\/wp\/v2\/pages"}],"about":[{"href":"https:\/\/www.iwsgroup.ee\/lt\/wp-json\/wp\/v2\/types\/page"}],"author":[{"embeddable":true,"href":"https:\/\/www.iwsgroup.ee\/lt\/wp-json\/wp\/v2\/users\/1"}],"replies":[{"embeddable":true,"href":"https:\/\/www.iwsgroup.ee\/lt\/wp-json\/wp\/v2\/comments?post=12811"}],"version-history":[{"count":27,"href":"https:\/\/www.iwsgroup.ee\/lt\/wp-json\/wp\/v2\/pages\/12811\/revisions"}],"predecessor-version":[{"id":12859,"href":"https:\/\/www.iwsgroup.ee\/lt\/wp-json\/wp\/v2\/pages\/12811\/revisions\/12859"}],"wp:featuredmedia":[{"embeddable":true,"href":"https:\/\/www.iwsgroup.ee\/lt\/wp-json\/wp\/v2\/media\/12808"}],"wp:attachment":[{"href":"https:\/\/www.iwsgroup.ee\/lt\/wp-json\/wp\/v2\/media?parent=12811"}],"wp:term":[{"taxonomy":"post_tag","embeddable":true,"href":"https:\/\/www.iwsgroup.ee\/lt\/wp-json\/wp\/v2\/tags?post=12811"}],"curies":[{"name":"wp","href":"https:\/\/api.w.org\/{rel}","templated":true}]}}