{"id":20871,"date":"2023-09-06T10:06:30","date_gmt":"2023-09-06T07:06:30","guid":{"rendered":"https:\/\/www.iwsgroup.ee\/uus-betoonist-ankurduspohi\/"},"modified":"2023-09-18T13:41:04","modified_gmt":"2023-09-18T10:41:04","slug":"uus-betoonist-ankurduspohi","status":"publish","type":"page","link":"https:\/\/www.iwsgroup.ee\/de\/uus-betoonist-ankurduspohi\/","title":{"rendered":"<span>UUS<\/span> BETOONIST ANKURDUSP\u00d5HI"},"content":{"rendered":"<p>STRONG pumplatele l\u00e4bim\u00f5\u00f5duga ID2000 mm on juba tootmises lisatud raudbetoonist ankurdusplaat, millele tuleb kaevikus lisada kolm raudbetoonist ankurdusdetaili.<\/p>\n<p>Ankurdusplaadi ja ankurdusdetailide m\u00f5\u00f5dud ning armeering on projekteeritud arvestusega, et pumpla p\u00fcsib korrektse paigalduse korral kindlalt pinnases ka maksimaalse v\u00f5imaliku pinnasevee taseme korral.<\/p>\n","protected":false},"excerpt":{"rendered":"<p>STRONG pumplatele l\u00e4bim\u00f5\u00f5duga ID2000 mm on juba tootmises lisatud raudbetoonist ankurdusplaat, millele tuleb kaevikus lisada kolm raudbetoonist ankurdusdetaili. Ankurdusplaadi ja ankurdusdetailide m\u00f5\u00f5dud ning armeering on projekteeritud arvestusega, et pumpla p\u00fcsib korrektse paigalduse korral kindlalt pinnases ka maksimaalse v\u00f5imaliku pinnasevee taseme korral.<\/p>\n","protected":false},"author":2,"featured_media":20531,"parent":0,"menu_order":0,"comment_status":"closed","ping_status":"closed","template":"template-new-generation-ps-new.php","meta":{"_acf_changed":false,"footnotes":"","_links_to":"","_links_to_target":""},"tags":[],"class_list":["post-20871","page","type-page","status-publish","has-post-thumbnail","hentry"],"acf":[],"yoast_head":"<!-- This site is optimized with the Yoast SEO plugin v27.4 - https:\/\/yoast.com\/product\/yoast-seo-wordpress\/ -->\n<title>UUS BETOONIST ANKURDUSP\u00d5HI &#8211; Innovative Water Systems<\/title>\n<meta name=\"robots\" content=\"index, follow, max-snippet:-1, max-image-preview:large, max-video-preview:-1\" \/>\n<link rel=\"canonical\" href=\"https:\/\/www.iwsgroup.ee\/uus-betoonist-ankurduspohi\/\" \/>\n<meta property=\"og:locale\" content=\"de_DE\" \/>\n<meta property=\"og:type\" content=\"article\" \/>\n<meta property=\"og:title\" content=\"UUS BETOONIST ANKURDUSP\u00d5HI &#8211; Innovative Water Systems\" \/>\n<meta property=\"og:description\" content=\"STRONG pumplatele l\u00e4bim\u00f5\u00f5duga ID2000 mm on juba tootmises lisatud raudbetoonist ankurdusplaat, millele tuleb kaevikus lisada kolm raudbetoonist ankurdusdetaili. Ankurdusplaadi ja ankurdusdetailide m\u00f5\u00f5dud ning armeering on projekteeritud arvestusega, et pumpla p\u00fcsib korrektse paigalduse korral kindlalt pinnases ka maksimaalse v\u00f5imaliku pinnasevee taseme korral.\" \/>\n<meta property=\"og:url\" content=\"https:\/\/www.iwsgroup.ee\/uus-betoonist-ankurduspohi\/\" \/>\n<meta property=\"og:site_name\" content=\"Innovative Water Systems\" \/>\n<meta property=\"article:modified_time\" content=\"2023-09-18T10:41:04+00:00\" \/>\n<meta property=\"og:image\" content=\"https:\/\/www.iwsgroup.ee\/wp-content\/uploads\/2023\/09\/IWS-STRONG-pumping-station.png\" \/>\n\t<meta property=\"og:image:width\" content=\"336\" \/>\n\t<meta property=\"og:image:height\" content=\"833\" \/>\n\t<meta property=\"og:image:type\" content=\"image\/png\" \/>\n<meta name=\"twitter:card\" content=\"summary_large_image\" \/>\n<script type=\"application\/ld+json\" class=\"yoast-schema-graph\">{\"@context\":\"https:\\\/\\\/schema.org\",\"@graph\":[{\"@type\":\"WebPage\",\"@id\":\"https:\\\/\\\/www.iwsgroup.ee\\\/uus-betoonist-ankurduspohi\\\/\",\"url\":\"https:\\\/\\\/www.iwsgroup.ee\\\/uus-betoonist-ankurduspohi\\\/\",\"name\":\"UUS BETOONIST ANKURDUSP\u00d5HI &#8211; Innovative Water Systems\",\"isPartOf\":{\"@id\":\"https:\\\/\\\/www.iwsgroup.ee\\\/#website\"},\"primaryImageOfPage\":{\"@id\":\"https:\\\/\\\/www.iwsgroup.ee\\\/uus-betoonist-ankurduspohi\\\/#primaryimage\"},\"image\":{\"@id\":\"https:\\\/\\\/www.iwsgroup.ee\\\/uus-betoonist-ankurduspohi\\\/#primaryimage\"},\"thumbnailUrl\":\"https:\\\/\\\/www.iwsgroup.ee\\\/wp-content\\\/uploads\\\/2023\\\/09\\\/IWS-STRONG-pumping-station.png\",\"datePublished\":\"2023-09-06T07:06:30+00:00\",\"dateModified\":\"2023-09-18T10:41:04+00:00\",\"breadcrumb\":{\"@id\":\"https:\\\/\\\/www.iwsgroup.ee\\\/uus-betoonist-ankurduspohi\\\/#breadcrumb\"},\"inLanguage\":\"de\",\"potentialAction\":[{\"@type\":\"ReadAction\",\"target\":[\"https:\\\/\\\/www.iwsgroup.ee\\\/uus-betoonist-ankurduspohi\\\/\"]}]},{\"@type\":\"ImageObject\",\"inLanguage\":\"de\",\"@id\":\"https:\\\/\\\/www.iwsgroup.ee\\\/uus-betoonist-ankurduspohi\\\/#primaryimage\",\"url\":\"https:\\\/\\\/www.iwsgroup.ee\\\/wp-content\\\/uploads\\\/2023\\\/09\\\/IWS-STRONG-pumping-station.png\",\"contentUrl\":\"https:\\\/\\\/www.iwsgroup.ee\\\/wp-content\\\/uploads\\\/2023\\\/09\\\/IWS-STRONG-pumping-station.png\",\"width\":336,\"height\":833,\"caption\":\"ID2000 IWS STRONG nuotek\u0173 siurblin\u0117\"},{\"@type\":\"BreadcrumbList\",\"@id\":\"https:\\\/\\\/www.iwsgroup.ee\\\/uus-betoonist-ankurduspohi\\\/#breadcrumb\",\"itemListElement\":[{\"@type\":\"ListItem\",\"position\":1,\"name\":\"Home\",\"item\":\"https:\\\/\\\/www.iwsgroup.ee\\\/de\\\/\"},{\"@type\":\"ListItem\",\"position\":2,\"name\":\"UUS BETOONIST ANKURDUSP\u00d5HI\"}]},{\"@type\":\"WebSite\",\"@id\":\"https:\\\/\\\/www.iwsgroup.ee\\\/#website\",\"url\":\"https:\\\/\\\/www.iwsgroup.ee\\\/\",\"name\":\"Innovative Water Systems\",\"description\":\"IWS\",\"publisher\":{\"@id\":\"https:\\\/\\\/www.iwsgroup.ee\\\/#organization\"},\"potentialAction\":[{\"@type\":\"SearchAction\",\"target\":{\"@type\":\"EntryPoint\",\"urlTemplate\":\"https:\\\/\\\/www.iwsgroup.ee\\\/?s={search_term_string}\"},\"query-input\":{\"@type\":\"PropertyValueSpecification\",\"valueRequired\":true,\"valueName\":\"search_term_string\"}}],\"inLanguage\":\"de\"},{\"@type\":\"Organization\",\"@id\":\"https:\\\/\\\/www.iwsgroup.ee\\\/#organization\",\"name\":\"Innovative Water Systems\",\"url\":\"https:\\\/\\\/www.iwsgroup.ee\\\/\",\"logo\":{\"@type\":\"ImageObject\",\"inLanguage\":\"de\",\"@id\":\"https:\\\/\\\/www.iwsgroup.ee\\\/#\\\/schema\\\/logo\\\/image\\\/\",\"url\":\"https:\\\/\\\/www.iwsgroup.ee\\\/wp-content\\\/uploads\\\/2019\\\/03\\\/Innovative-Water-Systems.png\",\"contentUrl\":\"https:\\\/\\\/www.iwsgroup.ee\\\/wp-content\\\/uploads\\\/2019\\\/03\\\/Innovative-Water-Systems.png\",\"width\":1200,\"height\":628,\"caption\":\"Innovative Water Systems\"},\"image\":{\"@id\":\"https:\\\/\\\/www.iwsgroup.ee\\\/#\\\/schema\\\/logo\\\/image\\\/\"}}]}<\/script>\n<!-- \/ Yoast SEO plugin. -->","yoast_head_json":{"title":"UUS BETOONIST ANKURDUSP\u00d5HI &#8211; Innovative Water Systems","robots":{"index":"index","follow":"follow","max-snippet":"max-snippet:-1","max-image-preview":"max-image-preview:large","max-video-preview":"max-video-preview:-1"},"canonical":"https:\/\/www.iwsgroup.ee\/uus-betoonist-ankurduspohi\/","og_locale":"de_DE","og_type":"article","og_title":"UUS BETOONIST ANKURDUSP\u00d5HI &#8211; Innovative Water Systems","og_description":"STRONG pumplatele l\u00e4bim\u00f5\u00f5duga ID2000 mm on juba tootmises lisatud raudbetoonist ankurdusplaat, millele tuleb kaevikus lisada kolm raudbetoonist ankurdusdetaili. Ankurdusplaadi ja ankurdusdetailide m\u00f5\u00f5dud ning armeering on projekteeritud arvestusega, et pumpla p\u00fcsib korrektse paigalduse korral kindlalt pinnases ka maksimaalse v\u00f5imaliku pinnasevee taseme korral.","og_url":"https:\/\/www.iwsgroup.ee\/uus-betoonist-ankurduspohi\/","og_site_name":"Innovative Water Systems","article_modified_time":"2023-09-18T10:41:04+00:00","og_image":[{"width":336,"height":833,"url":"https:\/\/www.iwsgroup.ee\/wp-content\/uploads\/2023\/09\/IWS-STRONG-pumping-station.png","type":"image\/png"}],"twitter_card":"summary_large_image","schema":{"@context":"https:\/\/schema.org","@graph":[{"@type":"WebPage","@id":"https:\/\/www.iwsgroup.ee\/uus-betoonist-ankurduspohi\/","url":"https:\/\/www.iwsgroup.ee\/uus-betoonist-ankurduspohi\/","name":"UUS BETOONIST ANKURDUSP\u00d5HI &#8211; Innovative Water Systems","isPartOf":{"@id":"https:\/\/www.iwsgroup.ee\/#website"},"primaryImageOfPage":{"@id":"https:\/\/www.iwsgroup.ee\/uus-betoonist-ankurduspohi\/#primaryimage"},"image":{"@id":"https:\/\/www.iwsgroup.ee\/uus-betoonist-ankurduspohi\/#primaryimage"},"thumbnailUrl":"https:\/\/www.iwsgroup.ee\/wp-content\/uploads\/2023\/09\/IWS-STRONG-pumping-station.png","datePublished":"2023-09-06T07:06:30+00:00","dateModified":"2023-09-18T10:41:04+00:00","breadcrumb":{"@id":"https:\/\/www.iwsgroup.ee\/uus-betoonist-ankurduspohi\/#breadcrumb"},"inLanguage":"de","potentialAction":[{"@type":"ReadAction","target":["https:\/\/www.iwsgroup.ee\/uus-betoonist-ankurduspohi\/"]}]},{"@type":"ImageObject","inLanguage":"de","@id":"https:\/\/www.iwsgroup.ee\/uus-betoonist-ankurduspohi\/#primaryimage","url":"https:\/\/www.iwsgroup.ee\/wp-content\/uploads\/2023\/09\/IWS-STRONG-pumping-station.png","contentUrl":"https:\/\/www.iwsgroup.ee\/wp-content\/uploads\/2023\/09\/IWS-STRONG-pumping-station.png","width":336,"height":833,"caption":"ID2000 IWS STRONG nuotek\u0173 siurblin\u0117"},{"@type":"BreadcrumbList","@id":"https:\/\/www.iwsgroup.ee\/uus-betoonist-ankurduspohi\/#breadcrumb","itemListElement":[{"@type":"ListItem","position":1,"name":"Home","item":"https:\/\/www.iwsgroup.ee\/de\/"},{"@type":"ListItem","position":2,"name":"UUS BETOONIST ANKURDUSP\u00d5HI"}]},{"@type":"WebSite","@id":"https:\/\/www.iwsgroup.ee\/#website","url":"https:\/\/www.iwsgroup.ee\/","name":"Innovative Water Systems","description":"IWS","publisher":{"@id":"https:\/\/www.iwsgroup.ee\/#organization"},"potentialAction":[{"@type":"SearchAction","target":{"@type":"EntryPoint","urlTemplate":"https:\/\/www.iwsgroup.ee\/?s={search_term_string}"},"query-input":{"@type":"PropertyValueSpecification","valueRequired":true,"valueName":"search_term_string"}}],"inLanguage":"de"},{"@type":"Organization","@id":"https:\/\/www.iwsgroup.ee\/#organization","name":"Innovative Water Systems","url":"https:\/\/www.iwsgroup.ee\/","logo":{"@type":"ImageObject","inLanguage":"de","@id":"https:\/\/www.iwsgroup.ee\/#\/schema\/logo\/image\/","url":"https:\/\/www.iwsgroup.ee\/wp-content\/uploads\/2019\/03\/Innovative-Water-Systems.png","contentUrl":"https:\/\/www.iwsgroup.ee\/wp-content\/uploads\/2019\/03\/Innovative-Water-Systems.png","width":1200,"height":628,"caption":"Innovative Water Systems"},"image":{"@id":"https:\/\/www.iwsgroup.ee\/#\/schema\/logo\/image\/"}}]}},"_links":{"self":[{"href":"https:\/\/www.iwsgroup.ee\/de\/wp-json\/wp\/v2\/pages\/20871","targetHints":{"allow":["GET"]}}],"collection":[{"href":"https:\/\/www.iwsgroup.ee\/de\/wp-json\/wp\/v2\/pages"}],"about":[{"href":"https:\/\/www.iwsgroup.ee\/de\/wp-json\/wp\/v2\/types\/page"}],"author":[{"embeddable":true,"href":"https:\/\/www.iwsgroup.ee\/de\/wp-json\/wp\/v2\/users\/2"}],"replies":[{"embeddable":true,"href":"https:\/\/www.iwsgroup.ee\/de\/wp-json\/wp\/v2\/comments?post=20871"}],"version-history":[{"count":1,"href":"https:\/\/www.iwsgroup.ee\/de\/wp-json\/wp\/v2\/pages\/20871\/revisions"}],"predecessor-version":[{"id":20872,"href":"https:\/\/www.iwsgroup.ee\/de\/wp-json\/wp\/v2\/pages\/20871\/revisions\/20872"}],"wp:featuredmedia":[{"embeddable":true,"href":"https:\/\/www.iwsgroup.ee\/de\/wp-json\/wp\/v2\/media\/20531"}],"wp:attachment":[{"href":"https:\/\/www.iwsgroup.ee\/de\/wp-json\/wp\/v2\/media?parent=20871"}],"wp:term":[{"taxonomy":"post_tag","embeddable":true,"href":"https:\/\/www.iwsgroup.ee\/de\/wp-json\/wp\/v2\/tags?post=20871"}],"curies":[{"name":"wp","href":"https:\/\/api.w.org\/{rel}","templated":true}]}}